{"id":6680,"date":"2025-12-15T13:02:13","date_gmt":"2025-12-15T18:02:13","guid":{"rendered":"https:\/\/dcobys.com\/services\/uncategorized\/green-hydrogen-germany-2\/"},"modified":"2026-01-30T21:36:01","modified_gmt":"2026-01-31T02:36:01","slug":"green-hydrogen-germany-2","status":"publish","type":"product","link":"https:\/\/dcobys.com\/es\/services\/misiones-comerciales\/energia-y-transicion-verde\/hidrogeno-verde\/green-hydrogen-germany-2\/","title":{"rendered":"Hidr\u00f3geno verde &#8211; Alemania"},"content":{"rendered":"<p>La Misi\u00f3n Comercial en Alemania destacada en hidr\u00f3geno verde permite conocer uno de los ecosistemas m\u00e1s avanzados de Europa en tecnolog\u00edas H2, con \u00e9nfasis en producci\u00f3n, almacenamiento y transporte. Hamburgo y sus puertos energ\u00e9ticos concentran iniciativas de transici\u00f3n que impulsan cadenas de valor basadas en hidr\u00f3geno limpio. La misi\u00f3n facilita visitas a clusters industriales, centros de innovaci\u00f3n y empresas l\u00edderes que operan en movilidad pesada, energ\u00eda y aplicaciones industriales. Adem\u00e1s, ofrece espacios para explorar est\u00e1ndares europeos, pilotos de hidr\u00f3geno verde y soluciones para integraci\u00f3n en redes. Los participantes acceden a contenido t\u00e9cnico, casos de uso y oportunidades de colaboraci\u00f3n con actores p\u00fablicos y privados. Fuentes: Hydrogen Europe Forums; World Hydrogen Summit (Rotterdam\/Hamburgo, organizadores: Sustainable Energy Council &#038; Hydrogen Europe).<\/p>\n","protected":false},"excerpt":{"rendered":"<p>La Misi\u00f3n Comercial en Alemania destacada en hidr\u00f3geno verde permite conocer uno de los ecosistemas m\u00e1s avanzados de Europa en tecnolog\u00edas H2, con \u00e9nfasis en producci\u00f3n, almacenamiento y transporte. Hamburgo y sus puertos energ\u00e9ticos concentran iniciativas de transici\u00f3n que impulsan cadenas de valor basadas en hidr\u00f3geno limpio. La misi\u00f3n facilita visitas a clusters industriales, centros [&hellip;]<\/p>\n","protected":false},"featured_media":8713,"template":"","meta":{"_acf_changed":false},"country":[934],"product_brand":[],"product_cat":[983,986,893],"product_tag":[924],"class_list":{"0":"post-6680","1":"product","2":"type-product","3":"status-publish","4":"has-post-thumbnail","6":"country-alemania","7":"product_cat-energia-y-transicion-verde","8":"product_cat-hidrogeno-verde","9":"product_cat-misiones-comerciales","10":"product_tag-misiones-comerciales","12":"first","13":"instock","14":"virtual","15":"product-type-simple"},"acf":[],"_links":{"self":[{"href":"https:\/\/dcobys.com\/es\/wp-json\/wp\/v2\/product\/6680","targetHints":{"allow":["GET"]}}],"collection":[{"href":"https:\/\/dcobys.com\/es\/wp-json\/wp\/v2\/product"}],"about":[{"href":"https:\/\/dcobys.com\/es\/wp-json\/wp\/v2\/types\/product"}],"version-history":[{"count":0,"href":"https:\/\/dcobys.com\/es\/wp-json\/wp\/v2\/product\/6680\/revisions"}],"wp:featuredmedia":[{"embeddable":true,"href":"https:\/\/dcobys.com\/es\/wp-json\/wp\/v2\/media\/8713"}],"wp:attachment":[{"href":"https:\/\/dcobys.com\/es\/wp-json\/wp\/v2\/media?parent=6680"}],"wp:term":[{"taxonomy":"country","embeddable":true,"href":"https:\/\/dcobys.com\/es\/wp-json\/wp\/v2\/country?post=6680"},{"taxonomy":"product_brand","embeddable":true,"href":"https:\/\/dcobys.com\/es\/wp-json\/wp\/v2\/product_brand?post=6680"},{"taxonomy":"product_cat","embeddable":true,"href":"https:\/\/dcobys.com\/es\/wp-json\/wp\/v2\/product_cat?post=6680"},{"taxonomy":"product_tag","embeddable":true,"href":"https:\/\/dcobys.com\/es\/wp-json\/wp\/v2\/product_tag?post=6680"}],"curies":[{"name":"wp","href":"https:\/\/api.w.org\/{rel}","templated":true}]}}