{"id":6678,"date":"2025-12-15T13:02:13","date_gmt":"2025-12-15T18:02:13","guid":{"rendered":"https:\/\/dcobys.com\/services\/uncategorized\/electric-mobility-mexico-2\/"},"modified":"2026-01-30T21:36:01","modified_gmt":"2026-01-31T02:36:01","slug":"electric-mobility-mexico-2","status":"publish","type":"product","link":"https:\/\/dcobys.com\/es\/services\/misiones-comerciales\/energia-y-transicion-verde\/movilidad-electrica\/electric-mobility-mexico-2\/","title":{"rendered":"Movilidad el\u00e9ctrica &#8211; M\u00e9xico"},"content":{"rendered":"<p>La Misi\u00f3n Comercial en M\u00e9xico destacada en Movilidad el\u00e9ctrica se centra en Monterrey, un polo industrial clave para la manufactura automotriz y la transici\u00f3n hacia veh\u00edculos el\u00e9ctricos. La misi\u00f3n permite explorar plantas, proveedores Tier 1 y Tier 2, centros de innovaci\u00f3n y desarrollos en movilidad inteligente. Monterrey impulsa proyectos de carga r\u00e1pida, integraci\u00f3n energ\u00e9tica y modernizaci\u00f3n del transporte privado y de carga. Las empresas participantes podr\u00e1n identificar oportunidades en autopartes, bater\u00edas, movilidad log\u00edstica y electrificaci\u00f3n industrial. Adem\u00e1s, se analizan pol\u00edticas nacionales, corredores industriales el\u00e9ctricos y casos de implementaci\u00f3n en flotas corporativas. Fuentes: Expo Transporte \/ Auto shows with EV tracks.<\/p>\n","protected":false},"excerpt":{"rendered":"<p>La Misi\u00f3n Comercial en M\u00e9xico destacada en Movilidad el\u00e9ctrica se centra en Monterrey, un polo industrial clave para la manufactura automotriz y la transici\u00f3n hacia veh\u00edculos el\u00e9ctricos. La misi\u00f3n permite explorar plantas, proveedores Tier 1 y Tier 2, centros de innovaci\u00f3n y desarrollos en movilidad inteligente. Monterrey impulsa proyectos de carga r\u00e1pida, integraci\u00f3n energ\u00e9tica y [&hellip;]<\/p>\n","protected":false},"featured_media":8692,"template":"","meta":{"_acf_changed":false},"country":[941],"product_brand":[],"product_cat":[983,893,985],"product_tag":[924],"class_list":{"0":"post-6678","1":"product","2":"type-product","3":"status-publish","4":"has-post-thumbnail","6":"country-mexico","7":"product_cat-energia-y-transicion-verde","8":"product_cat-misiones-comerciales","9":"product_cat-movilidad-electrica","10":"product_tag-misiones-comerciales","12":"first","13":"instock","14":"virtual","15":"product-type-simple"},"acf":[],"_links":{"self":[{"href":"https:\/\/dcobys.com\/es\/wp-json\/wp\/v2\/product\/6678","targetHints":{"allow":["GET"]}}],"collection":[{"href":"https:\/\/dcobys.com\/es\/wp-json\/wp\/v2\/product"}],"about":[{"href":"https:\/\/dcobys.com\/es\/wp-json\/wp\/v2\/types\/product"}],"version-history":[{"count":0,"href":"https:\/\/dcobys.com\/es\/wp-json\/wp\/v2\/product\/6678\/revisions"}],"wp:featuredmedia":[{"embeddable":true,"href":"https:\/\/dcobys.com\/es\/wp-json\/wp\/v2\/media\/8692"}],"wp:attachment":[{"href":"https:\/\/dcobys.com\/es\/wp-json\/wp\/v2\/media?parent=6678"}],"wp:term":[{"taxonomy":"country","embeddable":true,"href":"https:\/\/dcobys.com\/es\/wp-json\/wp\/v2\/country?post=6678"},{"taxonomy":"product_brand","embeddable":true,"href":"https:\/\/dcobys.com\/es\/wp-json\/wp\/v2\/product_brand?post=6678"},{"taxonomy":"product_cat","embeddable":true,"href":"https:\/\/dcobys.com\/es\/wp-json\/wp\/v2\/product_cat?post=6678"},{"taxonomy":"product_tag","embeddable":true,"href":"https:\/\/dcobys.com\/es\/wp-json\/wp\/v2\/product_tag?post=6678"}],"curies":[{"name":"wp","href":"https:\/\/api.w.org\/{rel}","templated":true}]}}