{"id":6670,"date":"2025-12-15T13:02:05","date_gmt":"2025-12-15T18:02:05","guid":{"rendered":"https:\/\/dcobys.com\/services\/uncategorized\/electric-mobility-china-2\/"},"modified":"2026-01-30T21:36:01","modified_gmt":"2026-01-31T02:36:01","slug":"electric-mobility-china-2","status":"publish","type":"product","link":"https:\/\/dcobys.com\/es\/services\/misiones-comerciales\/energia-y-transicion-verde\/movilidad-electrica\/electric-mobility-china-2\/","title":{"rendered":"Movilidad el\u00e9ctrica &#8211; China"},"content":{"rendered":"<p>La Misi\u00f3n Comercial en China destacada en Movilidad el\u00e9ctrica permite explorar Shenzhen, reconocida como la primera megaciudad del mundo en electrificar al 100% su flota de buses y taxis. El entorno industrial chino impulsa innovaci\u00f3n acelerada en bater\u00edas, veh\u00edculos inteligentes y manufactura avanzada. La misi\u00f3n expone a los participantes a fabricantes l\u00edderes, nuevas plataformas NEV, centros tecnol\u00f3gicos y zonas de demostraci\u00f3n para transporte aut\u00f3nomo. Shenzhen es clave para entender la integraci\u00f3n entre industria, gobierno y startups en movilidad el\u00e9ctrica. Se incluyen visitas a proveedores de bater\u00edas, OEMs, estaciones de carga inteligente y operadores de transporte masivo. Es una oportunidad estrat\u00e9gica para identificar socios comerciales, importadores y desarrolladores de hardware. Fuentes: Auto Shanghai; NEV shows; EV conferences China.<\/p>\n","protected":false},"excerpt":{"rendered":"<p>La Misi\u00f3n Comercial en China destacada en Movilidad el\u00e9ctrica permite explorar Shenzhen, reconocida como la primera megaciudad del mundo en electrificar al 100% su flota de buses y taxis. El entorno industrial chino impulsa innovaci\u00f3n acelerada en bater\u00edas, veh\u00edculos inteligentes y manufactura avanzada. La misi\u00f3n expone a los participantes a fabricantes l\u00edderes, nuevas plataformas NEV, [&hellip;]<\/p>\n","protected":false},"featured_media":8696,"template":"","meta":{"_acf_changed":false},"country":[928],"product_brand":[],"product_cat":[983,893,985],"product_tag":[924],"class_list":{"0":"post-6670","1":"product","2":"type-product","3":"status-publish","4":"has-post-thumbnail","6":"country-china","7":"product_cat-energia-y-transicion-verde","8":"product_cat-misiones-comerciales","9":"product_cat-movilidad-electrica","10":"product_tag-misiones-comerciales","12":"first","13":"instock","14":"virtual","15":"product-type-simple"},"acf":[],"_links":{"self":[{"href":"https:\/\/dcobys.com\/es\/wp-json\/wp\/v2\/product\/6670","targetHints":{"allow":["GET"]}}],"collection":[{"href":"https:\/\/dcobys.com\/es\/wp-json\/wp\/v2\/product"}],"about":[{"href":"https:\/\/dcobys.com\/es\/wp-json\/wp\/v2\/types\/product"}],"version-history":[{"count":0,"href":"https:\/\/dcobys.com\/es\/wp-json\/wp\/v2\/product\/6670\/revisions"}],"wp:featuredmedia":[{"embeddable":true,"href":"https:\/\/dcobys.com\/es\/wp-json\/wp\/v2\/media\/8696"}],"wp:attachment":[{"href":"https:\/\/dcobys.com\/es\/wp-json\/wp\/v2\/media?parent=6670"}],"wp:term":[{"taxonomy":"country","embeddable":true,"href":"https:\/\/dcobys.com\/es\/wp-json\/wp\/v2\/country?post=6670"},{"taxonomy":"product_brand","embeddable":true,"href":"https:\/\/dcobys.com\/es\/wp-json\/wp\/v2\/product_brand?post=6670"},{"taxonomy":"product_cat","embeddable":true,"href":"https:\/\/dcobys.com\/es\/wp-json\/wp\/v2\/product_cat?post=6670"},{"taxonomy":"product_tag","embeddable":true,"href":"https:\/\/dcobys.com\/es\/wp-json\/wp\/v2\/product_tag?post=6670"}],"curies":[{"name":"wp","href":"https:\/\/api.w.org\/{rel}","templated":true}]}}