{"id":6664,"date":"2025-12-15T13:02:05","date_gmt":"2025-12-15T18:02:05","guid":{"rendered":"https:\/\/dcobys.com\/services\/uncategorized\/renewable-energy-solar-wind-hydro-mexico-2\/"},"modified":"2026-01-30T21:36:01","modified_gmt":"2026-01-31T02:36:01","slug":"renewable-energy-solar-wind-hydro-mexico-2","status":"publish","type":"product","link":"https:\/\/dcobys.com\/es\/services\/misiones-comerciales\/energia-y-transicion-verde\/energias-renovables-solar-eolica-hidroelectrica\/renewable-energy-solar-wind-hydro-mexico-2\/","title":{"rendered":"Energ\u00edas renovables (solar, e\u00f3lica, hidroel\u00e9ctrica) &#8211; M\u00e9xico"},"content":{"rendered":"<p>La Misi\u00f3n Comercial en M\u00e9xico, enfocada en energ\u00edas renovables, permite explorar la zona de Oaxaca, l\u00edder nacional en parques e\u00f3licos y generaci\u00f3n renovable. El recorrido muestra c\u00f3mo M\u00e9xico impulsa proyectos de energ\u00eda limpia en combinaci\u00f3n con manufactura, log\u00edstica y regulaci\u00f3n energ\u00e9tica. La agenda incluye interacci\u00f3n con c\u00e1maras, empresas desarrolladoras, asociaciones industriales y referentes del sector. La misi\u00f3n tambi\u00e9n profundiza en oportunidades de inversi\u00f3n, casos de \u00e9xito y tendencias en integraci\u00f3n de energ\u00edas limpias.<br \/>\nFuentes: Mexico Wind Energy Conferences; Expo E\u00f3lica; Solar Power Mexico.<\/p>\n","protected":false},"excerpt":{"rendered":"<p>La Misi\u00f3n Comercial en M\u00e9xico, enfocada en energ\u00edas renovables, permite explorar la zona de Oaxaca, l\u00edder nacional en parques e\u00f3licos y generaci\u00f3n renovable. El recorrido muestra c\u00f3mo M\u00e9xico impulsa proyectos de energ\u00eda limpia en combinaci\u00f3n con manufactura, log\u00edstica y regulaci\u00f3n energ\u00e9tica. La agenda incluye interacci\u00f3n con c\u00e1maras, empresas desarrolladoras, asociaciones industriales y referentes del sector. [&hellip;]<\/p>\n","protected":false},"featured_media":8684,"template":"","meta":{"_acf_changed":false},"country":[941],"product_brand":[],"product_cat":[983,984,893],"product_tag":[924],"class_list":{"0":"post-6664","1":"product","2":"type-product","3":"status-publish","4":"has-post-thumbnail","6":"country-mexico","7":"product_cat-energia-y-transicion-verde","8":"product_cat-energias-renovables-solar-eolica-hidroelectrica","9":"product_cat-misiones-comerciales","10":"product_tag-misiones-comerciales","12":"first","13":"instock","14":"virtual","15":"product-type-simple"},"acf":[],"_links":{"self":[{"href":"https:\/\/dcobys.com\/es\/wp-json\/wp\/v2\/product\/6664","targetHints":{"allow":["GET"]}}],"collection":[{"href":"https:\/\/dcobys.com\/es\/wp-json\/wp\/v2\/product"}],"about":[{"href":"https:\/\/dcobys.com\/es\/wp-json\/wp\/v2\/types\/product"}],"version-history":[{"count":0,"href":"https:\/\/dcobys.com\/es\/wp-json\/wp\/v2\/product\/6664\/revisions"}],"wp:featuredmedia":[{"embeddable":true,"href":"https:\/\/dcobys.com\/es\/wp-json\/wp\/v2\/media\/8684"}],"wp:attachment":[{"href":"https:\/\/dcobys.com\/es\/wp-json\/wp\/v2\/media?parent=6664"}],"wp:term":[{"taxonomy":"country","embeddable":true,"href":"https:\/\/dcobys.com\/es\/wp-json\/wp\/v2\/country?post=6664"},{"taxonomy":"product_brand","embeddable":true,"href":"https:\/\/dcobys.com\/es\/wp-json\/wp\/v2\/product_brand?post=6664"},{"taxonomy":"product_cat","embeddable":true,"href":"https:\/\/dcobys.com\/es\/wp-json\/wp\/v2\/product_cat?post=6664"},{"taxonomy":"product_tag","embeddable":true,"href":"https:\/\/dcobys.com\/es\/wp-json\/wp\/v2\/product_tag?post=6664"}],"curies":[{"name":"wp","href":"https:\/\/api.w.org\/{rel}","templated":true}]}}