{"id":6662,"date":"2025-12-15T13:02:05","date_gmt":"2025-12-15T18:02:05","guid":{"rendered":"https:\/\/dcobys.com\/services\/uncategorized\/renewable-energy-solar-wind-hydro-colombia-2\/"},"modified":"2026-01-30T21:36:01","modified_gmt":"2026-01-31T02:36:01","slug":"renewable-energy-solar-wind-hydro-colombia-2","status":"publish","type":"product","link":"https:\/\/dcobys.com\/es\/services\/misiones-comerciales\/energia-y-transicion-verde\/energias-renovables-solar-eolica-hidroelectrica\/renewable-energy-solar-wind-hydro-colombia-2\/","title":{"rendered":"Energ\u00edas renovables (solar, e\u00f3lica, hidroel\u00e9ctrica) &#8211; Colombia"},"content":{"rendered":"<p>La Misi\u00f3n Comercial en Colombia destacada en energ\u00edas renovables ofrece una visi\u00f3n clara del crecimiento acelerado de proyectos solares, e\u00f3licos y de energ\u00edas complementarias en la regi\u00f3n andina. Medell\u00edn se posiciona como un centro para la transici\u00f3n energ\u00e9tica, fomentado por empresas, universidades y entidades p\u00fablicas. La misi\u00f3n facilita reuniones con actores del ecosistema energ\u00e9tico emergente y permite conocer casos reales de implementaci\u00f3n de energ\u00edas limpias en entornos urbanos e industriales. El pa\u00eds impulsa pol\u00edticas que promueven las energ\u00edas no convencionales y la adopci\u00f3n de nuevas tecnolog\u00edas.<br \/>\nFuentes: Colombia Energy &#038; Mining Forums; ferias regionales de renovables.<\/p>\n","protected":false},"excerpt":{"rendered":"<p>La Misi\u00f3n Comercial en Colombia destacada en energ\u00edas renovables ofrece una visi\u00f3n clara del crecimiento acelerado de proyectos solares, e\u00f3licos y de energ\u00edas complementarias en la regi\u00f3n andina. Medell\u00edn se posiciona como un centro para la transici\u00f3n energ\u00e9tica, fomentado por empresas, universidades y entidades p\u00fablicas. La misi\u00f3n facilita reuniones con actores del ecosistema energ\u00e9tico emergente [&hellip;]<\/p>\n","protected":false},"featured_media":8682,"template":"","meta":{"_acf_changed":false},"country":[929],"product_brand":[],"product_cat":[983,984,893],"product_tag":[924],"class_list":{"0":"post-6662","1":"product","2":"type-product","3":"status-publish","4":"has-post-thumbnail","6":"country-colombia","7":"product_cat-energia-y-transicion-verde","8":"product_cat-energias-renovables-solar-eolica-hidroelectrica","9":"product_cat-misiones-comerciales","10":"product_tag-misiones-comerciales","12":"first","13":"instock","14":"virtual","15":"product-type-simple"},"acf":[],"_links":{"self":[{"href":"https:\/\/dcobys.com\/es\/wp-json\/wp\/v2\/product\/6662","targetHints":{"allow":["GET"]}}],"collection":[{"href":"https:\/\/dcobys.com\/es\/wp-json\/wp\/v2\/product"}],"about":[{"href":"https:\/\/dcobys.com\/es\/wp-json\/wp\/v2\/types\/product"}],"version-history":[{"count":0,"href":"https:\/\/dcobys.com\/es\/wp-json\/wp\/v2\/product\/6662\/revisions"}],"wp:featuredmedia":[{"embeddable":true,"href":"https:\/\/dcobys.com\/es\/wp-json\/wp\/v2\/media\/8682"}],"wp:attachment":[{"href":"https:\/\/dcobys.com\/es\/wp-json\/wp\/v2\/media?parent=6662"}],"wp:term":[{"taxonomy":"country","embeddable":true,"href":"https:\/\/dcobys.com\/es\/wp-json\/wp\/v2\/country?post=6662"},{"taxonomy":"product_brand","embeddable":true,"href":"https:\/\/dcobys.com\/es\/wp-json\/wp\/v2\/product_brand?post=6662"},{"taxonomy":"product_cat","embeddable":true,"href":"https:\/\/dcobys.com\/es\/wp-json\/wp\/v2\/product_cat?post=6662"},{"taxonomy":"product_tag","embeddable":true,"href":"https:\/\/dcobys.com\/es\/wp-json\/wp\/v2\/product_tag?post=6662"}],"curies":[{"name":"wp","href":"https:\/\/api.w.org\/{rel}","templated":true}]}}