{"id":6660,"date":"2025-12-15T13:02:05","date_gmt":"2025-12-15T18:02:05","guid":{"rendered":"https:\/\/dcobys.com\/services\/uncategorized\/renewable-energy-solar-wind-hydro-denmark-2\/"},"modified":"2026-01-30T21:36:00","modified_gmt":"2026-01-31T02:36:00","slug":"renewable-energy-solar-wind-hydro-denmark-2","status":"publish","type":"product","link":"https:\/\/dcobys.com\/es\/services\/misiones-comerciales\/energia-y-transicion-verde\/energias-renovables-solar-eolica-hidroelectrica\/renewable-energy-solar-wind-hydro-denmark-2\/","title":{"rendered":"Energ\u00edas renovables (solar, e\u00f3lica, hidroel\u00e9ctrica) &#8211; Dinamarca"},"content":{"rendered":"<p>La Misi\u00f3n Comercial en Dinamarca destacada en energ\u00edas renovables permite interactuar con uno de los pa\u00edses m\u00e1s avanzados en energ\u00eda e\u00f3lica, integraci\u00f3n de sistemas y sostenibilidad urbana. La agenda en Copenhague incluye contacto con parques e\u00f3licos onshore y offshore, centros de investigaci\u00f3n y modelos de eficiencia energ\u00e9tica. Dinamarca es l\u00edder en planificaci\u00f3n energ\u00e9tica nacional y pol\u00edticas de descarbonizaci\u00f3n, lo cual convierte la misi\u00f3n en una experiencia de aprendizaje sobre gobernanza energ\u00e9tica. Las empresas locales destacan por su enfoque en innovaci\u00f3n, circularidad y electrificaci\u00f3n del transporte.<br \/>\nFuentes: WindEurope events; Danish Renewables Conferences.<\/p>\n","protected":false},"excerpt":{"rendered":"<p>La Misi\u00f3n Comercial en Dinamarca destacada en energ\u00edas renovables permite interactuar con uno de los pa\u00edses m\u00e1s avanzados en energ\u00eda e\u00f3lica, integraci\u00f3n de sistemas y sostenibilidad urbana. La agenda en Copenhague incluye contacto con parques e\u00f3licos onshore y offshore, centros de investigaci\u00f3n y modelos de eficiencia energ\u00e9tica. Dinamarca es l\u00edder en planificaci\u00f3n energ\u00e9tica nacional y [&hellip;]<\/p>\n","protected":false},"featured_media":8680,"template":"","meta":{"_acf_changed":false},"country":[930],"product_brand":[],"product_cat":[983,984,893],"product_tag":[924],"class_list":{"0":"post-6660","1":"product","2":"type-product","3":"status-publish","4":"has-post-thumbnail","6":"country-dinamarca","7":"product_cat-energia-y-transicion-verde","8":"product_cat-energias-renovables-solar-eolica-hidroelectrica","9":"product_cat-misiones-comerciales","10":"product_tag-misiones-comerciales","12":"first","13":"instock","14":"virtual","15":"product-type-simple"},"acf":[],"_links":{"self":[{"href":"https:\/\/dcobys.com\/es\/wp-json\/wp\/v2\/product\/6660","targetHints":{"allow":["GET"]}}],"collection":[{"href":"https:\/\/dcobys.com\/es\/wp-json\/wp\/v2\/product"}],"about":[{"href":"https:\/\/dcobys.com\/es\/wp-json\/wp\/v2\/types\/product"}],"version-history":[{"count":0,"href":"https:\/\/dcobys.com\/es\/wp-json\/wp\/v2\/product\/6660\/revisions"}],"wp:featuredmedia":[{"embeddable":true,"href":"https:\/\/dcobys.com\/es\/wp-json\/wp\/v2\/media\/8680"}],"wp:attachment":[{"href":"https:\/\/dcobys.com\/es\/wp-json\/wp\/v2\/media?parent=6660"}],"wp:term":[{"taxonomy":"country","embeddable":true,"href":"https:\/\/dcobys.com\/es\/wp-json\/wp\/v2\/country?post=6660"},{"taxonomy":"product_brand","embeddable":true,"href":"https:\/\/dcobys.com\/es\/wp-json\/wp\/v2\/product_brand?post=6660"},{"taxonomy":"product_cat","embeddable":true,"href":"https:\/\/dcobys.com\/es\/wp-json\/wp\/v2\/product_cat?post=6660"},{"taxonomy":"product_tag","embeddable":true,"href":"https:\/\/dcobys.com\/es\/wp-json\/wp\/v2\/product_tag?post=6660"}],"curies":[{"name":"wp","href":"https:\/\/api.w.org\/{rel}","templated":true}]}}