{"id":6654,"date":"2025-12-15T13:02:05","date_gmt":"2025-12-15T18:02:05","guid":{"rendered":"https:\/\/dcobys.com\/services\/uncategorized\/renewable-energy-solar-wind-hydro-norway-2\/"},"modified":"2026-01-30T21:36:00","modified_gmt":"2026-01-31T02:36:00","slug":"renewable-energy-solar-wind-hydro-norway-2","status":"publish","type":"product","link":"https:\/\/dcobys.com\/es\/services\/misiones-comerciales\/energia-y-transicion-verde\/energias-renovables-solar-eolica-hidroelectrica\/renewable-energy-solar-wind-hydro-norway-2\/","title":{"rendered":"Energ\u00edas renovables (solar, e\u00f3lica, hidroel\u00e9ctrica) &#8211; Noruega"},"content":{"rendered":"<p>La Misi\u00f3n Comercial en Noruega destacada en energ\u00edas renovables conecta a los participantes con el pa\u00eds l\u00edder global en energ\u00eda offshore, e\u00f3lica marina y gesti\u00f3n sostenible de recursos. La experiencia en Oslo y otras ciudades energ\u00e9ticas permite comprender c\u00f3mo se integran tecnolog\u00edas renovables en ecosistemas industriales, transporte mar\u00edtimo y electrificaci\u00f3n de territorios extensos. El programa incluye sesiones con clusters n\u00f3rdicos, autoridades energ\u00e9ticas y empresas que operan en el Mar del Norte. Noruega destaca por sus modelos de almacenamiento, redes inteligentes y sostenibilidad aplicada a proyectos de gran escala. La agenda es especialmente \u00fatil para explorar oportunidades de colaboraci\u00f3n con proveedores de tecnolog\u00eda offshore y consultoras clim\u00e1ticas.<br \/>\nFuentes: ONS \u2013 Offshore Northern Seas; WindEurope regional events.<\/p>\n","protected":false},"excerpt":{"rendered":"<p>La Misi\u00f3n Comercial en Noruega destacada en energ\u00edas renovables conecta a los participantes con el pa\u00eds l\u00edder global en energ\u00eda offshore, e\u00f3lica marina y gesti\u00f3n sostenible de recursos. La experiencia en Oslo y otras ciudades energ\u00e9ticas permite comprender c\u00f3mo se integran tecnolog\u00edas renovables en ecosistemas industriales, transporte mar\u00edtimo y electrificaci\u00f3n de territorios extensos. El programa [&hellip;]<\/p>\n","protected":false},"featured_media":8674,"template":"","meta":{"_acf_changed":false},"country":[943],"product_brand":[],"product_cat":[983,984,893],"product_tag":[924],"class_list":{"0":"post-6654","1":"product","2":"type-product","3":"status-publish","4":"has-post-thumbnail","6":"country-noruega","7":"product_cat-energia-y-transicion-verde","8":"product_cat-energias-renovables-solar-eolica-hidroelectrica","9":"product_cat-misiones-comerciales","10":"product_tag-misiones-comerciales","12":"first","13":"instock","14":"virtual","15":"product-type-simple"},"acf":[],"_links":{"self":[{"href":"https:\/\/dcobys.com\/es\/wp-json\/wp\/v2\/product\/6654","targetHints":{"allow":["GET"]}}],"collection":[{"href":"https:\/\/dcobys.com\/es\/wp-json\/wp\/v2\/product"}],"about":[{"href":"https:\/\/dcobys.com\/es\/wp-json\/wp\/v2\/types\/product"}],"version-history":[{"count":0,"href":"https:\/\/dcobys.com\/es\/wp-json\/wp\/v2\/product\/6654\/revisions"}],"wp:featuredmedia":[{"embeddable":true,"href":"https:\/\/dcobys.com\/es\/wp-json\/wp\/v2\/media\/8674"}],"wp:attachment":[{"href":"https:\/\/dcobys.com\/es\/wp-json\/wp\/v2\/media?parent=6654"}],"wp:term":[{"taxonomy":"country","embeddable":true,"href":"https:\/\/dcobys.com\/es\/wp-json\/wp\/v2\/country?post=6654"},{"taxonomy":"product_brand","embeddable":true,"href":"https:\/\/dcobys.com\/es\/wp-json\/wp\/v2\/product_brand?post=6654"},{"taxonomy":"product_cat","embeddable":true,"href":"https:\/\/dcobys.com\/es\/wp-json\/wp\/v2\/product_cat?post=6654"},{"taxonomy":"product_tag","embeddable":true,"href":"https:\/\/dcobys.com\/es\/wp-json\/wp\/v2\/product_tag?post=6654"}],"curies":[{"name":"wp","href":"https:\/\/api.w.org\/{rel}","templated":true}]}}