{"id":6648,"date":"2025-12-15T13:02:05","date_gmt":"2025-12-15T18:02:05","guid":{"rendered":"https:\/\/dcobys.com\/services\/uncategorized\/cybersecurity-canada-2\/"},"modified":"2026-01-30T21:36:00","modified_gmt":"2026-01-31T02:36:00","slug":"cybersecurity-canada-2","status":"publish","type":"product","link":"https:\/\/dcobys.com\/es\/services\/misiones-comerciales\/tecnologia-de-la-informacion-ti-y-ciberseguridad\/ciberseguridad\/cybersecurity-canada-2\/","title":{"rendered":"Ciberseguridad &#8211; Canad\u00e1"},"content":{"rendered":"<p>La Misi\u00f3n Comercial en Canad\u00e1 destacada en Ciberseguridad conecta a los participantes con un entorno regulatorio avanzado y un mercado en r\u00e1pido crecimiento para tecnolog\u00edas de seguridad digital. Ottawa, como centro gubernamental y tecnol\u00f3gico, re\u00fane empresas, centros de innovaci\u00f3n y entidades responsables de infraestructura cr\u00edtica. La agenda se vincula a conferencias nacionales de ciberseguridad y reuniones con actores relevantes del sector p\u00fablico y privado. Se abordan temas como protecci\u00f3n de datos, marcos normativos, seguridad cloud, automatizaci\u00f3n y estrategias de mitigaci\u00f3n de riesgos. La misi\u00f3n ofrece oportunidades para alianzas, intercambio t\u00e9cnico y acceso a soluciones escalables para m\u00faltiples industrias. Al terminar, los asistentes obtienen una visi\u00f3n clara para fortalecer sus capacidades internas y explorar oportunidades comerciales. Fuentes: Canadian Cybersecurity Conferences, Communications Security Establishment (CSE), Cyber Centre Canada.<\/p>\n","protected":false},"excerpt":{"rendered":"<p>La Misi\u00f3n Comercial en Canad\u00e1 destacada en Ciberseguridad conecta a los participantes con un entorno regulatorio avanzado y un mercado en r\u00e1pido crecimiento para tecnolog\u00edas de seguridad digital. Ottawa, como centro gubernamental y tecnol\u00f3gico, re\u00fane empresas, centros de innovaci\u00f3n y entidades responsables de infraestructura cr\u00edtica. La agenda se vincula a conferencias nacionales de ciberseguridad y [&hellip;]<\/p>\n","protected":false},"featured_media":7596,"template":"","meta":{"_acf_changed":false},"country":[926],"product_brand":[],"product_cat":[1015,893,1013],"product_tag":[924],"class_list":{"0":"post-6648","1":"product","2":"type-product","3":"status-publish","4":"has-post-thumbnail","6":"country-canada","7":"product_cat-ciberseguridad","8":"product_cat-misiones-comerciales","9":"product_cat-tecnologia-de-la-informacion-ti-y-ciberseguridad","10":"product_tag-misiones-comerciales","12":"first","13":"instock","14":"virtual","15":"product-type-simple"},"acf":[],"_links":{"self":[{"href":"https:\/\/dcobys.com\/es\/wp-json\/wp\/v2\/product\/6648","targetHints":{"allow":["GET"]}}],"collection":[{"href":"https:\/\/dcobys.com\/es\/wp-json\/wp\/v2\/product"}],"about":[{"href":"https:\/\/dcobys.com\/es\/wp-json\/wp\/v2\/types\/product"}],"version-history":[{"count":0,"href":"https:\/\/dcobys.com\/es\/wp-json\/wp\/v2\/product\/6648\/revisions"}],"wp:featuredmedia":[{"embeddable":true,"href":"https:\/\/dcobys.com\/es\/wp-json\/wp\/v2\/media\/7596"}],"wp:attachment":[{"href":"https:\/\/dcobys.com\/es\/wp-json\/wp\/v2\/media?parent=6648"}],"wp:term":[{"taxonomy":"country","embeddable":true,"href":"https:\/\/dcobys.com\/es\/wp-json\/wp\/v2\/country?post=6648"},{"taxonomy":"product_brand","embeddable":true,"href":"https:\/\/dcobys.com\/es\/wp-json\/wp\/v2\/product_brand?post=6648"},{"taxonomy":"product_cat","embeddable":true,"href":"https:\/\/dcobys.com\/es\/wp-json\/wp\/v2\/product_cat?post=6648"},{"taxonomy":"product_tag","embeddable":true,"href":"https:\/\/dcobys.com\/es\/wp-json\/wp\/v2\/product_tag?post=6648"}],"curies":[{"name":"wp","href":"https:\/\/api.w.org\/{rel}","templated":true}]}}