{"id":6634,"date":"2025-12-15T13:01:57","date_gmt":"2025-12-15T18:01:57","guid":{"rendered":"https:\/\/dcobys.com\/services\/uncategorized\/healthtech-canada-2\/"},"modified":"2026-01-30T21:36:00","modified_gmt":"2026-01-31T02:36:00","slug":"healthtech-canada-2","status":"publish","type":"product","link":"https:\/\/dcobys.com\/es\/services\/misiones-comerciales\/tecnologia-de-la-informacion-ti-y-ciberseguridad\/healthtech\/healthtech-canada-2\/","title":{"rendered":"HealthTech &#8211; Canad\u00e1"},"content":{"rendered":"<p>La Misi\u00f3n Comercial en Canad\u00e1 destacada en HealthTech permite acceder a uno de los ecosistemas m\u00e1s s\u00f3lidos en innovaci\u00f3n m\u00e9dica, IA cl\u00ednica y soluciones hospitalarias inteligentes. Su objetivo es conectar a las empresas con proveedores, investigadores y hubs tecnol\u00f3gicos clave. En Toronto, los participantes visitan centros de innovaci\u00f3n, scaleups, universidades y aceleradoras enfocadas en salud digital. La agenda incluye Health Innovation Week y encuentros con l\u00edderes en interoperabilidad, data analytics cl\u00ednico y dispositivos conectados. La misi\u00f3n ofrece oportunidades de inversi\u00f3n, colaboraci\u00f3n tecnol\u00f3gica y acceso a un mercado altamente regulado y confiable. Al cierre, los asistentes obtienen lineamientos claros para adaptar estas tecnolog\u00edas a sus proyectos locales. Fuentes: Health Innovation Week, MaRS Discovery District, Canada HealthTech Alliance (2024).<\/p>\n","protected":false},"excerpt":{"rendered":"<p>La Misi\u00f3n Comercial en Canad\u00e1 destacada en HealthTech permite acceder a uno de los ecosistemas m\u00e1s s\u00f3lidos en innovaci\u00f3n m\u00e9dica, IA cl\u00ednica y soluciones hospitalarias inteligentes. Su objetivo es conectar a las empresas con proveedores, investigadores y hubs tecnol\u00f3gicos clave. En Toronto, los participantes visitan centros de innovaci\u00f3n, scaleups, universidades y aceleradoras enfocadas en salud [&hellip;]<\/p>\n","protected":false},"featured_media":7588,"template":"","meta":{"_acf_changed":false},"country":[926],"product_brand":[],"product_cat":[1018,893,1013],"product_tag":[924],"class_list":{"0":"post-6634","1":"product","2":"type-product","3":"status-publish","4":"has-post-thumbnail","6":"country-canada","7":"product_cat-healthtech","8":"product_cat-misiones-comerciales","9":"product_cat-tecnologia-de-la-informacion-ti-y-ciberseguridad","10":"product_tag-misiones-comerciales","12":"first","13":"instock","14":"virtual","15":"product-type-simple"},"acf":[],"_links":{"self":[{"href":"https:\/\/dcobys.com\/es\/wp-json\/wp\/v2\/product\/6634","targetHints":{"allow":["GET"]}}],"collection":[{"href":"https:\/\/dcobys.com\/es\/wp-json\/wp\/v2\/product"}],"about":[{"href":"https:\/\/dcobys.com\/es\/wp-json\/wp\/v2\/types\/product"}],"version-history":[{"count":0,"href":"https:\/\/dcobys.com\/es\/wp-json\/wp\/v2\/product\/6634\/revisions"}],"wp:featuredmedia":[{"embeddable":true,"href":"https:\/\/dcobys.com\/es\/wp-json\/wp\/v2\/media\/7588"}],"wp:attachment":[{"href":"https:\/\/dcobys.com\/es\/wp-json\/wp\/v2\/media?parent=6634"}],"wp:term":[{"taxonomy":"country","embeddable":true,"href":"https:\/\/dcobys.com\/es\/wp-json\/wp\/v2\/country?post=6634"},{"taxonomy":"product_brand","embeddable":true,"href":"https:\/\/dcobys.com\/es\/wp-json\/wp\/v2\/product_brand?post=6634"},{"taxonomy":"product_cat","embeddable":true,"href":"https:\/\/dcobys.com\/es\/wp-json\/wp\/v2\/product_cat?post=6634"},{"taxonomy":"product_tag","embeddable":true,"href":"https:\/\/dcobys.com\/es\/wp-json\/wp\/v2\/product_tag?post=6634"}],"curies":[{"name":"wp","href":"https:\/\/api.w.org\/{rel}","templated":true}]}}