{"id":6632,"date":"2025-12-15T13:01:57","date_gmt":"2025-12-15T18:01:57","guid":{"rendered":"https:\/\/dcobys.com\/services\/uncategorized\/healthtech-uk-2\/"},"modified":"2026-01-30T21:36:00","modified_gmt":"2026-01-31T02:36:00","slug":"healthtech-uk-2","status":"publish","type":"product","link":"https:\/\/dcobys.com\/es\/services\/misiones-comerciales\/tecnologia-de-la-informacion-ti-y-ciberseguridad\/healthtech\/healthtech-uk-2\/","title":{"rendered":"HealthTech &#8211; Reino Unido"},"content":{"rendered":"<p>La Misi\u00f3n Comercial en Reino Unido destacada en HealthTech conecta a los participantes con el cl\u00faster biom\u00e9dico m\u00e1s influyente de Europa. Su objetivo es facilitar el acceso a tecnolog\u00edas de diagn\u00f3stico, biotecnolog\u00eda, digital health y soluciones cl\u00ednicas avanzadas. La agenda recorre Cambridge y su ecosistema de laboratorios, scaleups m\u00e9dicas y centros de investigaci\u00f3n. Los asistentes participan en foros de HealthTech del Cambridge Cluster, encuentros con investigadores y sesiones sobre regulaci\u00f3n europea para tecnolog\u00edas de salud. La misi\u00f3n brinda oportunidades comerciales, alianzas cient\u00edfico-tecnol\u00f3gicas y entendimiento de modelos de innovaci\u00f3n aplicada. Al finalizar, los participantes obtienen una visi\u00f3n estrat\u00e9gica para integrar soluciones brit\u00e1nicas en sus mercados. Fuentes: Cambridge Cluster Map, UK HealthTech Alliance, MedTech UK (2024).<\/p>\n","protected":false},"excerpt":{"rendered":"<p>La Misi\u00f3n Comercial en Reino Unido destacada en HealthTech conecta a los participantes con el cl\u00faster biom\u00e9dico m\u00e1s influyente de Europa. Su objetivo es facilitar el acceso a tecnolog\u00edas de diagn\u00f3stico, biotecnolog\u00eda, digital health y soluciones cl\u00ednicas avanzadas. La agenda recorre Cambridge y su ecosistema de laboratorios, scaleups m\u00e9dicas y centros de investigaci\u00f3n. Los asistentes [&hellip;]<\/p>\n","protected":false},"featured_media":7588,"template":"","meta":{"_acf_changed":false},"country":[955],"product_brand":[],"product_cat":[1018,893,1013],"product_tag":[924],"class_list":{"0":"post-6632","1":"product","2":"type-product","3":"status-publish","4":"has-post-thumbnail","6":"country-reino-unido","7":"product_cat-healthtech","8":"product_cat-misiones-comerciales","9":"product_cat-tecnologia-de-la-informacion-ti-y-ciberseguridad","10":"product_tag-misiones-comerciales","12":"first","13":"instock","14":"virtual","15":"product-type-simple"},"acf":[],"_links":{"self":[{"href":"https:\/\/dcobys.com\/es\/wp-json\/wp\/v2\/product\/6632","targetHints":{"allow":["GET"]}}],"collection":[{"href":"https:\/\/dcobys.com\/es\/wp-json\/wp\/v2\/product"}],"about":[{"href":"https:\/\/dcobys.com\/es\/wp-json\/wp\/v2\/types\/product"}],"version-history":[{"count":0,"href":"https:\/\/dcobys.com\/es\/wp-json\/wp\/v2\/product\/6632\/revisions"}],"wp:featuredmedia":[{"embeddable":true,"href":"https:\/\/dcobys.com\/es\/wp-json\/wp\/v2\/media\/7588"}],"wp:attachment":[{"href":"https:\/\/dcobys.com\/es\/wp-json\/wp\/v2\/media?parent=6632"}],"wp:term":[{"taxonomy":"country","embeddable":true,"href":"https:\/\/dcobys.com\/es\/wp-json\/wp\/v2\/country?post=6632"},{"taxonomy":"product_brand","embeddable":true,"href":"https:\/\/dcobys.com\/es\/wp-json\/wp\/v2\/product_brand?post=6632"},{"taxonomy":"product_cat","embeddable":true,"href":"https:\/\/dcobys.com\/es\/wp-json\/wp\/v2\/product_cat?post=6632"},{"taxonomy":"product_tag","embeddable":true,"href":"https:\/\/dcobys.com\/es\/wp-json\/wp\/v2\/product_tag?post=6632"}],"curies":[{"name":"wp","href":"https:\/\/api.w.org\/{rel}","templated":true}]}}