{"id":6622,"date":"2025-12-15T13:01:57","date_gmt":"2025-12-15T18:01:57","guid":{"rendered":"https:\/\/dcobys.com\/services\/uncategorized\/edtech-mexico-2\/"},"modified":"2026-01-30T21:36:00","modified_gmt":"2026-01-31T02:36:00","slug":"edtech-mexico-2","status":"publish","type":"product","link":"https:\/\/dcobys.com\/es\/services\/misiones-comerciales\/tecnologia-de-la-informacion-ti-y-ciberseguridad\/edtech\/edtech-mexico-2\/","title":{"rendered":"EdTech &#8211; M\u00e9xico"},"content":{"rendered":"<p>La Misi\u00f3n Comercial en M\u00e9xico destacada en EdTech conecta a los participantes con uno de los ecosistemas de tecnolog\u00eda educativa m\u00e1s din\u00e1micos de Latinoam\u00e9rica. El objetivo es identificar herramientas de aprendizaje virtual, plataformas LMS, contenidos digitales y soluciones de capacitaci\u00f3n corporativa. La agenda se desarrolla en Guadalajara, ciudad reconocida como hub tecnol\u00f3gico nacional. La misi\u00f3n incluye EdTech Mexico, eventos de innovaci\u00f3n educativa, visitas a universidades y encuentros con desarrolladores de soluciones digitales. Los participantes acceder\u00e1n a tecnolog\u00edas accesibles, escalables y orientadas a mercados hispanohablantes. Al concluir, tendr\u00e1n una visi\u00f3n s\u00f3lida para implementar edtech de alto impacto en instituciones o empresas. Fuentes: EdTech Mexico, AMITI, Mexico Digital Strategy Reports (2024).- E1. EE. UU. \u2013 HealthTech (San Diego)<\/p>\n","protected":false},"excerpt":{"rendered":"<p>La Misi\u00f3n Comercial en M\u00e9xico destacada en EdTech conecta a los participantes con uno de los ecosistemas de tecnolog\u00eda educativa m\u00e1s din\u00e1micos de Latinoam\u00e9rica. El objetivo es identificar herramientas de aprendizaje virtual, plataformas LMS, contenidos digitales y soluciones de capacitaci\u00f3n corporativa. La agenda se desarrolla en Guadalajara, ciudad reconocida como hub tecnol\u00f3gico nacional. La misi\u00f3n [&hellip;]<\/p>\n","protected":false},"featured_media":7580,"template":"","meta":{"_acf_changed":false},"country":[941],"product_brand":[],"product_cat":[1016,893,1013],"product_tag":[924],"class_list":{"0":"post-6622","1":"product","2":"type-product","3":"status-publish","4":"has-post-thumbnail","6":"country-mexico","7":"product_cat-edtech","8":"product_cat-misiones-comerciales","9":"product_cat-tecnologia-de-la-informacion-ti-y-ciberseguridad","10":"product_tag-misiones-comerciales","12":"first","13":"instock","14":"virtual","15":"product-type-simple"},"acf":[],"_links":{"self":[{"href":"https:\/\/dcobys.com\/es\/wp-json\/wp\/v2\/product\/6622","targetHints":{"allow":["GET"]}}],"collection":[{"href":"https:\/\/dcobys.com\/es\/wp-json\/wp\/v2\/product"}],"about":[{"href":"https:\/\/dcobys.com\/es\/wp-json\/wp\/v2\/types\/product"}],"version-history":[{"count":0,"href":"https:\/\/dcobys.com\/es\/wp-json\/wp\/v2\/product\/6622\/revisions"}],"wp:featuredmedia":[{"embeddable":true,"href":"https:\/\/dcobys.com\/es\/wp-json\/wp\/v2\/media\/7580"}],"wp:attachment":[{"href":"https:\/\/dcobys.com\/es\/wp-json\/wp\/v2\/media?parent=6622"}],"wp:term":[{"taxonomy":"country","embeddable":true,"href":"https:\/\/dcobys.com\/es\/wp-json\/wp\/v2\/country?post=6622"},{"taxonomy":"product_brand","embeddable":true,"href":"https:\/\/dcobys.com\/es\/wp-json\/wp\/v2\/product_brand?post=6622"},{"taxonomy":"product_cat","embeddable":true,"href":"https:\/\/dcobys.com\/es\/wp-json\/wp\/v2\/product_cat?post=6622"},{"taxonomy":"product_tag","embeddable":true,"href":"https:\/\/dcobys.com\/es\/wp-json\/wp\/v2\/product_tag?post=6622"}],"curies":[{"name":"wp","href":"https:\/\/api.w.org\/{rel}","templated":true}]}}