{"id":6618,"date":"2025-12-15T13:01:57","date_gmt":"2025-12-15T18:01:57","guid":{"rendered":"https:\/\/dcobys.com\/services\/uncategorized\/edtech-uk-2\/"},"modified":"2026-01-30T21:36:00","modified_gmt":"2026-01-31T02:36:00","slug":"edtech-uk-2","status":"publish","type":"product","link":"https:\/\/dcobys.com\/es\/services\/misiones-comerciales\/tecnologia-de-la-informacion-ti-y-ciberseguridad\/edtech\/edtech-uk-2\/","title":{"rendered":"EdTech &#8211; Reino Unido"},"content":{"rendered":"<p>La Misi\u00f3n Comercial en el Reino Unido destacada en EdTech conecta a los participantes con uno de los mercados m\u00e1s consolidados en tecnolog\u00eda educativa y aprendizaje digital. El objetivo es explorar herramientas para formaci\u00f3n, gesti\u00f3n del aprendizaje, accesibilidad y anal\u00edtica educativa avanzada. La agenda se centra en Londres, sede de Bett Show y uno de los ecosistemas m\u00e1s influyentes del sector. La misi\u00f3n incluye visitas a incubadoras, universidades, centros de innovaci\u00f3n y empresas especializadas. Los asistentes tendr\u00e1n acceso a soluciones de edtech aplicadas a educaci\u00f3n b\u00e1sica, superior y entrenamiento empresarial. Al concluir, obtendr\u00e1n una visi\u00f3n estrat\u00e9gica para implementar herramientas digitales de \u00faltima generaci\u00f3n. Fuentes: Bett Show London, UK Department for Education, Jisc EdTech Reports (2024).<\/p>\n","protected":false},"excerpt":{"rendered":"<p>La Misi\u00f3n Comercial en el Reino Unido destacada en EdTech conecta a los participantes con uno de los mercados m\u00e1s consolidados en tecnolog\u00eda educativa y aprendizaje digital. El objetivo es explorar herramientas para formaci\u00f3n, gesti\u00f3n del aprendizaje, accesibilidad y anal\u00edtica educativa avanzada. La agenda se centra en Londres, sede de Bett Show y uno de [&hellip;]<\/p>\n","protected":false},"featured_media":7580,"template":"","meta":{"_acf_changed":false},"country":[955],"product_brand":[],"product_cat":[1016,893,1013],"product_tag":[924],"class_list":{"0":"post-6618","1":"product","2":"type-product","3":"status-publish","4":"has-post-thumbnail","6":"country-reino-unido","7":"product_cat-edtech","8":"product_cat-misiones-comerciales","9":"product_cat-tecnologia-de-la-informacion-ti-y-ciberseguridad","10":"product_tag-misiones-comerciales","12":"first","13":"instock","14":"virtual","15":"product-type-simple"},"acf":[],"_links":{"self":[{"href":"https:\/\/dcobys.com\/es\/wp-json\/wp\/v2\/product\/6618","targetHints":{"allow":["GET"]}}],"collection":[{"href":"https:\/\/dcobys.com\/es\/wp-json\/wp\/v2\/product"}],"about":[{"href":"https:\/\/dcobys.com\/es\/wp-json\/wp\/v2\/types\/product"}],"version-history":[{"count":0,"href":"https:\/\/dcobys.com\/es\/wp-json\/wp\/v2\/product\/6618\/revisions"}],"wp:featuredmedia":[{"embeddable":true,"href":"https:\/\/dcobys.com\/es\/wp-json\/wp\/v2\/media\/7580"}],"wp:attachment":[{"href":"https:\/\/dcobys.com\/es\/wp-json\/wp\/v2\/media?parent=6618"}],"wp:term":[{"taxonomy":"country","embeddable":true,"href":"https:\/\/dcobys.com\/es\/wp-json\/wp\/v2\/country?post=6618"},{"taxonomy":"product_brand","embeddable":true,"href":"https:\/\/dcobys.com\/es\/wp-json\/wp\/v2\/product_brand?post=6618"},{"taxonomy":"product_cat","embeddable":true,"href":"https:\/\/dcobys.com\/es\/wp-json\/wp\/v2\/product_cat?post=6618"},{"taxonomy":"product_tag","embeddable":true,"href":"https:\/\/dcobys.com\/es\/wp-json\/wp\/v2\/product_tag?post=6618"}],"curies":[{"name":"wp","href":"https:\/\/api.w.org\/{rel}","templated":true}]}}