{"id":6614,"date":"2025-12-15T13:01:57","date_gmt":"2025-12-15T18:01:57","guid":{"rendered":"https:\/\/dcobys.com\/services\/uncategorized\/edtech-israel-2\/"},"modified":"2026-01-30T21:36:00","modified_gmt":"2026-01-31T02:36:00","slug":"edtech-israel-2","status":"publish","type":"product","link":"https:\/\/dcobys.com\/es\/services\/misiones-comerciales\/tecnologia-de-la-informacion-ti-y-ciberseguridad\/edtech\/edtech-israel-2\/","title":{"rendered":"EdTech &#8211; Israel"},"content":{"rendered":"<p>La Misi\u00f3n Comercial en Israel destacada en EdTech conecta a los participantes con uno de los ecosistemas m\u00e1s avanzados en innovaci\u00f3n aplicada al aprendizaje, reconocido por su enfoque en tecnolog\u00edas disruptivas. El objetivo es explorar soluciones de IA, simulaci\u00f3n, VR\/AR educativa y sistemas de evaluaci\u00f3n inteligente. La agenda se centra en Jerusal\u00e9n, ciudad donde convergen centros de investigaci\u00f3n, startups y organizaciones de tecnolog\u00eda educativa. Se incluyen visitas a EdTech Israel, hubs de innovaci\u00f3n y laboratorios de aprendizaje digital. Los asistentes descubrir\u00e1n tecnolog\u00edas de vanguardia aplicadas a capacitaci\u00f3n corporativa, educaci\u00f3n K\u201312 y universidades. Al cerrar, la misi\u00f3n entrega lineamientos claros para adoptar soluciones educativas altamente innovadoras. Fuentes: EdTech Israel, Israel Innovation Authority, Start-Up Nation Central (2024).<\/p>\n","protected":false},"excerpt":{"rendered":"<p>La Misi\u00f3n Comercial en Israel destacada en EdTech conecta a los participantes con uno de los ecosistemas m\u00e1s avanzados en innovaci\u00f3n aplicada al aprendizaje, reconocido por su enfoque en tecnolog\u00edas disruptivas. El objetivo es explorar soluciones de IA, simulaci\u00f3n, VR\/AR educativa y sistemas de evaluaci\u00f3n inteligente. La agenda se centra en Jerusal\u00e9n, ciudad donde convergen [&hellip;]<\/p>\n","protected":false},"featured_media":7580,"template":"","meta":{"_acf_changed":false},"country":[937],"product_brand":[],"product_cat":[1016,893,1013],"product_tag":[924],"class_list":{"0":"post-6614","1":"product","2":"type-product","3":"status-publish","4":"has-post-thumbnail","6":"country-israel","7":"product_cat-edtech","8":"product_cat-misiones-comerciales","9":"product_cat-tecnologia-de-la-informacion-ti-y-ciberseguridad","10":"product_tag-misiones-comerciales","12":"first","13":"instock","14":"virtual","15":"product-type-simple"},"acf":[],"_links":{"self":[{"href":"https:\/\/dcobys.com\/es\/wp-json\/wp\/v2\/product\/6614","targetHints":{"allow":["GET"]}}],"collection":[{"href":"https:\/\/dcobys.com\/es\/wp-json\/wp\/v2\/product"}],"about":[{"href":"https:\/\/dcobys.com\/es\/wp-json\/wp\/v2\/types\/product"}],"version-history":[{"count":0,"href":"https:\/\/dcobys.com\/es\/wp-json\/wp\/v2\/product\/6614\/revisions"}],"wp:featuredmedia":[{"embeddable":true,"href":"https:\/\/dcobys.com\/es\/wp-json\/wp\/v2\/media\/7580"}],"wp:attachment":[{"href":"https:\/\/dcobys.com\/es\/wp-json\/wp\/v2\/media?parent=6614"}],"wp:term":[{"taxonomy":"country","embeddable":true,"href":"https:\/\/dcobys.com\/es\/wp-json\/wp\/v2\/country?post=6614"},{"taxonomy":"product_brand","embeddable":true,"href":"https:\/\/dcobys.com\/es\/wp-json\/wp\/v2\/product_brand?post=6614"},{"taxonomy":"product_cat","embeddable":true,"href":"https:\/\/dcobys.com\/es\/wp-json\/wp\/v2\/product_cat?post=6614"},{"taxonomy":"product_tag","embeddable":true,"href":"https:\/\/dcobys.com\/es\/wp-json\/wp\/v2\/product_tag?post=6614"}],"curies":[{"name":"wp","href":"https:\/\/api.w.org\/{rel}","templated":true}]}}