{"id":6608,"date":"2025-12-15T13:01:57","date_gmt":"2025-12-15T18:01:57","guid":{"rendered":"https:\/\/dcobys.com\/services\/uncategorized\/fintech-mexico-2\/"},"modified":"2026-01-30T21:35:59","modified_gmt":"2026-01-31T02:35:59","slug":"fintech-mexico-2","status":"publish","type":"product","link":"https:\/\/dcobys.com\/es\/services\/misiones-comerciales\/tecnologia-de-la-informacion-ti-y-ciberseguridad\/fintech\/fintech-mexico-2\/","title":{"rendered":"FinTech &#8211; M\u00e9xico"},"content":{"rendered":"<p>La Misi\u00f3n Comercial en M\u00e9xico destacada en FinTech brinda una visi\u00f3n del ecosistema l\u00edder en Latinoam\u00e9rica en pagos digitales, criptos, neobanca y regulaci\u00f3n avanzada. El objetivo es conectar con startups, instituciones financieras y actores del marco regulatorio de la Ley Fintech. La agenda incluye Ciudad de M\u00e9xico y eventos como FINNOSummit y Finnovista, junto con visitas a aceleradoras, bancos digitales y proveedores de soluciones. Los participantes conocer\u00e1n modelos latinoamericanos altamente adaptables a mercados emergentes. La misi\u00f3n finaliza con insumos estrat\u00e9gicos para implementar tecnolog\u00edas financieras con alto potencial de adopci\u00f3n. Fuentes: FINNOSummit, Finnovista, CNBV (Ley Fintech), Asociaci\u00f3n Fintech M\u00e9xico (2024).<\/p>\n","protected":false},"excerpt":{"rendered":"<p>La Misi\u00f3n Comercial en M\u00e9xico destacada en FinTech brinda una visi\u00f3n del ecosistema l\u00edder en Latinoam\u00e9rica en pagos digitales, criptos, neobanca y regulaci\u00f3n avanzada. El objetivo es conectar con startups, instituciones financieras y actores del marco regulatorio de la Ley Fintech. La agenda incluye Ciudad de M\u00e9xico y eventos como FINNOSummit y Finnovista, junto con [&hellip;]<\/p>\n","protected":false},"featured_media":7572,"template":"","meta":{"_acf_changed":false},"country":[941],"product_brand":[],"product_cat":[1017,893,1013],"product_tag":[924],"class_list":{"0":"post-6608","1":"product","2":"type-product","3":"status-publish","4":"has-post-thumbnail","6":"country-mexico","7":"product_cat-fintech","8":"product_cat-misiones-comerciales","9":"product_cat-tecnologia-de-la-informacion-ti-y-ciberseguridad","10":"product_tag-misiones-comerciales","12":"first","13":"instock","14":"virtual","15":"product-type-simple"},"acf":[],"_links":{"self":[{"href":"https:\/\/dcobys.com\/es\/wp-json\/wp\/v2\/product\/6608","targetHints":{"allow":["GET"]}}],"collection":[{"href":"https:\/\/dcobys.com\/es\/wp-json\/wp\/v2\/product"}],"about":[{"href":"https:\/\/dcobys.com\/es\/wp-json\/wp\/v2\/types\/product"}],"version-history":[{"count":0,"href":"https:\/\/dcobys.com\/es\/wp-json\/wp\/v2\/product\/6608\/revisions"}],"wp:featuredmedia":[{"embeddable":true,"href":"https:\/\/dcobys.com\/es\/wp-json\/wp\/v2\/media\/7572"}],"wp:attachment":[{"href":"https:\/\/dcobys.com\/es\/wp-json\/wp\/v2\/media?parent=6608"}],"wp:term":[{"taxonomy":"country","embeddable":true,"href":"https:\/\/dcobys.com\/es\/wp-json\/wp\/v2\/country?post=6608"},{"taxonomy":"product_brand","embeddable":true,"href":"https:\/\/dcobys.com\/es\/wp-json\/wp\/v2\/product_brand?post=6608"},{"taxonomy":"product_cat","embeddable":true,"href":"https:\/\/dcobys.com\/es\/wp-json\/wp\/v2\/product_cat?post=6608"},{"taxonomy":"product_tag","embeddable":true,"href":"https:\/\/dcobys.com\/es\/wp-json\/wp\/v2\/product_tag?post=6608"}],"curies":[{"name":"wp","href":"https:\/\/api.w.org\/{rel}","templated":true}]}}