{"id":6606,"date":"2025-12-15T13:01:57","date_gmt":"2025-12-15T18:01:57","guid":{"rendered":"https:\/\/dcobys.com\/services\/uncategorized\/fintech-canada-2\/"},"modified":"2026-01-30T21:35:59","modified_gmt":"2026-01-31T02:35:59","slug":"fintech-canada-2","status":"publish","type":"product","link":"https:\/\/dcobys.com\/es\/services\/misiones-comerciales\/tecnologia-de-la-informacion-ti-y-ciberseguridad\/fintech\/fintech-canada-2\/","title":{"rendered":"FinTech &#8211; Canad\u00e1"},"content":{"rendered":"<p>La Misi\u00f3n Comercial en Canad\u00e1 destacada en FinTech conecta a las empresas con un ecosistema s\u00f3lido en pagos, seguridad financiera, inversi\u00f3n digital y banca abierta. El objetivo es explorar soluciones escalables que combinan innovaci\u00f3n con estrictos est\u00e1ndares regulatorios. La visita incluye Toronto y actividades en el Canadian FinTech Forum, adem\u00e1s de reuniones con bancos, startups y centros de investigaci\u00f3n. La agenda aborda tecnolog\u00edas en IA financiera, insurtech, cr\u00e9dito digital y automatizaci\u00f3n de servicios. Los participantes obtendr\u00e1n oportunidades de cooperaci\u00f3n binacional y modelos aplicables a mercados regulados. Fuentes: Canadian FinTech Forum, MaRS Discovery District, Government of Canada \u2013 FinTech Landscape (2024).<\/p>\n","protected":false},"excerpt":{"rendered":"<p>La Misi\u00f3n Comercial en Canad\u00e1 destacada en FinTech conecta a las empresas con un ecosistema s\u00f3lido en pagos, seguridad financiera, inversi\u00f3n digital y banca abierta. El objetivo es explorar soluciones escalables que combinan innovaci\u00f3n con estrictos est\u00e1ndares regulatorios. La visita incluye Toronto y actividades en el Canadian FinTech Forum, adem\u00e1s de reuniones con bancos, startups [&hellip;]<\/p>\n","protected":false},"featured_media":7572,"template":"","meta":{"_acf_changed":false},"country":[926],"product_brand":[],"product_cat":[1017,893,1013],"product_tag":[924],"class_list":{"0":"post-6606","1":"product","2":"type-product","3":"status-publish","4":"has-post-thumbnail","6":"country-canada","7":"product_cat-fintech","8":"product_cat-misiones-comerciales","9":"product_cat-tecnologia-de-la-informacion-ti-y-ciberseguridad","10":"product_tag-misiones-comerciales","12":"first","13":"instock","14":"virtual","15":"product-type-simple"},"acf":[],"_links":{"self":[{"href":"https:\/\/dcobys.com\/es\/wp-json\/wp\/v2\/product\/6606","targetHints":{"allow":["GET"]}}],"collection":[{"href":"https:\/\/dcobys.com\/es\/wp-json\/wp\/v2\/product"}],"about":[{"href":"https:\/\/dcobys.com\/es\/wp-json\/wp\/v2\/types\/product"}],"version-history":[{"count":0,"href":"https:\/\/dcobys.com\/es\/wp-json\/wp\/v2\/product\/6606\/revisions"}],"wp:featuredmedia":[{"embeddable":true,"href":"https:\/\/dcobys.com\/es\/wp-json\/wp\/v2\/media\/7572"}],"wp:attachment":[{"href":"https:\/\/dcobys.com\/es\/wp-json\/wp\/v2\/media?parent=6606"}],"wp:term":[{"taxonomy":"country","embeddable":true,"href":"https:\/\/dcobys.com\/es\/wp-json\/wp\/v2\/country?post=6606"},{"taxonomy":"product_brand","embeddable":true,"href":"https:\/\/dcobys.com\/es\/wp-json\/wp\/v2\/product_brand?post=6606"},{"taxonomy":"product_cat","embeddable":true,"href":"https:\/\/dcobys.com\/es\/wp-json\/wp\/v2\/product_cat?post=6606"},{"taxonomy":"product_tag","embeddable":true,"href":"https:\/\/dcobys.com\/es\/wp-json\/wp\/v2\/product_tag?post=6606"}],"curies":[{"name":"wp","href":"https:\/\/api.w.org\/{rel}","templated":true}]}}