{"id":6604,"date":"2025-12-15T13:01:57","date_gmt":"2025-12-15T18:01:57","guid":{"rendered":"https:\/\/dcobys.com\/services\/uncategorized\/fintech-uk-2\/"},"modified":"2026-01-30T21:35:59","modified_gmt":"2026-01-31T02:35:59","slug":"fintech-uk-2","status":"publish","type":"product","link":"https:\/\/dcobys.com\/es\/services\/misiones-comerciales\/tecnologia-de-la-informacion-ti-y-ciberseguridad\/fintech\/fintech-uk-2\/","title":{"rendered":"FinTech &#8211; Reino Unido"},"content":{"rendered":"<p>La Misi\u00f3n Comercial en Reino Unido destacada en FinTech introduce a los participantes en el hub financiero y tecnol\u00f3gico m\u00e1s influyente de Europa. El objetivo es explorar tendencias en open banking, regtech, insurtech y pagos globales. La agenda cubre Londres con actividades en FinTech Week London y Money20\/20 Europe, adem\u00e1s de visitas a incubadoras, bancos digitales y organismos regulatorios como la FCA. Los participantes conocer\u00e1n casos de \u00e9xito en banca abierta, interoperabilidad y regulaci\u00f3n inteligente. La misi\u00f3n permite desarrollar estrategias para adoptar modelos escalables y seguros. Fuentes: FinTech Week London, Innovate Finance, FCA (Open Banking), Money20\/20 Europe (2024).<\/p>\n","protected":false},"excerpt":{"rendered":"<p>La Misi\u00f3n Comercial en Reino Unido destacada en FinTech introduce a los participantes en el hub financiero y tecnol\u00f3gico m\u00e1s influyente de Europa. El objetivo es explorar tendencias en open banking, regtech, insurtech y pagos globales. La agenda cubre Londres con actividades en FinTech Week London y Money20\/20 Europe, adem\u00e1s de visitas a incubadoras, bancos [&hellip;]<\/p>\n","protected":false},"featured_media":7572,"template":"","meta":{"_acf_changed":false},"country":[955],"product_brand":[],"product_cat":[1017,893,1013],"product_tag":[924],"class_list":{"0":"post-6604","1":"product","2":"type-product","3":"status-publish","4":"has-post-thumbnail","6":"country-reino-unido","7":"product_cat-fintech","8":"product_cat-misiones-comerciales","9":"product_cat-tecnologia-de-la-informacion-ti-y-ciberseguridad","10":"product_tag-misiones-comerciales","12":"first","13":"instock","14":"virtual","15":"product-type-simple"},"acf":[],"_links":{"self":[{"href":"https:\/\/dcobys.com\/es\/wp-json\/wp\/v2\/product\/6604","targetHints":{"allow":["GET"]}}],"collection":[{"href":"https:\/\/dcobys.com\/es\/wp-json\/wp\/v2\/product"}],"about":[{"href":"https:\/\/dcobys.com\/es\/wp-json\/wp\/v2\/types\/product"}],"version-history":[{"count":0,"href":"https:\/\/dcobys.com\/es\/wp-json\/wp\/v2\/product\/6604\/revisions"}],"wp:featuredmedia":[{"embeddable":true,"href":"https:\/\/dcobys.com\/es\/wp-json\/wp\/v2\/media\/7572"}],"wp:attachment":[{"href":"https:\/\/dcobys.com\/es\/wp-json\/wp\/v2\/media?parent=6604"}],"wp:term":[{"taxonomy":"country","embeddable":true,"href":"https:\/\/dcobys.com\/es\/wp-json\/wp\/v2\/country?post=6604"},{"taxonomy":"product_brand","embeddable":true,"href":"https:\/\/dcobys.com\/es\/wp-json\/wp\/v2\/product_brand?post=6604"},{"taxonomy":"product_cat","embeddable":true,"href":"https:\/\/dcobys.com\/es\/wp-json\/wp\/v2\/product_cat?post=6604"},{"taxonomy":"product_tag","embeddable":true,"href":"https:\/\/dcobys.com\/es\/wp-json\/wp\/v2\/product_tag?post=6604"}],"curies":[{"name":"wp","href":"https:\/\/api.w.org\/{rel}","templated":true}]}}