{"id":6602,"date":"2025-12-15T13:01:57","date_gmt":"2025-12-15T18:01:57","guid":{"rendered":"https:\/\/dcobys.com\/services\/uncategorized\/fintech-south-korea-2\/"},"modified":"2026-01-30T21:35:59","modified_gmt":"2026-01-31T02:35:59","slug":"fintech-south-korea-2","status":"publish","type":"product","link":"https:\/\/dcobys.com\/es\/services\/misiones-comerciales\/tecnologia-de-la-informacion-ti-y-ciberseguridad\/fintech\/fintech-south-korea-2\/","title":{"rendered":"FinTech &#8211; Corea del Sur"},"content":{"rendered":"<p>La Misi\u00f3n Comercial en Corea del Sur destacada en FinTech ofrece una inmersi\u00f3n en el ecosistema asi\u00e1tico l\u00edder en pagos m\u00f3viles, neobanca y biometr\u00eda financiera. El objetivo es conectar empresas con nuevas tecnolog\u00edas de autenticaci\u00f3n, wallets, plataformas de cr\u00e9dito digital y superapps. La visita incluye Se\u00fal, con acceso a FinTech Korea y Korea Fintech Week, adem\u00e1s de reuniones con bancos digitales y proveedores de IA financiera. Los participantes conocer\u00e1n modelos basados en hiperconectividad, 5G y automatizaci\u00f3n. La misi\u00f3n permite identificar oportunidades de cooperaci\u00f3n tecnol\u00f3gica y expansi\u00f3n en Asia. Fuentes: Korea Fintech Week, Financial Services Commission Korea, FinTech Center Korea, FinTech Korea Conference (2024).<\/p>\n","protected":false},"excerpt":{"rendered":"<p>La Misi\u00f3n Comercial en Corea del Sur destacada en FinTech ofrece una inmersi\u00f3n en el ecosistema asi\u00e1tico l\u00edder en pagos m\u00f3viles, neobanca y biometr\u00eda financiera. El objetivo es conectar empresas con nuevas tecnolog\u00edas de autenticaci\u00f3n, wallets, plataformas de cr\u00e9dito digital y superapps. La visita incluye Se\u00fal, con acceso a FinTech Korea y Korea Fintech Week, [&hellip;]<\/p>\n","protected":false},"featured_media":7572,"template":"","meta":{"_acf_changed":false},"country":[948],"product_brand":[],"product_cat":[1017,893,1013],"product_tag":[924],"class_list":{"0":"post-6602","1":"product","2":"type-product","3":"status-publish","4":"has-post-thumbnail","6":"country-corea-del-sur","7":"product_cat-fintech","8":"product_cat-misiones-comerciales","9":"product_cat-tecnologia-de-la-informacion-ti-y-ciberseguridad","10":"product_tag-misiones-comerciales","12":"first","13":"instock","14":"virtual","15":"product-type-simple"},"acf":[],"_links":{"self":[{"href":"https:\/\/dcobys.com\/es\/wp-json\/wp\/v2\/product\/6602","targetHints":{"allow":["GET"]}}],"collection":[{"href":"https:\/\/dcobys.com\/es\/wp-json\/wp\/v2\/product"}],"about":[{"href":"https:\/\/dcobys.com\/es\/wp-json\/wp\/v2\/types\/product"}],"version-history":[{"count":0,"href":"https:\/\/dcobys.com\/es\/wp-json\/wp\/v2\/product\/6602\/revisions"}],"wp:featuredmedia":[{"embeddable":true,"href":"https:\/\/dcobys.com\/es\/wp-json\/wp\/v2\/media\/7572"}],"wp:attachment":[{"href":"https:\/\/dcobys.com\/es\/wp-json\/wp\/v2\/media?parent=6602"}],"wp:term":[{"taxonomy":"country","embeddable":true,"href":"https:\/\/dcobys.com\/es\/wp-json\/wp\/v2\/country?post=6602"},{"taxonomy":"product_brand","embeddable":true,"href":"https:\/\/dcobys.com\/es\/wp-json\/wp\/v2\/product_brand?post=6602"},{"taxonomy":"product_cat","embeddable":true,"href":"https:\/\/dcobys.com\/es\/wp-json\/wp\/v2\/product_cat?post=6602"},{"taxonomy":"product_tag","embeddable":true,"href":"https:\/\/dcobys.com\/es\/wp-json\/wp\/v2\/product_tag?post=6602"}],"curies":[{"name":"wp","href":"https:\/\/api.w.org\/{rel}","templated":true}]}}