{"id":6596,"date":"2025-12-15T13:01:50","date_gmt":"2025-12-15T18:01:50","guid":{"rendered":"https:\/\/dcobys.com\/services\/uncategorized\/fintech-usa-2\/"},"modified":"2026-01-30T21:35:59","modified_gmt":"2026-01-31T02:35:59","slug":"fintech-usa-2","status":"publish","type":"product","link":"https:\/\/dcobys.com\/es\/services\/misiones-comerciales\/tecnologia-de-la-informacion-ti-y-ciberseguridad\/fintech\/fintech-usa-2\/","title":{"rendered":"FinTech &#8211; EE. UU."},"content":{"rendered":"<p>La Misi\u00f3n Comercial en EE. UU. destacada en FinTech conecta a los participantes con el ecosistema financiero m\u00e1s avanzado y competitivo del mundo. El objetivo es identificar oportunidades en pagos digitales, banca abierta, inteligencia artificial aplicada a servicios financieros y modelos emergentes de cr\u00e9dito. La agenda incluye visitas a Nueva York, donde operan hubs l\u00edderes en innovaci\u00f3n bancaria, junto con encuentros en Money20\/20 y Finovate. Los participantes conocer\u00e1n startups, fondos, aceleradoras y compa\u00f1\u00edas que est\u00e1n redefiniendo el futuro del dinero. La experiencia tambi\u00e9n permite comprender regulaciones, tendencias y tecnolog\u00edas escalables. Al finalizar, las empresas obtendr\u00e1n una visi\u00f3n estrat\u00e9gica para implementar soluciones financieras innovadoras en sus mercados. Fuentes: Money20\/20, Finovate, U.S. FinTech Report (CB Insights), NYC FinTech Innovation Hub (2024).<\/p>\n","protected":false},"excerpt":{"rendered":"<p>La Misi\u00f3n Comercial en EE. UU. destacada en FinTech conecta a los participantes con el ecosistema financiero m\u00e1s avanzado y competitivo del mundo. El objetivo es identificar oportunidades en pagos digitales, banca abierta, inteligencia artificial aplicada a servicios financieros y modelos emergentes de cr\u00e9dito. La agenda incluye visitas a Nueva York, donde operan hubs l\u00edderes [&hellip;]<\/p>\n","protected":false},"featured_media":7572,"template":"","meta":{"_acf_changed":false},"country":[954],"product_brand":[],"product_cat":[1017,893,1013],"product_tag":[924],"class_list":{"0":"post-6596","1":"product","2":"type-product","3":"status-publish","4":"has-post-thumbnail","6":"country-ee-uu","7":"product_cat-fintech","8":"product_cat-misiones-comerciales","9":"product_cat-tecnologia-de-la-informacion-ti-y-ciberseguridad","10":"product_tag-misiones-comerciales","12":"first","13":"instock","14":"virtual","15":"product-type-simple"},"acf":[],"_links":{"self":[{"href":"https:\/\/dcobys.com\/es\/wp-json\/wp\/v2\/product\/6596","targetHints":{"allow":["GET"]}}],"collection":[{"href":"https:\/\/dcobys.com\/es\/wp-json\/wp\/v2\/product"}],"about":[{"href":"https:\/\/dcobys.com\/es\/wp-json\/wp\/v2\/types\/product"}],"version-history":[{"count":0,"href":"https:\/\/dcobys.com\/es\/wp-json\/wp\/v2\/product\/6596\/revisions"}],"wp:featuredmedia":[{"embeddable":true,"href":"https:\/\/dcobys.com\/es\/wp-json\/wp\/v2\/media\/7572"}],"wp:attachment":[{"href":"https:\/\/dcobys.com\/es\/wp-json\/wp\/v2\/media?parent=6596"}],"wp:term":[{"taxonomy":"country","embeddable":true,"href":"https:\/\/dcobys.com\/es\/wp-json\/wp\/v2\/country?post=6596"},{"taxonomy":"product_brand","embeddable":true,"href":"https:\/\/dcobys.com\/es\/wp-json\/wp\/v2\/product_brand?post=6596"},{"taxonomy":"product_cat","embeddable":true,"href":"https:\/\/dcobys.com\/es\/wp-json\/wp\/v2\/product_cat?post=6596"},{"taxonomy":"product_tag","embeddable":true,"href":"https:\/\/dcobys.com\/es\/wp-json\/wp\/v2\/product_tag?post=6596"}],"curies":[{"name":"wp","href":"https:\/\/api.w.org\/{rel}","templated":true}]}}