{"id":6592,"date":"2025-12-15T13:01:50","date_gmt":"2025-12-15T18:01:50","guid":{"rendered":"https:\/\/dcobys.com\/services\/uncategorized\/cloud-computing-canada-2\/"},"modified":"2026-01-30T21:35:59","modified_gmt":"2026-01-31T02:35:59","slug":"cloud-computing-canada-2","status":"publish","type":"product","link":"https:\/\/dcobys.com\/es\/services\/misiones-comerciales\/tecnologia-de-la-informacion-ti-y-ciberseguridad\/cloud-computing\/cloud-computing-canada-2\/","title":{"rendered":"Cloud computing &#8211; Canad\u00e1"},"content":{"rendered":"<p>La Misi\u00f3n Comercial en Canad\u00e1 destacada en Cloud Computing introduce a los participantes a un ecosistema s\u00f3lido en inteligencia artificial, servicios digitales y computaci\u00f3n en la nube de alto rendimiento. El objetivo es generar conexiones con empresas tecnol\u00f3gicas, startups y centros de investigaci\u00f3n que desarrollan soluciones cloud escalables. La agenda se desarrolla en Montreal y Toronto con participaci\u00f3n en CloudSummit y foros especializados. Se incluyen visitas a centros de datos, laboratorios de IA e integradores de servicios. Los asistentes conocer\u00e1n modelos de seguridad, arquitecturas distribuidas y tendencias emergentes en cloud para industrias reguladas. El beneficio principal es adquirir herramientas y contactos que facilitan la modernizaci\u00f3n tecnol\u00f3gica. Al cierre, los participantes obtienen una hoja de ruta para implementar soluciones cloud competitivas. Fuentes: CloudSummit Canada, Innovation, Science and Economic Development Canada (2024).<\/p>\n","protected":false},"excerpt":{"rendered":"<p>La Misi\u00f3n Comercial en Canad\u00e1 destacada en Cloud Computing introduce a los participantes a un ecosistema s\u00f3lido en inteligencia artificial, servicios digitales y computaci\u00f3n en la nube de alto rendimiento. El objetivo es generar conexiones con empresas tecnol\u00f3gicas, startups y centros de investigaci\u00f3n que desarrollan soluciones cloud escalables. La agenda se desarrolla en Montreal y [&hellip;]<\/p>\n","protected":false},"featured_media":7564,"template":"","meta":{"_acf_changed":false},"country":[926],"product_brand":[],"product_cat":[1014,893,1013],"product_tag":[924],"class_list":{"0":"post-6592","1":"product","2":"type-product","3":"status-publish","4":"has-post-thumbnail","6":"country-canada","7":"product_cat-cloud-computing","8":"product_cat-misiones-comerciales","9":"product_cat-tecnologia-de-la-informacion-ti-y-ciberseguridad","10":"product_tag-misiones-comerciales","12":"first","13":"instock","14":"virtual","15":"product-type-simple"},"acf":[],"_links":{"self":[{"href":"https:\/\/dcobys.com\/es\/wp-json\/wp\/v2\/product\/6592","targetHints":{"allow":["GET"]}}],"collection":[{"href":"https:\/\/dcobys.com\/es\/wp-json\/wp\/v2\/product"}],"about":[{"href":"https:\/\/dcobys.com\/es\/wp-json\/wp\/v2\/types\/product"}],"version-history":[{"count":0,"href":"https:\/\/dcobys.com\/es\/wp-json\/wp\/v2\/product\/6592\/revisions"}],"wp:featuredmedia":[{"embeddable":true,"href":"https:\/\/dcobys.com\/es\/wp-json\/wp\/v2\/media\/7564"}],"wp:attachment":[{"href":"https:\/\/dcobys.com\/es\/wp-json\/wp\/v2\/media?parent=6592"}],"wp:term":[{"taxonomy":"country","embeddable":true,"href":"https:\/\/dcobys.com\/es\/wp-json\/wp\/v2\/country?post=6592"},{"taxonomy":"product_brand","embeddable":true,"href":"https:\/\/dcobys.com\/es\/wp-json\/wp\/v2\/product_brand?post=6592"},{"taxonomy":"product_cat","embeddable":true,"href":"https:\/\/dcobys.com\/es\/wp-json\/wp\/v2\/product_cat?post=6592"},{"taxonomy":"product_tag","embeddable":true,"href":"https:\/\/dcobys.com\/es\/wp-json\/wp\/v2\/product_tag?post=6592"}],"curies":[{"name":"wp","href":"https:\/\/api.w.org\/{rel}","templated":true}]}}