{"id":6590,"date":"2025-12-15T13:01:50","date_gmt":"2025-12-15T18:01:50","guid":{"rendered":"https:\/\/dcobys.com\/services\/uncategorized\/cloud-computing-uk-2\/"},"modified":"2026-01-30T21:35:59","modified_gmt":"2026-01-31T02:35:59","slug":"cloud-computing-uk-2","status":"publish","type":"product","link":"https:\/\/dcobys.com\/es\/services\/misiones-comerciales\/tecnologia-de-la-informacion-ti-y-ciberseguridad\/cloud-computing\/cloud-computing-uk-2\/","title":{"rendered":"Cloud computing &#8211; Reino Unido"},"content":{"rendered":"<p>La Misi\u00f3n Comercial en Reino Unido destacada en Cloud Computing ofrece una inmersi\u00f3n en uno de los polos digitales m\u00e1s influyentes de Europa, donde convergen empresas tecnol\u00f3gicas, consultoras globales y clusters especializados en servicios en la nube. El objetivo es conectar a los participantes con proveedores y expertos en DevOps, data governance y soluciones multicloud. La agenda se centra en Londres, con participaci\u00f3n en Cloud &#038; DevOps Summits, London Tech Week y visitas a centros de innovaci\u00f3n. Los asistentes explorar\u00e1n pr\u00e1cticas de gobernanza de datos, migraci\u00f3n avanzada y automatizaci\u00f3n empresarial. El valor de la misi\u00f3n radica en identificar oportunidades con el ecosistema europeo y comprender regulaciones tecnol\u00f3gicas clave. Al finalizar, los participantes obtienen lineamientos para fortalecer infraestructura y acelerar su adopci\u00f3n cloud. Fuentes: London Tech Week, Cloud &#038; DevOps Summit UK, UK Department for Business &#038; Trade (2024).<\/p>\n","protected":false},"excerpt":{"rendered":"<p>La Misi\u00f3n Comercial en Reino Unido destacada en Cloud Computing ofrece una inmersi\u00f3n en uno de los polos digitales m\u00e1s influyentes de Europa, donde convergen empresas tecnol\u00f3gicas, consultoras globales y clusters especializados en servicios en la nube. El objetivo es conectar a los participantes con proveedores y expertos en DevOps, data governance y soluciones multicloud. [&hellip;]<\/p>\n","protected":false},"featured_media":7564,"template":"","meta":{"_acf_changed":false},"country":[955],"product_brand":[],"product_cat":[1014,893,1013],"product_tag":[924],"class_list":{"0":"post-6590","1":"product","2":"type-product","3":"status-publish","4":"has-post-thumbnail","6":"country-reino-unido","7":"product_cat-cloud-computing","8":"product_cat-misiones-comerciales","9":"product_cat-tecnologia-de-la-informacion-ti-y-ciberseguridad","10":"product_tag-misiones-comerciales","12":"first","13":"instock","14":"virtual","15":"product-type-simple"},"acf":[],"_links":{"self":[{"href":"https:\/\/dcobys.com\/es\/wp-json\/wp\/v2\/product\/6590","targetHints":{"allow":["GET"]}}],"collection":[{"href":"https:\/\/dcobys.com\/es\/wp-json\/wp\/v2\/product"}],"about":[{"href":"https:\/\/dcobys.com\/es\/wp-json\/wp\/v2\/types\/product"}],"version-history":[{"count":0,"href":"https:\/\/dcobys.com\/es\/wp-json\/wp\/v2\/product\/6590\/revisions"}],"wp:featuredmedia":[{"embeddable":true,"href":"https:\/\/dcobys.com\/es\/wp-json\/wp\/v2\/media\/7564"}],"wp:attachment":[{"href":"https:\/\/dcobys.com\/es\/wp-json\/wp\/v2\/media?parent=6590"}],"wp:term":[{"taxonomy":"country","embeddable":true,"href":"https:\/\/dcobys.com\/es\/wp-json\/wp\/v2\/country?post=6590"},{"taxonomy":"product_brand","embeddable":true,"href":"https:\/\/dcobys.com\/es\/wp-json\/wp\/v2\/product_brand?post=6590"},{"taxonomy":"product_cat","embeddable":true,"href":"https:\/\/dcobys.com\/es\/wp-json\/wp\/v2\/product_cat?post=6590"},{"taxonomy":"product_tag","embeddable":true,"href":"https:\/\/dcobys.com\/es\/wp-json\/wp\/v2\/product_tag?post=6590"}],"curies":[{"name":"wp","href":"https:\/\/api.w.org\/{rel}","templated":true}]}}