{"id":6588,"date":"2025-12-15T13:01:50","date_gmt":"2025-12-15T18:01:50","guid":{"rendered":"https:\/\/dcobys.com\/services\/uncategorized\/cloud-computing-south-korea-2\/"},"modified":"2026-01-30T21:35:59","modified_gmt":"2026-01-31T02:35:59","slug":"cloud-computing-south-korea-2","status":"publish","type":"product","link":"https:\/\/dcobys.com\/es\/services\/misiones-comerciales\/tecnologia-de-la-informacion-ti-y-ciberseguridad\/cloud-computing\/cloud-computing-south-korea-2\/","title":{"rendered":"Cloud computing &#8211; Corea del Sur"},"content":{"rendered":"<p>La Misi\u00f3n Comercial en Corea del Sur destacada en Cloud Computing acerca a los participantes a uno de los ecosistemas m\u00e1s avanzados en conectividad, data centers y tecnolog\u00edas escalables del noreste asi\u00e1tico. El objetivo es vincular empresas con proveedores, integradores y desarrolladores coreanos expertos en soluciones de nube p\u00fablica, privada y edge computing. La agenda incluye Se\u00fal y Daejeon con participaci\u00f3n en Cloud &#038; Data Expo Korea y foros de innovaci\u00f3n digital. Los asistentes conocer\u00e1n tendencias en automatizaci\u00f3n, big data, 5G cloud-enabled y modelos de infraestructura inteligente. Las visitas empresariales permiten identificar oportunidades en interoperabilidad y transformaci\u00f3n digital. El beneficio clave es acceder a tecnolog\u00edas altamente eficientes y alianzas estrat\u00e9gicas con empresas coreanas. La misi\u00f3n concluye con un roadmap claro para optimizar infraestructuras cloud con est\u00e1ndares asi\u00e1ticos de desempe\u00f1o. Fuentes: Cloud &#038; Data Expo Korea, KOSA, Ministry of Science and ICT Korea (2024).<\/p>\n","protected":false},"excerpt":{"rendered":"<p>La Misi\u00f3n Comercial en Corea del Sur destacada en Cloud Computing acerca a los participantes a uno de los ecosistemas m\u00e1s avanzados en conectividad, data centers y tecnolog\u00edas escalables del noreste asi\u00e1tico. El objetivo es vincular empresas con proveedores, integradores y desarrolladores coreanos expertos en soluciones de nube p\u00fablica, privada y edge computing. La agenda [&hellip;]<\/p>\n","protected":false},"featured_media":7564,"template":"","meta":{"_acf_changed":false},"country":[948],"product_brand":[],"product_cat":[1014,893,1013],"product_tag":[924],"class_list":{"0":"post-6588","1":"product","2":"type-product","3":"status-publish","4":"has-post-thumbnail","6":"country-corea-del-sur","7":"product_cat-cloud-computing","8":"product_cat-misiones-comerciales","9":"product_cat-tecnologia-de-la-informacion-ti-y-ciberseguridad","10":"product_tag-misiones-comerciales","12":"first","13":"instock","14":"virtual","15":"product-type-simple"},"acf":[],"_links":{"self":[{"href":"https:\/\/dcobys.com\/es\/wp-json\/wp\/v2\/product\/6588","targetHints":{"allow":["GET"]}}],"collection":[{"href":"https:\/\/dcobys.com\/es\/wp-json\/wp\/v2\/product"}],"about":[{"href":"https:\/\/dcobys.com\/es\/wp-json\/wp\/v2\/types\/product"}],"version-history":[{"count":0,"href":"https:\/\/dcobys.com\/es\/wp-json\/wp\/v2\/product\/6588\/revisions"}],"wp:featuredmedia":[{"embeddable":true,"href":"https:\/\/dcobys.com\/es\/wp-json\/wp\/v2\/media\/7564"}],"wp:attachment":[{"href":"https:\/\/dcobys.com\/es\/wp-json\/wp\/v2\/media?parent=6588"}],"wp:term":[{"taxonomy":"country","embeddable":true,"href":"https:\/\/dcobys.com\/es\/wp-json\/wp\/v2\/country?post=6588"},{"taxonomy":"product_brand","embeddable":true,"href":"https:\/\/dcobys.com\/es\/wp-json\/wp\/v2\/product_brand?post=6588"},{"taxonomy":"product_cat","embeddable":true,"href":"https:\/\/dcobys.com\/es\/wp-json\/wp\/v2\/product_cat?post=6588"},{"taxonomy":"product_tag","embeddable":true,"href":"https:\/\/dcobys.com\/es\/wp-json\/wp\/v2\/product_tag?post=6588"}],"curies":[{"name":"wp","href":"https:\/\/api.w.org\/{rel}","templated":true}]}}