{"id":6580,"date":"2025-12-15T13:01:50","date_gmt":"2025-12-15T18:01:50","guid":{"rendered":"https:\/\/dcobys.com\/services\/uncategorized\/software-mexico-2\/"},"modified":"2026-01-30T21:35:59","modified_gmt":"2026-01-31T02:35:59","slug":"software-mexico-2","status":"publish","type":"product","link":"https:\/\/dcobys.com\/es\/services\/misiones-comerciales\/tecnologia-de-la-informacion-ti-y-ciberseguridad\/software\/software-mexico-2\/","title":{"rendered":"Software &#8211; M\u00e9xico"},"content":{"rendered":"<p>La Misi\u00f3n Comercial en M\u00e9xico destacada en el sector de Software conecta a los participantes con el hub tecnol\u00f3gico m\u00e1s grande del pa\u00eds, conocido como el \u201cSilicon Valley mexicano\u201d. El objetivo es facilitar la vinculaci\u00f3n con desarrolladores, cl\u00fasteres de software, integradores y empresas de TI. El enfoque incluye Guadalajara y Monterrey. La agenda contempla Campus Party, ferias de innovaci\u00f3n, eventos para desarrolladores y visitas a compa\u00f1\u00edas de software y nearshoring. Los asistentes participar\u00e1n en reuniones, talleres y espacios de networking. La misi\u00f3n ofrece beneficios como alianzas para desarrollo, exploraci\u00f3n de talento competitivo y oportunidades de colaboraci\u00f3n regional. Al concluir, los participantes obtendr\u00e1n claridad para fortalecer su estrategia tecnol\u00f3gica. Fuentes: Campus Party M\u00e9xico, Talent Network, Cl\u00faster Guadalajara (2024).}<\/p>\n","protected":false},"excerpt":{"rendered":"<p>La Misi\u00f3n Comercial en M\u00e9xico destacada en el sector de Software conecta a los participantes con el hub tecnol\u00f3gico m\u00e1s grande del pa\u00eds, conocido como el \u201cSilicon Valley mexicano\u201d. El objetivo es facilitar la vinculaci\u00f3n con desarrolladores, cl\u00fasteres de software, integradores y empresas de TI. El enfoque incluye Guadalajara y Monterrey. La agenda contempla Campus [&hellip;]<\/p>\n","protected":false},"featured_media":7757,"template":"","meta":{"_acf_changed":false},"country":[941],"product_brand":[],"product_cat":[893,1019,1013],"product_tag":[924],"class_list":{"0":"post-6580","1":"product","2":"type-product","3":"status-publish","4":"has-post-thumbnail","6":"country-mexico","7":"product_cat-misiones-comerciales","8":"product_cat-software","9":"product_cat-tecnologia-de-la-informacion-ti-y-ciberseguridad","10":"product_tag-misiones-comerciales","12":"first","13":"instock","14":"virtual","15":"product-type-simple"},"acf":[],"_links":{"self":[{"href":"https:\/\/dcobys.com\/es\/wp-json\/wp\/v2\/product\/6580","targetHints":{"allow":["GET"]}}],"collection":[{"href":"https:\/\/dcobys.com\/es\/wp-json\/wp\/v2\/product"}],"about":[{"href":"https:\/\/dcobys.com\/es\/wp-json\/wp\/v2\/types\/product"}],"version-history":[{"count":0,"href":"https:\/\/dcobys.com\/es\/wp-json\/wp\/v2\/product\/6580\/revisions"}],"wp:featuredmedia":[{"embeddable":true,"href":"https:\/\/dcobys.com\/es\/wp-json\/wp\/v2\/media\/7757"}],"wp:attachment":[{"href":"https:\/\/dcobys.com\/es\/wp-json\/wp\/v2\/media?parent=6580"}],"wp:term":[{"taxonomy":"country","embeddable":true,"href":"https:\/\/dcobys.com\/es\/wp-json\/wp\/v2\/country?post=6580"},{"taxonomy":"product_brand","embeddable":true,"href":"https:\/\/dcobys.com\/es\/wp-json\/wp\/v2\/product_brand?post=6580"},{"taxonomy":"product_cat","embeddable":true,"href":"https:\/\/dcobys.com\/es\/wp-json\/wp\/v2\/product_cat?post=6580"},{"taxonomy":"product_tag","embeddable":true,"href":"https:\/\/dcobys.com\/es\/wp-json\/wp\/v2\/product_tag?post=6580"}],"curies":[{"name":"wp","href":"https:\/\/api.w.org\/{rel}","templated":true}]}}