{"id":6578,"date":"2025-12-15T13:01:50","date_gmt":"2025-12-15T18:01:50","guid":{"rendered":"https:\/\/dcobys.com\/services\/uncategorized\/software-canada-2\/"},"modified":"2026-01-30T21:35:59","modified_gmt":"2026-01-31T02:35:59","slug":"software-canada-2","status":"publish","type":"product","link":"https:\/\/dcobys.com\/es\/services\/misiones-comerciales\/tecnologia-de-la-informacion-ti-y-ciberseguridad\/software\/software-canada-2\/","title":{"rendered":"Software &#8211; Canad\u00e1"},"content":{"rendered":"<p>La Misi\u00f3n Comercial en Canad\u00e1 destacada en el sector de Software abre oportunidades en uno de los ecosistemas m\u00e1s s\u00f3lidos en IA, desarrollo y anal\u00edtica avanzada. El objetivo es conectar empresas con proveedores, startups y hubs especializados. El enfoque se ubica en Toronto y Waterloo, zonas l\u00edderes en investigaci\u00f3n tecnol\u00f3gica. La agenda incluye Collision Conference, Elevate Toronto y visitas a centros de innovaci\u00f3n. Los participantes se reunir\u00e1n con desarrolladores, laboratorios de IA y firmas de software escalable. Los beneficios incluyen acceso a talento calificado, oportunidades de cooperaci\u00f3n y exposici\u00f3n a tendencias en machine learning y cloud. Al finalizar, los asistentes obtendr\u00e1n una visi\u00f3n estrat\u00e9gica para la evoluci\u00f3n de sus soluciones. Fuentes: Collision Conference, Elevate Toronto (2024).<\/p>\n","protected":false},"excerpt":{"rendered":"<p>La Misi\u00f3n Comercial en Canad\u00e1 destacada en el sector de Software abre oportunidades en uno de los ecosistemas m\u00e1s s\u00f3lidos en IA, desarrollo y anal\u00edtica avanzada. El objetivo es conectar empresas con proveedores, startups y hubs especializados. El enfoque se ubica en Toronto y Waterloo, zonas l\u00edderes en investigaci\u00f3n tecnol\u00f3gica. La agenda incluye Collision Conference, [&hellip;]<\/p>\n","protected":false},"featured_media":7757,"template":"","meta":{"_acf_changed":false},"country":[926],"product_brand":[],"product_cat":[893,1019,1013],"product_tag":[924],"class_list":{"0":"post-6578","1":"product","2":"type-product","3":"status-publish","4":"has-post-thumbnail","6":"country-canada","7":"product_cat-misiones-comerciales","8":"product_cat-software","9":"product_cat-tecnologia-de-la-informacion-ti-y-ciberseguridad","10":"product_tag-misiones-comerciales","12":"first","13":"instock","14":"virtual","15":"product-type-simple"},"acf":[],"_links":{"self":[{"href":"https:\/\/dcobys.com\/es\/wp-json\/wp\/v2\/product\/6578","targetHints":{"allow":["GET"]}}],"collection":[{"href":"https:\/\/dcobys.com\/es\/wp-json\/wp\/v2\/product"}],"about":[{"href":"https:\/\/dcobys.com\/es\/wp-json\/wp\/v2\/types\/product"}],"version-history":[{"count":0,"href":"https:\/\/dcobys.com\/es\/wp-json\/wp\/v2\/product\/6578\/revisions"}],"wp:featuredmedia":[{"embeddable":true,"href":"https:\/\/dcobys.com\/es\/wp-json\/wp\/v2\/media\/7757"}],"wp:attachment":[{"href":"https:\/\/dcobys.com\/es\/wp-json\/wp\/v2\/media?parent=6578"}],"wp:term":[{"taxonomy":"country","embeddable":true,"href":"https:\/\/dcobys.com\/es\/wp-json\/wp\/v2\/country?post=6578"},{"taxonomy":"product_brand","embeddable":true,"href":"https:\/\/dcobys.com\/es\/wp-json\/wp\/v2\/product_brand?post=6578"},{"taxonomy":"product_cat","embeddable":true,"href":"https:\/\/dcobys.com\/es\/wp-json\/wp\/v2\/product_cat?post=6578"},{"taxonomy":"product_tag","embeddable":true,"href":"https:\/\/dcobys.com\/es\/wp-json\/wp\/v2\/product_tag?post=6578"}],"curies":[{"name":"wp","href":"https:\/\/api.w.org\/{rel}","templated":true}]}}