{"id":6576,"date":"2025-12-15T13:01:50","date_gmt":"2025-12-15T18:01:50","guid":{"rendered":"https:\/\/dcobys.com\/services\/uncategorized\/software-uk-2\/"},"modified":"2026-01-30T21:35:59","modified_gmt":"2026-01-31T02:35:59","slug":"software-uk-2","status":"publish","type":"product","link":"https:\/\/dcobys.com\/es\/services\/misiones-comerciales\/tecnologia-de-la-informacion-ti-y-ciberseguridad\/software\/software-uk-2\/","title":{"rendered":"Software &#8211; Reino Unido"},"content":{"rendered":"<p>La Misi\u00f3n Comercial en Reino Unido destacada en el sector de Software conecta a los participantes con el ecosistema europeo m\u00e1s activo en innovaci\u00f3n tecnol\u00f3gica. El objetivo es vincular empresas con actores clave en software empresarial, fintech, IA y ciberseguridad. El enfoque se desarrolla en Londres, epicentro global de tecnolog\u00eda y servicios digitales. La agenda contempla London Tech Week, Web Summit (regi\u00f3n Europa) y encuentros con aceleradoras. Los asistentes participar\u00e1n en sesiones de networking, reuniones con desarrolladores y an\u00e1lisis de tendencias. La misi\u00f3n ofrece beneficios como acceso a mercados europeos, actualizaci\u00f3n tecnol\u00f3gica y generaci\u00f3n de oportunidades comerciales. Al terminar, los participantes tendr\u00e1n una hoja de ruta clara para impulsar su transformaci\u00f3n digital. Fuentes: London Tech Week, Web Summit Europe (2024).<\/p>\n","protected":false},"excerpt":{"rendered":"<p>La Misi\u00f3n Comercial en Reino Unido destacada en el sector de Software conecta a los participantes con el ecosistema europeo m\u00e1s activo en innovaci\u00f3n tecnol\u00f3gica. El objetivo es vincular empresas con actores clave en software empresarial, fintech, IA y ciberseguridad. El enfoque se desarrolla en Londres, epicentro global de tecnolog\u00eda y servicios digitales. La agenda [&hellip;]<\/p>\n","protected":false},"featured_media":7757,"template":"","meta":{"_acf_changed":false},"country":[955],"product_brand":[],"product_cat":[893,1019,1013],"product_tag":[924],"class_list":{"0":"post-6576","1":"product","2":"type-product","3":"status-publish","4":"has-post-thumbnail","6":"country-reino-unido","7":"product_cat-misiones-comerciales","8":"product_cat-software","9":"product_cat-tecnologia-de-la-informacion-ti-y-ciberseguridad","10":"product_tag-misiones-comerciales","12":"first","13":"instock","14":"virtual","15":"product-type-simple"},"acf":[],"_links":{"self":[{"href":"https:\/\/dcobys.com\/es\/wp-json\/wp\/v2\/product\/6576","targetHints":{"allow":["GET"]}}],"collection":[{"href":"https:\/\/dcobys.com\/es\/wp-json\/wp\/v2\/product"}],"about":[{"href":"https:\/\/dcobys.com\/es\/wp-json\/wp\/v2\/types\/product"}],"version-history":[{"count":0,"href":"https:\/\/dcobys.com\/es\/wp-json\/wp\/v2\/product\/6576\/revisions"}],"wp:featuredmedia":[{"embeddable":true,"href":"https:\/\/dcobys.com\/es\/wp-json\/wp\/v2\/media\/7757"}],"wp:attachment":[{"href":"https:\/\/dcobys.com\/es\/wp-json\/wp\/v2\/media?parent=6576"}],"wp:term":[{"taxonomy":"country","embeddable":true,"href":"https:\/\/dcobys.com\/es\/wp-json\/wp\/v2\/country?post=6576"},{"taxonomy":"product_brand","embeddable":true,"href":"https:\/\/dcobys.com\/es\/wp-json\/wp\/v2\/product_brand?post=6576"},{"taxonomy":"product_cat","embeddable":true,"href":"https:\/\/dcobys.com\/es\/wp-json\/wp\/v2\/product_cat?post=6576"},{"taxonomy":"product_tag","embeddable":true,"href":"https:\/\/dcobys.com\/es\/wp-json\/wp\/v2\/product_tag?post=6576"}],"curies":[{"name":"wp","href":"https:\/\/api.w.org\/{rel}","templated":true}]}}