{"id":6560,"date":"2025-12-15T13:01:50","date_gmt":"2025-12-15T18:01:50","guid":{"rendered":"https:\/\/dcobys.com\/services\/uncategorized\/energy-efficiency-uae-2\/"},"modified":"2026-01-30T21:35:58","modified_gmt":"2026-01-31T02:35:58","slug":"energy-efficiency-uae-2","status":"publish","type":"product","link":"https:\/\/dcobys.com\/es\/services\/misiones-comerciales\/construccion-e-infraestructura\/eficiencia-energetica\/energy-efficiency-uae-2\/","title":{"rendered":"Eficiencia energ\u00e9tica &#8211; Emiratos \u00c1rabes Unidos"},"content":{"rendered":"<p>La Misi\u00f3n Comercial en Emiratos \u00c1rabes Unidos destacada en Eficiencia Energ\u00e9tica ofrece una inmersi\u00f3n en uno de los hubs globales m\u00e1s relevantes para energ\u00eda renovable, eficiencia en edificios y soluciones de gesti\u00f3n inteligente para ciudades de r\u00e1pido crecimiento. Su objetivo es conectar a las empresas con actores clave en transici\u00f3n energ\u00e9tica, smart grids y sistemas sostenibles. La agenda incluye Dub\u00e1i, con su ecosistema de innovaci\u00f3n urbana, y Abu Dabi, sede de World Future Energy Summit y Middle East Energy. Los asistentes participan en ferias, foros t\u00e9cnicos y visitas a proyectos emblem\u00e1ticos como comunidades solares, edificios de consumo casi nulo y zonas econ\u00f3micas verdes. Tambi\u00e9n se coordinan reuniones con desarrolladores, entidades p\u00fablicas y empresas de ingenier\u00eda energ\u00e9tica. Esta misi\u00f3n permite acceder a tecnolog\u00edas de vanguardia y a un mercado con alta demanda de soluciones eficientes adaptables a Latinoam\u00e9rica. Fuentes: Middle East Energy, Masdar, WFES, Dubai Supreme Council of Energy.<\/p>\n","protected":false},"excerpt":{"rendered":"<p>La Misi\u00f3n Comercial en Emiratos \u00c1rabes Unidos destacada en Eficiencia Energ\u00e9tica ofrece una inmersi\u00f3n en uno de los hubs globales m\u00e1s relevantes para energ\u00eda renovable, eficiencia en edificios y soluciones de gesti\u00f3n inteligente para ciudades de r\u00e1pido crecimiento. Su objetivo es conectar a las empresas con actores clave en transici\u00f3n energ\u00e9tica, smart grids y sistemas [&hellip;]<\/p>\n","protected":false},"featured_media":8653,"template":"","meta":{"_acf_changed":false},"country":[953],"product_brand":[],"product_cat":[974,979,893],"product_tag":[924],"class_list":{"0":"post-6560","1":"product","2":"type-product","3":"status-publish","4":"has-post-thumbnail","6":"country-emiratos-arabes-unidos","7":"product_cat-construccion-e-infraestructura","8":"product_cat-eficiencia-energetica","9":"product_cat-misiones-comerciales","10":"product_tag-misiones-comerciales","12":"first","13":"instock","14":"virtual","15":"product-type-simple"},"acf":[],"_links":{"self":[{"href":"https:\/\/dcobys.com\/es\/wp-json\/wp\/v2\/product\/6560","targetHints":{"allow":["GET"]}}],"collection":[{"href":"https:\/\/dcobys.com\/es\/wp-json\/wp\/v2\/product"}],"about":[{"href":"https:\/\/dcobys.com\/es\/wp-json\/wp\/v2\/types\/product"}],"version-history":[{"count":0,"href":"https:\/\/dcobys.com\/es\/wp-json\/wp\/v2\/product\/6560\/revisions"}],"wp:featuredmedia":[{"embeddable":true,"href":"https:\/\/dcobys.com\/es\/wp-json\/wp\/v2\/media\/8653"}],"wp:attachment":[{"href":"https:\/\/dcobys.com\/es\/wp-json\/wp\/v2\/media?parent=6560"}],"wp:term":[{"taxonomy":"country","embeddable":true,"href":"https:\/\/dcobys.com\/es\/wp-json\/wp\/v2\/country?post=6560"},{"taxonomy":"product_brand","embeddable":true,"href":"https:\/\/dcobys.com\/es\/wp-json\/wp\/v2\/product_brand?post=6560"},{"taxonomy":"product_cat","embeddable":true,"href":"https:\/\/dcobys.com\/es\/wp-json\/wp\/v2\/product_cat?post=6560"},{"taxonomy":"product_tag","embeddable":true,"href":"https:\/\/dcobys.com\/es\/wp-json\/wp\/v2\/product_tag?post=6560"}],"curies":[{"name":"wp","href":"https:\/\/api.w.org\/{rel}","templated":true}]}}