{"id":6556,"date":"2025-12-15T13:01:42","date_gmt":"2025-12-15T18:01:42","guid":{"rendered":"https:\/\/dcobys.com\/services\/uncategorized\/energy-efficiency-usa-2\/"},"modified":"2026-01-30T21:35:58","modified_gmt":"2026-01-31T02:35:58","slug":"energy-efficiency-usa-2","status":"publish","type":"product","link":"https:\/\/dcobys.com\/es\/services\/misiones-comerciales\/construccion-e-infraestructura\/eficiencia-energetica\/energy-efficiency-usa-2\/","title":{"rendered":"Eficiencia energ\u00e9tica &#8211; EE. UU."},"content":{"rendered":"<p>La Misi\u00f3n Comercial en EE. UU. destacada en Eficiencia Energ\u00e9tica conecta a los participantes con uno de los ecosistemas m\u00e1s avanzados en tecnolog\u00edas para edificios inteligentes, HVAC de \u00faltima generaci\u00f3n y soluciones de sostenibilidad aplicadas a infraestructura urbana. El objetivo es facilitar el acceso a proveedores, integradores y plataformas que lideran la transici\u00f3n energ\u00e9tica del sector construcci\u00f3n. La agenda incluye Boston, un polo clave en innovaci\u00f3n, donde se desarrollan soluciones pioneras para gesti\u00f3n energ\u00e9tica, climatizaci\u00f3n eficiente y sistemas integrados. Los asistentes participar\u00e1n en AHR Expo, Greenbuild y seminarios especializados en energ\u00eda aplicada a edificaciones. Tambi\u00e9n se organizan reuniones con fabricantes, integradores, laboratorios y asociaciones t\u00e9cnicas. El valor de la misi\u00f3n radica en identificar tecnolog\u00edas escalables, oportunidades comerciales y est\u00e1ndares regulatorios estadounidenses aplicables al mercado latinoamericano. Ideal para empresas que buscan acelerar la eficiencia operativa y la reducci\u00f3n de emisiones. Fuentes: AHR Expo, Greenbuild, U.S. DOE, ACEEE.<\/p>\n","protected":false},"excerpt":{"rendered":"<p>La Misi\u00f3n Comercial en EE. UU. destacada en Eficiencia Energ\u00e9tica conecta a los participantes con uno de los ecosistemas m\u00e1s avanzados en tecnolog\u00edas para edificios inteligentes, HVAC de \u00faltima generaci\u00f3n y soluciones de sostenibilidad aplicadas a infraestructura urbana. El objetivo es facilitar el acceso a proveedores, integradores y plataformas que lideran la transici\u00f3n energ\u00e9tica del [&hellip;]<\/p>\n","protected":false},"featured_media":0,"template":"","meta":{"_acf_changed":false},"country":[954],"product_brand":[],"product_cat":[974,979,893],"product_tag":[924],"class_list":{"0":"post-6556","1":"product","2":"type-product","3":"status-publish","5":"country-ee-uu","6":"product_cat-construccion-e-infraestructura","7":"product_cat-eficiencia-energetica","8":"product_cat-misiones-comerciales","9":"product_tag-misiones-comerciales","11":"first","12":"instock","13":"virtual","14":"product-type-simple"},"acf":[],"_links":{"self":[{"href":"https:\/\/dcobys.com\/es\/wp-json\/wp\/v2\/product\/6556","targetHints":{"allow":["GET"]}}],"collection":[{"href":"https:\/\/dcobys.com\/es\/wp-json\/wp\/v2\/product"}],"about":[{"href":"https:\/\/dcobys.com\/es\/wp-json\/wp\/v2\/types\/product"}],"version-history":[{"count":0,"href":"https:\/\/dcobys.com\/es\/wp-json\/wp\/v2\/product\/6556\/revisions"}],"wp:attachment":[{"href":"https:\/\/dcobys.com\/es\/wp-json\/wp\/v2\/media?parent=6556"}],"wp:term":[{"taxonomy":"country","embeddable":true,"href":"https:\/\/dcobys.com\/es\/wp-json\/wp\/v2\/country?post=6556"},{"taxonomy":"product_brand","embeddable":true,"href":"https:\/\/dcobys.com\/es\/wp-json\/wp\/v2\/product_brand?post=6556"},{"taxonomy":"product_cat","embeddable":true,"href":"https:\/\/dcobys.com\/es\/wp-json\/wp\/v2\/product_cat?post=6556"},{"taxonomy":"product_tag","embeddable":true,"href":"https:\/\/dcobys.com\/es\/wp-json\/wp\/v2\/product_tag?post=6556"}],"curies":[{"name":"wp","href":"https:\/\/api.w.org\/{rel}","templated":true}]}}