{"id":6550,"date":"2025-12-15T13:01:42","date_gmt":"2025-12-15T18:01:42","guid":{"rendered":"https:\/\/dcobys.com\/services\/uncategorized\/prefabrication-germany-2\/"},"modified":"2026-01-30T21:35:58","modified_gmt":"2026-01-31T02:35:58","slug":"prefabrication-germany-2","status":"publish","type":"product","link":"https:\/\/dcobys.com\/es\/services\/misiones-comerciales\/construccion-e-infraestructura\/prefabricacion\/prefabrication-germany-2\/","title":{"rendered":"Prefabricaci\u00f3n &#8211; Alemania"},"content":{"rendered":"<p>La Misi\u00f3n Comercial en Alemania destacada en la Prefabricaci\u00f3n conecta a los asistentes con uno de los mercados m\u00e1s desarrollados en construcci\u00f3n industrializada, estandarizaci\u00f3n t\u00e9cnica y eficiencia energ\u00e9tica. El objetivo es identificar tecnolog\u00edas de panelizaci\u00f3n, m\u00f3dulos estructurales y componentes de madera laminada aplicados a proyectos sostenibles. La misi\u00f3n recorre Leipzig y ciudades industriales con plantas automatizadas y centros de ingenier\u00eda. La agenda incluye BAU M\u00fanich y ferias especializadas, adem\u00e1s de visitas a fabricantes de estructuras modulares y reuniones con institutos de investigaci\u00f3n. El programa ofrece acceso a innovaci\u00f3n en materiales, certificaciones europeas y procesos altamente eficientes. Al finalizar, los participantes podr\u00e1n evaluar modelos replicables y alianzas tecnol\u00f3gicas. Fuentes: BAU Munich; Fraunhofer Building Innovation; German Prefabricated Construction Association (2024).<\/p>\n","protected":false},"excerpt":{"rendered":"<p>La Misi\u00f3n Comercial en Alemania destacada en la Prefabricaci\u00f3n conecta a los asistentes con uno de los mercados m\u00e1s desarrollados en construcci\u00f3n industrializada, estandarizaci\u00f3n t\u00e9cnica y eficiencia energ\u00e9tica. El objetivo es identificar tecnolog\u00edas de panelizaci\u00f3n, m\u00f3dulos estructurales y componentes de madera laminada aplicados a proyectos sostenibles. La misi\u00f3n recorre Leipzig y ciudades industriales con plantas [&hellip;]<\/p>\n","protected":false},"featured_media":8638,"template":"","meta":{"_acf_changed":false},"country":[934],"product_brand":[],"product_cat":[974,893,978],"product_tag":[924],"class_list":{"0":"post-6550","1":"product","2":"type-product","3":"status-publish","4":"has-post-thumbnail","6":"country-alemania","7":"product_cat-construccion-e-infraestructura","8":"product_cat-misiones-comerciales","9":"product_cat-prefabricacion","10":"product_tag-misiones-comerciales","12":"first","13":"instock","14":"virtual","15":"product-type-simple"},"acf":[],"_links":{"self":[{"href":"https:\/\/dcobys.com\/es\/wp-json\/wp\/v2\/product\/6550","targetHints":{"allow":["GET"]}}],"collection":[{"href":"https:\/\/dcobys.com\/es\/wp-json\/wp\/v2\/product"}],"about":[{"href":"https:\/\/dcobys.com\/es\/wp-json\/wp\/v2\/types\/product"}],"version-history":[{"count":0,"href":"https:\/\/dcobys.com\/es\/wp-json\/wp\/v2\/product\/6550\/revisions"}],"wp:featuredmedia":[{"embeddable":true,"href":"https:\/\/dcobys.com\/es\/wp-json\/wp\/v2\/media\/8638"}],"wp:attachment":[{"href":"https:\/\/dcobys.com\/es\/wp-json\/wp\/v2\/media?parent=6550"}],"wp:term":[{"taxonomy":"country","embeddable":true,"href":"https:\/\/dcobys.com\/es\/wp-json\/wp\/v2\/country?post=6550"},{"taxonomy":"product_brand","embeddable":true,"href":"https:\/\/dcobys.com\/es\/wp-json\/wp\/v2\/product_brand?post=6550"},{"taxonomy":"product_cat","embeddable":true,"href":"https:\/\/dcobys.com\/es\/wp-json\/wp\/v2\/product_cat?post=6550"},{"taxonomy":"product_tag","embeddable":true,"href":"https:\/\/dcobys.com\/es\/wp-json\/wp\/v2\/product_tag?post=6550"}],"curies":[{"name":"wp","href":"https:\/\/api.w.org\/{rel}","templated":true}]}}