{"id":6542,"date":"2025-12-15T13:01:42","date_gmt":"2025-12-15T18:01:42","guid":{"rendered":"https:\/\/dcobys.com\/services\/uncategorized\/smart-cities-mexico-2\/"},"modified":"2026-01-30T21:35:58","modified_gmt":"2026-01-31T02:35:58","slug":"smart-cities-mexico-2","status":"publish","type":"product","link":"https:\/\/dcobys.com\/es\/services\/misiones-comerciales\/construccion-e-infraestructura\/smart-cities\/smart-cities-mexico-2\/","title":{"rendered":"Smart Cities &#8211; M\u00e9xico"},"content":{"rendered":"<p>La Misi\u00f3n Comercial en M\u00e9xico destacada en Smart Cities acerca a uno de los polos tecnol\u00f3gicos m\u00e1s din\u00e1micos de Am\u00e9rica Latina, donde el impulso de la industria digital y los gobiernos locales permite probar soluciones urbanas reales a gran escala. Guadalajara integra proyectos de movilidad inteligente, sensores urbanos, plataformas de servicios digitales, gobierno electr\u00f3nico y modelos de innovaci\u00f3n abierta. La misi\u00f3n facilita conexiones con clusters tecnol\u00f3gicos, universidades y entidades p\u00fablicas que lideran la transformaci\u00f3n urbana del pa\u00eds. Adem\u00e1s, M\u00e9xico permite visualizar implementaciones adaptables al contexto latinoamericano, con oportunidades concretas para cooperaci\u00f3n y negocios.<br \/>\nFuentes: Smart City Expo Guadalajara \/ regional events.<\/p>\n","protected":false},"excerpt":{"rendered":"<p>La Misi\u00f3n Comercial en M\u00e9xico destacada en Smart Cities acerca a uno de los polos tecnol\u00f3gicos m\u00e1s din\u00e1micos de Am\u00e9rica Latina, donde el impulso de la industria digital y los gobiernos locales permite probar soluciones urbanas reales a gran escala. Guadalajara integra proyectos de movilidad inteligente, sensores urbanos, plataformas de servicios digitales, gobierno electr\u00f3nico y [&hellip;]<\/p>\n","protected":false},"featured_media":8629,"template":"","meta":{"_acf_changed":false},"country":[941],"product_brand":[],"product_cat":[974,893,977],"product_tag":[924],"class_list":{"0":"post-6542","1":"product","2":"type-product","3":"status-publish","4":"has-post-thumbnail","6":"country-mexico","7":"product_cat-construccion-e-infraestructura","8":"product_cat-misiones-comerciales","9":"product_cat-smart-cities","10":"product_tag-misiones-comerciales","12":"first","13":"instock","14":"virtual","15":"product-type-simple"},"acf":[],"_links":{"self":[{"href":"https:\/\/dcobys.com\/es\/wp-json\/wp\/v2\/product\/6542","targetHints":{"allow":["GET"]}}],"collection":[{"href":"https:\/\/dcobys.com\/es\/wp-json\/wp\/v2\/product"}],"about":[{"href":"https:\/\/dcobys.com\/es\/wp-json\/wp\/v2\/types\/product"}],"version-history":[{"count":0,"href":"https:\/\/dcobys.com\/es\/wp-json\/wp\/v2\/product\/6542\/revisions"}],"wp:featuredmedia":[{"embeddable":true,"href":"https:\/\/dcobys.com\/es\/wp-json\/wp\/v2\/media\/8629"}],"wp:attachment":[{"href":"https:\/\/dcobys.com\/es\/wp-json\/wp\/v2\/media?parent=6542"}],"wp:term":[{"taxonomy":"country","embeddable":true,"href":"https:\/\/dcobys.com\/es\/wp-json\/wp\/v2\/country?post=6542"},{"taxonomy":"product_brand","embeddable":true,"href":"https:\/\/dcobys.com\/es\/wp-json\/wp\/v2\/product_brand?post=6542"},{"taxonomy":"product_cat","embeddable":true,"href":"https:\/\/dcobys.com\/es\/wp-json\/wp\/v2\/product_cat?post=6542"},{"taxonomy":"product_tag","embeddable":true,"href":"https:\/\/dcobys.com\/es\/wp-json\/wp\/v2\/product_tag?post=6542"}],"curies":[{"name":"wp","href":"https:\/\/api.w.org\/{rel}","templated":true}]}}