{"id":6540,"date":"2025-12-15T13:01:42","date_gmt":"2025-12-15T18:01:42","guid":{"rendered":"https:\/\/dcobys.com\/services\/uncategorized\/smart-cities-spain-2\/"},"modified":"2026-01-30T21:35:58","modified_gmt":"2026-01-31T02:35:58","slug":"smart-cities-spain-2","status":"publish","type":"product","link":"https:\/\/dcobys.com\/es\/services\/misiones-comerciales\/construccion-e-infraestructura\/smart-cities\/smart-cities-spain-2\/","title":{"rendered":"Smart Cities &#8211; Espa\u00f1a"},"content":{"rendered":"<p>La Misi\u00f3n Comercial en Espa\u00f1a destacada en Smart Cities profundiza en uno de los ecosistemas urbanos m\u00e1s influyentes del mundo, liderado por el Smart City Expo World Congress en Barcelona y m\u00faltiples iniciativas nacionales. Madrid ofrece una visi\u00f3n completa del desarrollo urbano inteligente a trav\u00e9s de movilidad sostenible, digitalizaci\u00f3n de servicios p\u00fablicos, gobierno abierto y soluciones basadas en datos para mejorar la calidad de vida. La misi\u00f3n facilita la interacci\u00f3n con empresas, startups y autoridades locales que impulsan proyectos replicables para Am\u00e9rica Latina. Asimismo, se exploran oportunidades de cooperaci\u00f3n tecnol\u00f3gica y programas europeos alineados con ciudades sostenibles.<br \/>\nFuentes: Smart City Expo World Congress (Barcelona) &#038; national summits.<\/p>\n","protected":false},"excerpt":{"rendered":"<p>La Misi\u00f3n Comercial en Espa\u00f1a destacada en Smart Cities profundiza en uno de los ecosistemas urbanos m\u00e1s influyentes del mundo, liderado por el Smart City Expo World Congress en Barcelona y m\u00faltiples iniciativas nacionales. Madrid ofrece una visi\u00f3n completa del desarrollo urbano inteligente a trav\u00e9s de movilidad sostenible, digitalizaci\u00f3n de servicios p\u00fablicos, gobierno abierto y [&hellip;]<\/p>\n","protected":false},"featured_media":8627,"template":"","meta":{"_acf_changed":false},"country":[949],"product_brand":[],"product_cat":[974,893,977],"product_tag":[924],"class_list":{"0":"post-6540","1":"product","2":"type-product","3":"status-publish","4":"has-post-thumbnail","6":"country-espana","7":"product_cat-construccion-e-infraestructura","8":"product_cat-misiones-comerciales","9":"product_cat-smart-cities","10":"product_tag-misiones-comerciales","12":"first","13":"instock","14":"virtual","15":"product-type-simple"},"acf":[],"_links":{"self":[{"href":"https:\/\/dcobys.com\/es\/wp-json\/wp\/v2\/product\/6540","targetHints":{"allow":["GET"]}}],"collection":[{"href":"https:\/\/dcobys.com\/es\/wp-json\/wp\/v2\/product"}],"about":[{"href":"https:\/\/dcobys.com\/es\/wp-json\/wp\/v2\/types\/product"}],"version-history":[{"count":0,"href":"https:\/\/dcobys.com\/es\/wp-json\/wp\/v2\/product\/6540\/revisions"}],"wp:featuredmedia":[{"embeddable":true,"href":"https:\/\/dcobys.com\/es\/wp-json\/wp\/v2\/media\/8627"}],"wp:attachment":[{"href":"https:\/\/dcobys.com\/es\/wp-json\/wp\/v2\/media?parent=6540"}],"wp:term":[{"taxonomy":"country","embeddable":true,"href":"https:\/\/dcobys.com\/es\/wp-json\/wp\/v2\/country?post=6540"},{"taxonomy":"product_brand","embeddable":true,"href":"https:\/\/dcobys.com\/es\/wp-json\/wp\/v2\/product_brand?post=6540"},{"taxonomy":"product_cat","embeddable":true,"href":"https:\/\/dcobys.com\/es\/wp-json\/wp\/v2\/product_cat?post=6540"},{"taxonomy":"product_tag","embeddable":true,"href":"https:\/\/dcobys.com\/es\/wp-json\/wp\/v2\/product_tag?post=6540"}],"curies":[{"name":"wp","href":"https:\/\/api.w.org\/{rel}","templated":true}]}}