{"id":6538,"date":"2025-12-15T13:01:42","date_gmt":"2025-12-15T18:01:42","guid":{"rendered":"https:\/\/dcobys.com\/services\/uncategorized\/smart-cities-germany-2\/"},"modified":"2026-01-30T21:35:58","modified_gmt":"2026-01-31T02:35:58","slug":"smart-cities-germany-2","status":"publish","type":"product","link":"https:\/\/dcobys.com\/es\/services\/misiones-comerciales\/construccion-e-infraestructura\/smart-cities\/smart-cities-germany-2\/","title":{"rendered":"Smart Cities &#8211; Alemania"},"content":{"rendered":"<p>La Misi\u00f3n Comercial en Alemania destacada en Smart Cities permite acceder a uno de los entornos europeos m\u00e1s avanzados en digitalizaci\u00f3n urbana, eficiencia energ\u00e9tica y movilidad conectada. M\u00fanich y la red de ciudades inteligentes alemanas combinan innovaci\u00f3n tecnol\u00f3gica con una fuerte visi\u00f3n sostenible, integrando IoT, plataformas de datos urbanos, sensores ambientales y sistemas de transporte integrados. La misi\u00f3n brinda la oportunidad de conocer proyectos piloto apoyados por la industria alemana y centros de investigaci\u00f3n l\u00edderes en Europa. Adem\u00e1s, se analizan regulaciones, normativas y modelos de ingenier\u00eda que fortalecen la calidad de las soluciones urbanas.<br \/>\nFuentes: IoT\/Smart City tracks at Hannover; local summits.<\/p>\n","protected":false},"excerpt":{"rendered":"<p>La Misi\u00f3n Comercial en Alemania destacada en Smart Cities permite acceder a uno de los entornos europeos m\u00e1s avanzados en digitalizaci\u00f3n urbana, eficiencia energ\u00e9tica y movilidad conectada. M\u00fanich y la red de ciudades inteligentes alemanas combinan innovaci\u00f3n tecnol\u00f3gica con una fuerte visi\u00f3n sostenible, integrando IoT, plataformas de datos urbanos, sensores ambientales y sistemas de transporte [&hellip;]<\/p>\n","protected":false},"featured_media":8625,"template":"","meta":{"_acf_changed":false},"country":[934],"product_brand":[],"product_cat":[974,893,977],"product_tag":[924],"class_list":{"0":"post-6538","1":"product","2":"type-product","3":"status-publish","4":"has-post-thumbnail","6":"country-alemania","7":"product_cat-construccion-e-infraestructura","8":"product_cat-misiones-comerciales","9":"product_cat-smart-cities","10":"product_tag-misiones-comerciales","12":"first","13":"instock","14":"virtual","15":"product-type-simple"},"acf":[],"_links":{"self":[{"href":"https:\/\/dcobys.com\/es\/wp-json\/wp\/v2\/product\/6538","targetHints":{"allow":["GET"]}}],"collection":[{"href":"https:\/\/dcobys.com\/es\/wp-json\/wp\/v2\/product"}],"about":[{"href":"https:\/\/dcobys.com\/es\/wp-json\/wp\/v2\/types\/product"}],"version-history":[{"count":0,"href":"https:\/\/dcobys.com\/es\/wp-json\/wp\/v2\/product\/6538\/revisions"}],"wp:featuredmedia":[{"embeddable":true,"href":"https:\/\/dcobys.com\/es\/wp-json\/wp\/v2\/media\/8625"}],"wp:attachment":[{"href":"https:\/\/dcobys.com\/es\/wp-json\/wp\/v2\/media?parent=6538"}],"wp:term":[{"taxonomy":"country","embeddable":true,"href":"https:\/\/dcobys.com\/es\/wp-json\/wp\/v2\/country?post=6538"},{"taxonomy":"product_brand","embeddable":true,"href":"https:\/\/dcobys.com\/es\/wp-json\/wp\/v2\/product_brand?post=6538"},{"taxonomy":"product_cat","embeddable":true,"href":"https:\/\/dcobys.com\/es\/wp-json\/wp\/v2\/product_cat?post=6538"},{"taxonomy":"product_tag","embeddable":true,"href":"https:\/\/dcobys.com\/es\/wp-json\/wp\/v2\/product_tag?post=6538"}],"curies":[{"name":"wp","href":"https:\/\/api.w.org\/{rel}","templated":true}]}}