{"id":6534,"date":"2025-12-15T13:01:42","date_gmt":"2025-12-15T18:01:42","guid":{"rendered":"https:\/\/dcobys.com\/services\/uncategorized\/smart-cities-china-2\/"},"modified":"2026-01-30T21:35:58","modified_gmt":"2026-01-31T02:35:58","slug":"smart-cities-china-2","status":"publish","type":"product","link":"https:\/\/dcobys.com\/es\/services\/misiones-comerciales\/construccion-e-infraestructura\/smart-cities\/smart-cities-china-2\/","title":{"rendered":"Smart Cities &#8211; China"},"content":{"rendered":"<p>La Misi\u00f3n Comercial en China destacada en Smart Cities abre acceso directo a uno de los laboratorios urbanos m\u00e1s avanzados del planeta, donde convergen inteligencia artificial, big data, IoT y servicios digitales de gran escala. Hangzhou, sede del ecosistema tecnol\u00f3gico de Alibaba, ofrece una visi\u00f3n \u00fanica sobre plataformas de gobierno digital, sistemas de movilidad inteligente, gesti\u00f3n del tr\u00e1fico mediante IA y comercio urbano hiperconectado. La misi\u00f3n permite analizar modelos pioneros de integraci\u00f3n entre sector p\u00fablico y empresas tecnol\u00f3gicas, as\u00ed como regulaciones \u00e1giles para pilotos urbanos masivos. Adem\u00e1s, el dinamismo del mercado chino favorece la identificaci\u00f3n de oportunidades para soluciones latinoamericanas adaptables a ciudades densas.<br \/>\nFuentes: Smart China Expo; Smart City conferences.<\/p>\n","protected":false},"excerpt":{"rendered":"<p>La Misi\u00f3n Comercial en China destacada en Smart Cities abre acceso directo a uno de los laboratorios urbanos m\u00e1s avanzados del planeta, donde convergen inteligencia artificial, big data, IoT y servicios digitales de gran escala. Hangzhou, sede del ecosistema tecnol\u00f3gico de Alibaba, ofrece una visi\u00f3n \u00fanica sobre plataformas de gobierno digital, sistemas de movilidad inteligente, [&hellip;]<\/p>\n","protected":false},"featured_media":8621,"template":"","meta":{"_acf_changed":false},"country":[928],"product_brand":[],"product_cat":[974,893,977],"product_tag":[924],"class_list":{"0":"post-6534","1":"product","2":"type-product","3":"status-publish","4":"has-post-thumbnail","6":"country-china","7":"product_cat-construccion-e-infraestructura","8":"product_cat-misiones-comerciales","9":"product_cat-smart-cities","10":"product_tag-misiones-comerciales","12":"first","13":"instock","14":"virtual","15":"product-type-simple"},"acf":[],"_links":{"self":[{"href":"https:\/\/dcobys.com\/es\/wp-json\/wp\/v2\/product\/6534","targetHints":{"allow":["GET"]}}],"collection":[{"href":"https:\/\/dcobys.com\/es\/wp-json\/wp\/v2\/product"}],"about":[{"href":"https:\/\/dcobys.com\/es\/wp-json\/wp\/v2\/types\/product"}],"version-history":[{"count":0,"href":"https:\/\/dcobys.com\/es\/wp-json\/wp\/v2\/product\/6534\/revisions"}],"wp:featuredmedia":[{"embeddable":true,"href":"https:\/\/dcobys.com\/es\/wp-json\/wp\/v2\/media\/8621"}],"wp:attachment":[{"href":"https:\/\/dcobys.com\/es\/wp-json\/wp\/v2\/media?parent=6534"}],"wp:term":[{"taxonomy":"country","embeddable":true,"href":"https:\/\/dcobys.com\/es\/wp-json\/wp\/v2\/country?post=6534"},{"taxonomy":"product_brand","embeddable":true,"href":"https:\/\/dcobys.com\/es\/wp-json\/wp\/v2\/product_brand?post=6534"},{"taxonomy":"product_cat","embeddable":true,"href":"https:\/\/dcobys.com\/es\/wp-json\/wp\/v2\/product_cat?post=6534"},{"taxonomy":"product_tag","embeddable":true,"href":"https:\/\/dcobys.com\/es\/wp-json\/wp\/v2\/product_tag?post=6534"}],"curies":[{"name":"wp","href":"https:\/\/api.w.org\/{rel}","templated":true}]}}