{"id":6532,"date":"2025-12-15T13:01:42","date_gmt":"2025-12-15T18:01:42","guid":{"rendered":"https:\/\/dcobys.com\/services\/uncategorized\/smart-cities-usa-2\/"},"modified":"2026-01-30T21:35:58","modified_gmt":"2026-01-31T02:35:58","slug":"smart-cities-usa-2","status":"publish","type":"product","link":"https:\/\/dcobys.com\/es\/services\/misiones-comerciales\/construccion-e-infraestructura\/smart-cities\/smart-cities-usa-2\/","title":{"rendered":"Smart Cities &#8211; EE. UU."},"content":{"rendered":"<p>La Misi\u00f3n Comercial en Estados Unidos destacada en Smart Cities permite explorar uno de los ecosistemas urbanos m\u00e1s avanzados del mundo, impulsado por innovaci\u00f3n, digitalizaci\u00f3n y colaboraci\u00f3n entre gobierno, academia y empresas tecnol\u00f3gicas. Austin ofrece una plataforma privilegiada para conocer proyectos de movilidad inteligente, an\u00e1lisis urbano mediante datos, redes IoT aplicadas a servicios municipales y modelos de planificaci\u00f3n centrados en la ciudadan\u00eda. La presencia de actores globales y startups facilita identificar tecnolog\u00edas emergentes con r\u00e1pida escalabilidad. Asimismo, el entorno regulatorio abierto y los pilotos urbanos en tiempo real permiten entender c\u00f3mo se implementan soluciones smart en ciudades intermedias y grandes. Esta misi\u00f3n abre oportunidades para alianzas tecnol\u00f3gicas, transferencia de conocimiento y nuevas rutas de negocio en el mercado norteamericano.<br \/>\nFuentes: Smart Cities Week; SXSW (panels tech + city).<\/p>\n","protected":false},"excerpt":{"rendered":"<p>La Misi\u00f3n Comercial en Estados Unidos destacada en Smart Cities permite explorar uno de los ecosistemas urbanos m\u00e1s avanzados del mundo, impulsado por innovaci\u00f3n, digitalizaci\u00f3n y colaboraci\u00f3n entre gobierno, academia y empresas tecnol\u00f3gicas. Austin ofrece una plataforma privilegiada para conocer proyectos de movilidad inteligente, an\u00e1lisis urbano mediante datos, redes IoT aplicadas a servicios municipales y [&hellip;]<\/p>\n","protected":false},"featured_media":7361,"template":"","meta":{"_acf_changed":false},"country":[954],"product_brand":[],"product_cat":[974,893,977],"product_tag":[924],"class_list":{"0":"post-6532","1":"product","2":"type-product","3":"status-publish","4":"has-post-thumbnail","6":"country-ee-uu","7":"product_cat-construccion-e-infraestructura","8":"product_cat-misiones-comerciales","9":"product_cat-smart-cities","10":"product_tag-misiones-comerciales","12":"first","13":"instock","14":"virtual","15":"product-type-simple"},"acf":[],"_links":{"self":[{"href":"https:\/\/dcobys.com\/es\/wp-json\/wp\/v2\/product\/6532","targetHints":{"allow":["GET"]}}],"collection":[{"href":"https:\/\/dcobys.com\/es\/wp-json\/wp\/v2\/product"}],"about":[{"href":"https:\/\/dcobys.com\/es\/wp-json\/wp\/v2\/types\/product"}],"version-history":[{"count":0,"href":"https:\/\/dcobys.com\/es\/wp-json\/wp\/v2\/product\/6532\/revisions"}],"wp:featuredmedia":[{"embeddable":true,"href":"https:\/\/dcobys.com\/es\/wp-json\/wp\/v2\/media\/7361"}],"wp:attachment":[{"href":"https:\/\/dcobys.com\/es\/wp-json\/wp\/v2\/media?parent=6532"}],"wp:term":[{"taxonomy":"country","embeddable":true,"href":"https:\/\/dcobys.com\/es\/wp-json\/wp\/v2\/country?post=6532"},{"taxonomy":"product_brand","embeddable":true,"href":"https:\/\/dcobys.com\/es\/wp-json\/wp\/v2\/product_brand?post=6532"},{"taxonomy":"product_cat","embeddable":true,"href":"https:\/\/dcobys.com\/es\/wp-json\/wp\/v2\/product_cat?post=6532"},{"taxonomy":"product_tag","embeddable":true,"href":"https:\/\/dcobys.com\/es\/wp-json\/wp\/v2\/product_tag?post=6532"}],"curies":[{"name":"wp","href":"https:\/\/api.w.org\/{rel}","templated":true}]}}