{"id":6530,"date":"2025-12-15T13:01:42","date_gmt":"2025-12-15T18:01:42","guid":{"rendered":"https:\/\/dcobys.com\/services\/uncategorized\/green-materials-mexico-2\/"},"modified":"2026-01-30T21:35:58","modified_gmt":"2026-01-31T02:35:58","slug":"green-materials-mexico-2","status":"publish","type":"product","link":"https:\/\/dcobys.com\/es\/services\/misiones-comerciales\/construccion-e-infraestructura\/materiales-verdes\/green-materials-mexico-2\/","title":{"rendered":"Materiales verdes &#8211; M\u00e9xico"},"content":{"rendered":"<p>La Misi\u00f3n Comercial en M\u00e9xico destacada en Materiales Verdes abre oportunidades para conocer a los principales fabricantes y distribuidores de insumos de construcci\u00f3n sostenible en la regi\u00f3n. Puebla y sus ferias regionales permiten visualizar de primera mano los avances en materiales ecol\u00f3gicos, tecnolog\u00edas para eficiencia energ\u00e9tica y soluciones adaptadas a normativas latinoamericanas. La misi\u00f3n conecta a las empresas con proveedores de materiales reciclados, recubrimientos sustentables, prefabricados verdes y componentes para edificaciones responsables. Su enfoque incluye ruedas de negocio, visitas t\u00e9cnicas y contacto directo con actores clave del sector constructivo mexicano.<br \/>\nFuentes: Expo materiales \/ regional building expos.<\/p>\n","protected":false},"excerpt":{"rendered":"<p>La Misi\u00f3n Comercial en M\u00e9xico destacada en Materiales Verdes abre oportunidades para conocer a los principales fabricantes y distribuidores de insumos de construcci\u00f3n sostenible en la regi\u00f3n. Puebla y sus ferias regionales permiten visualizar de primera mano los avances en materiales ecol\u00f3gicos, tecnolog\u00edas para eficiencia energ\u00e9tica y soluciones adaptadas a normativas latinoamericanas. La misi\u00f3n conecta [&hellip;]<\/p>\n","protected":false},"featured_media":8614,"template":"","meta":{"_acf_changed":false},"country":[941],"product_brand":[],"product_cat":[974,976,893],"product_tag":[924],"class_list":{"0":"post-6530","1":"product","2":"type-product","3":"status-publish","4":"has-post-thumbnail","6":"country-mexico","7":"product_cat-construccion-e-infraestructura","8":"product_cat-materiales-verdes","9":"product_cat-misiones-comerciales","10":"product_tag-misiones-comerciales","12":"first","13":"instock","14":"virtual","15":"product-type-simple"},"acf":[],"_links":{"self":[{"href":"https:\/\/dcobys.com\/es\/wp-json\/wp\/v2\/product\/6530","targetHints":{"allow":["GET"]}}],"collection":[{"href":"https:\/\/dcobys.com\/es\/wp-json\/wp\/v2\/product"}],"about":[{"href":"https:\/\/dcobys.com\/es\/wp-json\/wp\/v2\/types\/product"}],"version-history":[{"count":0,"href":"https:\/\/dcobys.com\/es\/wp-json\/wp\/v2\/product\/6530\/revisions"}],"wp:featuredmedia":[{"embeddable":true,"href":"https:\/\/dcobys.com\/es\/wp-json\/wp\/v2\/media\/8614"}],"wp:attachment":[{"href":"https:\/\/dcobys.com\/es\/wp-json\/wp\/v2\/media?parent=6530"}],"wp:term":[{"taxonomy":"country","embeddable":true,"href":"https:\/\/dcobys.com\/es\/wp-json\/wp\/v2\/country?post=6530"},{"taxonomy":"product_brand","embeddable":true,"href":"https:\/\/dcobys.com\/es\/wp-json\/wp\/v2\/product_brand?post=6530"},{"taxonomy":"product_cat","embeddable":true,"href":"https:\/\/dcobys.com\/es\/wp-json\/wp\/v2\/product_cat?post=6530"},{"taxonomy":"product_tag","embeddable":true,"href":"https:\/\/dcobys.com\/es\/wp-json\/wp\/v2\/product_tag?post=6530"}],"curies":[{"name":"wp","href":"https:\/\/api.w.org\/{rel}","templated":true}]}}