{"id":6526,"date":"2025-12-15T13:01:42","date_gmt":"2025-12-15T18:01:42","guid":{"rendered":"https:\/\/dcobys.com\/services\/uncategorized\/green-materials-germany-2\/"},"modified":"2026-01-30T21:35:58","modified_gmt":"2026-01-31T02:35:58","slug":"green-materials-germany-2","status":"publish","type":"product","link":"https:\/\/dcobys.com\/es\/services\/misiones-comerciales\/construccion-e-infraestructura\/materiales-verdes\/green-materials-germany-2\/","title":{"rendered":"Materiales verdes &#8211; Alemania"},"content":{"rendered":"<p>La Misi\u00f3n Comercial en Alemania destacada en Materiales Verdes ofrece acceso a una de las plataformas tecnol\u00f3gicas m\u00e1s s\u00f3lidas de Europa en construcci\u00f3n sostenible. Berl\u00edn y M\u00fanich concentran empresas l\u00edderes en soluciones de alta eficiencia, innovaci\u00f3n en materiales y tecnolog\u00edas aplicadas a edificaciones verdes. El recorrido permite conocer tendencias en prefabricaci\u00f3n, aislamiento avanzado, materiales reciclados, superficies t\u00e9cnicas y tecnolog\u00edas para mejorar el rendimiento de edificios. La agenda contempla visitas a ferias especializadas, centros de investigaci\u00f3n y clusters industriales que impulsan la arquitectura sustentable y la transformaci\u00f3n del sector. Tambi\u00e9n brinda espacios de networking para desarrollar oportunidades comerciales y colaboraciones tecnol\u00f3gicas.<br \/>\nFuentes: BAU (M\u00fanich); material tech at Hannover\/HAN.<\/p>\n","protected":false},"excerpt":{"rendered":"<p>La Misi\u00f3n Comercial en Alemania destacada en Materiales Verdes ofrece acceso a una de las plataformas tecnol\u00f3gicas m\u00e1s s\u00f3lidas de Europa en construcci\u00f3n sostenible. Berl\u00edn y M\u00fanich concentran empresas l\u00edderes en soluciones de alta eficiencia, innovaci\u00f3n en materiales y tecnolog\u00edas aplicadas a edificaciones verdes. El recorrido permite conocer tendencias en prefabricaci\u00f3n, aislamiento avanzado, materiales reciclados, [&hellip;]<\/p>\n","protected":false},"featured_media":8608,"template":"","meta":{"_acf_changed":false},"country":[934],"product_brand":[],"product_cat":[974,976,893],"product_tag":[924],"class_list":{"0":"post-6526","1":"product","2":"type-product","3":"status-publish","4":"has-post-thumbnail","6":"country-alemania","7":"product_cat-construccion-e-infraestructura","8":"product_cat-materiales-verdes","9":"product_cat-misiones-comerciales","10":"product_tag-misiones-comerciales","12":"first","13":"instock","14":"virtual","15":"product-type-simple"},"acf":[],"_links":{"self":[{"href":"https:\/\/dcobys.com\/es\/wp-json\/wp\/v2\/product\/6526","targetHints":{"allow":["GET"]}}],"collection":[{"href":"https:\/\/dcobys.com\/es\/wp-json\/wp\/v2\/product"}],"about":[{"href":"https:\/\/dcobys.com\/es\/wp-json\/wp\/v2\/types\/product"}],"version-history":[{"count":0,"href":"https:\/\/dcobys.com\/es\/wp-json\/wp\/v2\/product\/6526\/revisions"}],"wp:featuredmedia":[{"embeddable":true,"href":"https:\/\/dcobys.com\/es\/wp-json\/wp\/v2\/media\/8608"}],"wp:attachment":[{"href":"https:\/\/dcobys.com\/es\/wp-json\/wp\/v2\/media?parent=6526"}],"wp:term":[{"taxonomy":"country","embeddable":true,"href":"https:\/\/dcobys.com\/es\/wp-json\/wp\/v2\/country?post=6526"},{"taxonomy":"product_brand","embeddable":true,"href":"https:\/\/dcobys.com\/es\/wp-json\/wp\/v2\/product_brand?post=6526"},{"taxonomy":"product_cat","embeddable":true,"href":"https:\/\/dcobys.com\/es\/wp-json\/wp\/v2\/product_cat?post=6526"},{"taxonomy":"product_tag","embeddable":true,"href":"https:\/\/dcobys.com\/es\/wp-json\/wp\/v2\/product_tag?post=6526"}],"curies":[{"name":"wp","href":"https:\/\/api.w.org\/{rel}","templated":true}]}}