{"id":6524,"date":"2025-12-15T13:01:42","date_gmt":"2025-12-15T18:01:42","guid":{"rendered":"https:\/\/dcobys.com\/services\/uncategorized\/green-materials-uae-2\/"},"modified":"2026-01-30T21:35:58","modified_gmt":"2026-01-31T02:35:58","slug":"green-materials-uae-2","status":"publish","type":"product","link":"https:\/\/dcobys.com\/es\/services\/misiones-comerciales\/construccion-e-infraestructura\/materiales-verdes\/green-materials-uae-2\/","title":{"rendered":"Materiales verdes &#8211; Emiratos \u00c1rabes Unidos"},"content":{"rendered":"<p>La Misi\u00f3n Comercial en Emiratos \u00c1rabes Unidos destacada en Materiales Verdes permite entender c\u00f3mo la regi\u00f3n impulsa construcciones sostenibles en zonas de clima extremo. Abu Dabi articula iniciativas sobre materiales eficientes, soluciones t\u00e9rmicas innovadoras y componentes de construcci\u00f3n adaptados a altos est\u00e1ndares energ\u00e9ticos. La misi\u00f3n ofrece interacci\u00f3n con empresas globales, integradores de infraestructura y fabricantes de tecnolog\u00edas verdes vinculadas a grandes proyectos urbanos. Se exploran aplicaciones en megaproyectos, certificaciones ambientales, prefabricaci\u00f3n avanzada y nuevos modelos de sostenibilidad del Golfo. La experiencia incluye visitas a pabellones especializados, zonas industriales y encuentros empresariales orientados al intercambio comercial.<br \/>\nFuentes: The Big 5 \/ ADIPEC adjacent construction tracks.<\/p>\n","protected":false},"excerpt":{"rendered":"<p>La Misi\u00f3n Comercial en Emiratos \u00c1rabes Unidos destacada en Materiales Verdes permite entender c\u00f3mo la regi\u00f3n impulsa construcciones sostenibles en zonas de clima extremo. Abu Dabi articula iniciativas sobre materiales eficientes, soluciones t\u00e9rmicas innovadoras y componentes de construcci\u00f3n adaptados a altos est\u00e1ndares energ\u00e9ticos. La misi\u00f3n ofrece interacci\u00f3n con empresas globales, integradores de infraestructura y fabricantes [&hellip;]<\/p>\n","protected":false},"featured_media":8606,"template":"","meta":{"_acf_changed":false},"country":[953],"product_brand":[],"product_cat":[974,976,893],"product_tag":[924],"class_list":{"0":"post-6524","1":"product","2":"type-product","3":"status-publish","4":"has-post-thumbnail","6":"country-emiratos-arabes-unidos","7":"product_cat-construccion-e-infraestructura","8":"product_cat-materiales-verdes","9":"product_cat-misiones-comerciales","10":"product_tag-misiones-comerciales","12":"first","13":"instock","14":"virtual","15":"product-type-simple"},"acf":[],"_links":{"self":[{"href":"https:\/\/dcobys.com\/es\/wp-json\/wp\/v2\/product\/6524","targetHints":{"allow":["GET"]}}],"collection":[{"href":"https:\/\/dcobys.com\/es\/wp-json\/wp\/v2\/product"}],"about":[{"href":"https:\/\/dcobys.com\/es\/wp-json\/wp\/v2\/types\/product"}],"version-history":[{"count":0,"href":"https:\/\/dcobys.com\/es\/wp-json\/wp\/v2\/product\/6524\/revisions"}],"wp:featuredmedia":[{"embeddable":true,"href":"https:\/\/dcobys.com\/es\/wp-json\/wp\/v2\/media\/8606"}],"wp:attachment":[{"href":"https:\/\/dcobys.com\/es\/wp-json\/wp\/v2\/media?parent=6524"}],"wp:term":[{"taxonomy":"country","embeddable":true,"href":"https:\/\/dcobys.com\/es\/wp-json\/wp\/v2\/country?post=6524"},{"taxonomy":"product_brand","embeddable":true,"href":"https:\/\/dcobys.com\/es\/wp-json\/wp\/v2\/product_brand?post=6524"},{"taxonomy":"product_cat","embeddable":true,"href":"https:\/\/dcobys.com\/es\/wp-json\/wp\/v2\/product_cat?post=6524"},{"taxonomy":"product_tag","embeddable":true,"href":"https:\/\/dcobys.com\/es\/wp-json\/wp\/v2\/product_tag?post=6524"}],"curies":[{"name":"wp","href":"https:\/\/api.w.org\/{rel}","templated":true}]}}