{"id":6520,"date":"2025-12-15T13:01:42","date_gmt":"2025-12-15T18:01:42","guid":{"rendered":"https:\/\/dcobys.com\/services\/uncategorized\/green-materials-usa-2\/"},"modified":"2026-01-30T21:35:58","modified_gmt":"2026-01-31T02:35:58","slug":"green-materials-usa-2","status":"publish","type":"product","link":"https:\/\/dcobys.com\/es\/services\/misiones-comerciales\/construccion-e-infraestructura\/materiales-verdes\/green-materials-usa-2\/","title":{"rendered":"Materiales verdes &#8211; EE. UU."},"content":{"rendered":"<p>La Misi\u00f3n Comercial en Estados Unidos destacada en Materiales Verdes permite explorar las soluciones m\u00e1s avanzadas en construcci\u00f3n sostenible, eficiencia energ\u00e9tica y nuevos materiales para edificaciones resilientes. Chicago funciona como un hub estrat\u00e9gico para conectar con fabricantes, distribuidores, dise\u00f1adores de materiales HVAC\/R y empresas que lideran la innovaci\u00f3n en sistemas constructivos ecoeficientes. La misi\u00f3n profundiza en la transici\u00f3n hacia insumos de baja huella de carbono, tecnolog\u00edas de aislamiento, plataformas HVAC inteligentes y soluciones para edificios sustentables. La agenda combina visitas t\u00e9cnicas, recorridos por centros de innovaci\u00f3n y espacios de networking con empresas l\u00edderes del sector. Su prop\u00f3sito es facilitar alianzas comerciales, scouting tecnol\u00f3gico y la identificaci\u00f3n de tendencias aplicables al mercado latinoamericano.<br \/>\nFuentes: Greenbuild; AHR Expo (HVAC\/R) for materials and systems.<\/p>\n","protected":false},"excerpt":{"rendered":"<p>La Misi\u00f3n Comercial en Estados Unidos destacada en Materiales Verdes permite explorar las soluciones m\u00e1s avanzadas en construcci\u00f3n sostenible, eficiencia energ\u00e9tica y nuevos materiales para edificaciones resilientes. Chicago funciona como un hub estrat\u00e9gico para conectar con fabricantes, distribuidores, dise\u00f1adores de materiales HVAC\/R y empresas que lideran la innovaci\u00f3n en sistemas constructivos ecoeficientes. La misi\u00f3n profundiza [&hellip;]<\/p>\n","protected":false},"featured_media":7353,"template":"","meta":{"_acf_changed":false},"country":[954],"product_brand":[],"product_cat":[974,976,893],"product_tag":[924],"class_list":{"0":"post-6520","1":"product","2":"type-product","3":"status-publish","4":"has-post-thumbnail","6":"country-ee-uu","7":"product_cat-construccion-e-infraestructura","8":"product_cat-materiales-verdes","9":"product_cat-misiones-comerciales","10":"product_tag-misiones-comerciales","12":"first","13":"instock","14":"virtual","15":"product-type-simple"},"acf":[],"_links":{"self":[{"href":"https:\/\/dcobys.com\/es\/wp-json\/wp\/v2\/product\/6520","targetHints":{"allow":["GET"]}}],"collection":[{"href":"https:\/\/dcobys.com\/es\/wp-json\/wp\/v2\/product"}],"about":[{"href":"https:\/\/dcobys.com\/es\/wp-json\/wp\/v2\/types\/product"}],"version-history":[{"count":0,"href":"https:\/\/dcobys.com\/es\/wp-json\/wp\/v2\/product\/6520\/revisions"}],"wp:featuredmedia":[{"embeddable":true,"href":"https:\/\/dcobys.com\/es\/wp-json\/wp\/v2\/media\/7353"}],"wp:attachment":[{"href":"https:\/\/dcobys.com\/es\/wp-json\/wp\/v2\/media?parent=6520"}],"wp:term":[{"taxonomy":"country","embeddable":true,"href":"https:\/\/dcobys.com\/es\/wp-json\/wp\/v2\/country?post=6520"},{"taxonomy":"product_brand","embeddable":true,"href":"https:\/\/dcobys.com\/es\/wp-json\/wp\/v2\/product_brand?post=6520"},{"taxonomy":"product_cat","embeddable":true,"href":"https:\/\/dcobys.com\/es\/wp-json\/wp\/v2\/product_cat?post=6520"},{"taxonomy":"product_tag","embeddable":true,"href":"https:\/\/dcobys.com\/es\/wp-json\/wp\/v2\/product_tag?post=6520"}],"curies":[{"name":"wp","href":"https:\/\/api.w.org\/{rel}","templated":true}]}}