{"id":6518,"date":"2025-12-15T13:01:42","date_gmt":"2025-12-15T18:01:42","guid":{"rendered":"https:\/\/dcobys.com\/services\/uncategorized\/sustainable-infrastructure-mexico-2\/"},"modified":"2026-01-30T21:35:58","modified_gmt":"2026-01-31T02:35:58","slug":"sustainable-infrastructure-mexico-2","status":"publish","type":"product","link":"https:\/\/dcobys.com\/es\/services\/misiones-comerciales\/construccion-e-infraestructura\/infraestructura-sostenible\/sustainable-infrastructure-mexico-2\/","title":{"rendered":"Infraestructura sostenible &#8211; M\u00e9xico"},"content":{"rendered":"<p>La Misi\u00f3n Comercial en M\u00e9xico destacada en Infraestructura sostenible brinda oportunidades para conocer proyectos regionales de construcci\u00f3n eficiente, certificaciones verdes emergentes y desarrollos urbanos que integran tecnolog\u00eda y sostenibilidad. En Monterrey, la agenda incorpora visitas a obras, reuniones con proveedores de construcci\u00f3n, c\u00e1maras empresariales y autoridades locales enfocadas en infraestructura resiliente. La misi\u00f3n permite identificar oportunidades en edificaci\u00f3n sostenible, eficiencia energ\u00e9tica para industria y urbanismo inteligente. El ecosistema mexicano es clave para empresas que buscan expandirse en mercados latinoamericanos con creciente demanda en infraestructura verde. Fuentes: Expo CIHAC (CDMX); Expo Proveedores de la Construcci\u00f3n (Monterrey)<\/p>\n","protected":false},"excerpt":{"rendered":"<p>La Misi\u00f3n Comercial en M\u00e9xico destacada en Infraestructura sostenible brinda oportunidades para conocer proyectos regionales de construcci\u00f3n eficiente, certificaciones verdes emergentes y desarrollos urbanos que integran tecnolog\u00eda y sostenibilidad. En Monterrey, la agenda incorpora visitas a obras, reuniones con proveedores de construcci\u00f3n, c\u00e1maras empresariales y autoridades locales enfocadas en infraestructura resiliente. La misi\u00f3n permite identificar [&hellip;]<\/p>\n","protected":false},"featured_media":8586,"template":"","meta":{"_acf_changed":false},"country":[941],"product_brand":[],"product_cat":[974,975,893],"product_tag":[924],"class_list":{"0":"post-6518","1":"product","2":"type-product","3":"status-publish","4":"has-post-thumbnail","6":"country-mexico","7":"product_cat-construccion-e-infraestructura","8":"product_cat-infraestructura-sostenible","9":"product_cat-misiones-comerciales","10":"product_tag-misiones-comerciales","12":"first","13":"instock","14":"virtual","15":"product-type-simple"},"acf":[],"_links":{"self":[{"href":"https:\/\/dcobys.com\/es\/wp-json\/wp\/v2\/product\/6518","targetHints":{"allow":["GET"]}}],"collection":[{"href":"https:\/\/dcobys.com\/es\/wp-json\/wp\/v2\/product"}],"about":[{"href":"https:\/\/dcobys.com\/es\/wp-json\/wp\/v2\/types\/product"}],"version-history":[{"count":0,"href":"https:\/\/dcobys.com\/es\/wp-json\/wp\/v2\/product\/6518\/revisions"}],"wp:featuredmedia":[{"embeddable":true,"href":"https:\/\/dcobys.com\/es\/wp-json\/wp\/v2\/media\/8586"}],"wp:attachment":[{"href":"https:\/\/dcobys.com\/es\/wp-json\/wp\/v2\/media?parent=6518"}],"wp:term":[{"taxonomy":"country","embeddable":true,"href":"https:\/\/dcobys.com\/es\/wp-json\/wp\/v2\/country?post=6518"},{"taxonomy":"product_brand","embeddable":true,"href":"https:\/\/dcobys.com\/es\/wp-json\/wp\/v2\/product_brand?post=6518"},{"taxonomy":"product_cat","embeddable":true,"href":"https:\/\/dcobys.com\/es\/wp-json\/wp\/v2\/product_cat?post=6518"},{"taxonomy":"product_tag","embeddable":true,"href":"https:\/\/dcobys.com\/es\/wp-json\/wp\/v2\/product_tag?post=6518"}],"curies":[{"name":"wp","href":"https:\/\/api.w.org\/{rel}","templated":true}]}}