{"id":6514,"date":"2025-12-15T13:01:35","date_gmt":"2025-12-15T18:01:35","guid":{"rendered":"https:\/\/dcobys.com\/services\/uncategorized\/sustainable-infrastructure-germany-2\/"},"modified":"2026-01-30T21:35:58","modified_gmt":"2026-01-31T02:35:58","slug":"sustainable-infrastructure-germany-2","status":"publish","type":"product","link":"https:\/\/dcobys.com\/es\/services\/misiones-comerciales\/construccion-e-infraestructura\/infraestructura-sostenible\/sustainable-infrastructure-germany-2\/","title":{"rendered":"Infraestructura sostenible &#8211; Alemania"},"content":{"rendered":"<p>La Misi\u00f3n Comercial en Alemania destacada en Infraestructura sostenible permite profundizar en uno de los ecosistemas m\u00e1s avanzados del mundo en eficiencia energ\u00e9tica, urbanismo circular y construcci\u00f3n clim\u00e1ticamente neutra. Hamburgo, ciudad pionera en infraestructura portuaria sostenible, ofrece espacios de aprendizaje con autoridades locales, centros de investigaci\u00f3n y empresas de ingenier\u00eda avanzada. La misi\u00f3n cubre desde nuevos materiales ecol\u00f3gicos hasta tecnolog\u00edas para gesti\u00f3n de residuos, agua y energ\u00eda en proyectos urbanos. Alemania aporta modelos rigurosos de certificaci\u00f3n y normativas ambientales de referencia global. Fuentes: IFAT \/ BAU (M\u00fanich); Intersolar related for energy<\/p>\n","protected":false},"excerpt":{"rendered":"<p>La Misi\u00f3n Comercial en Alemania destacada en Infraestructura sostenible permite profundizar en uno de los ecosistemas m\u00e1s avanzados del mundo en eficiencia energ\u00e9tica, urbanismo circular y construcci\u00f3n clim\u00e1ticamente neutra. Hamburgo, ciudad pionera en infraestructura portuaria sostenible, ofrece espacios de aprendizaje con autoridades locales, centros de investigaci\u00f3n y empresas de ingenier\u00eda avanzada. La misi\u00f3n cubre desde [&hellip;]<\/p>\n","protected":false},"featured_media":8597,"template":"","meta":{"_acf_changed":false},"country":[934],"product_brand":[],"product_cat":[974,975,893],"product_tag":[924],"class_list":{"0":"post-6514","1":"product","2":"type-product","3":"status-publish","4":"has-post-thumbnail","6":"country-alemania","7":"product_cat-construccion-e-infraestructura","8":"product_cat-infraestructura-sostenible","9":"product_cat-misiones-comerciales","10":"product_tag-misiones-comerciales","12":"first","13":"instock","14":"virtual","15":"product-type-simple"},"acf":[],"_links":{"self":[{"href":"https:\/\/dcobys.com\/es\/wp-json\/wp\/v2\/product\/6514","targetHints":{"allow":["GET"]}}],"collection":[{"href":"https:\/\/dcobys.com\/es\/wp-json\/wp\/v2\/product"}],"about":[{"href":"https:\/\/dcobys.com\/es\/wp-json\/wp\/v2\/types\/product"}],"version-history":[{"count":0,"href":"https:\/\/dcobys.com\/es\/wp-json\/wp\/v2\/product\/6514\/revisions"}],"wp:featuredmedia":[{"embeddable":true,"href":"https:\/\/dcobys.com\/es\/wp-json\/wp\/v2\/media\/8597"}],"wp:attachment":[{"href":"https:\/\/dcobys.com\/es\/wp-json\/wp\/v2\/media?parent=6514"}],"wp:term":[{"taxonomy":"country","embeddable":true,"href":"https:\/\/dcobys.com\/es\/wp-json\/wp\/v2\/country?post=6514"},{"taxonomy":"product_brand","embeddable":true,"href":"https:\/\/dcobys.com\/es\/wp-json\/wp\/v2\/product_brand?post=6514"},{"taxonomy":"product_cat","embeddable":true,"href":"https:\/\/dcobys.com\/es\/wp-json\/wp\/v2\/product_cat?post=6514"},{"taxonomy":"product_tag","embeddable":true,"href":"https:\/\/dcobys.com\/es\/wp-json\/wp\/v2\/product_tag?post=6514"}],"curies":[{"name":"wp","href":"https:\/\/api.w.org\/{rel}","templated":true}]}}