{"id":6512,"date":"2025-12-15T13:01:35","date_gmt":"2025-12-15T18:01:35","guid":{"rendered":"https:\/\/dcobys.com\/services\/uncategorized\/sustainable-infrastructure-uae-2\/"},"modified":"2026-01-30T21:35:58","modified_gmt":"2026-01-31T02:35:58","slug":"sustainable-infrastructure-uae-2","status":"publish","type":"product","link":"https:\/\/dcobys.com\/es\/services\/misiones-comerciales\/construccion-e-infraestructura\/infraestructura-sostenible\/sustainable-infrastructure-uae-2\/","title":{"rendered":"Infraestructura sostenible &#8211; Emiratos \u00c1rabes Unidos"},"content":{"rendered":"<p>La Misi\u00f3n Comercial en Emiratos \u00c1rabes Unidos destacada en Infraestructura sostenible ofrece acceso a proyectos de construcci\u00f3n ic\u00f3nicos que integran eficiencia energ\u00e9tica, urbanismo avanzado y tecnolog\u00edas para ciudades des\u00e9rticas. En Dub\u00e1i, la misi\u00f3n incluye recorridos por desarrollos sostenibles, zonas de innovaci\u00f3n urbana y hubs de construcci\u00f3n inteligente. Tambi\u00e9n facilita reuniones con desarrolladores, ingenier\u00edas y entidades gubernamentales que lideran iniciativas verdes en la regi\u00f3n. El programa aborda soluciones para edificaci\u00f3n sostenible, infraestructura resiliente al clima extremo y sistemas de energ\u00eda limpia. Es un punto estrat\u00e9gico para crear alianzas en Medio Oriente. Fuentes: The Big 5 (Dubai); Dubai Sustainable City forums<\/p>\n","protected":false},"excerpt":{"rendered":"<p>La Misi\u00f3n Comercial en Emiratos \u00c1rabes Unidos destacada en Infraestructura sostenible ofrece acceso a proyectos de construcci\u00f3n ic\u00f3nicos que integran eficiencia energ\u00e9tica, urbanismo avanzado y tecnolog\u00edas para ciudades des\u00e9rticas. En Dub\u00e1i, la misi\u00f3n incluye recorridos por desarrollos sostenibles, zonas de innovaci\u00f3n urbana y hubs de construcci\u00f3n inteligente. Tambi\u00e9n facilita reuniones con desarrolladores, ingenier\u00edas y entidades [&hellip;]<\/p>\n","protected":false},"featured_media":8593,"template":"","meta":{"_acf_changed":false},"country":[953],"product_brand":[],"product_cat":[974,975,893],"product_tag":[924],"class_list":{"0":"post-6512","1":"product","2":"type-product","3":"status-publish","4":"has-post-thumbnail","6":"country-emiratos-arabes-unidos","7":"product_cat-construccion-e-infraestructura","8":"product_cat-infraestructura-sostenible","9":"product_cat-misiones-comerciales","10":"product_tag-misiones-comerciales","12":"first","13":"instock","14":"virtual","15":"product-type-simple"},"acf":[],"_links":{"self":[{"href":"https:\/\/dcobys.com\/es\/wp-json\/wp\/v2\/product\/6512","targetHints":{"allow":["GET"]}}],"collection":[{"href":"https:\/\/dcobys.com\/es\/wp-json\/wp\/v2\/product"}],"about":[{"href":"https:\/\/dcobys.com\/es\/wp-json\/wp\/v2\/types\/product"}],"version-history":[{"count":0,"href":"https:\/\/dcobys.com\/es\/wp-json\/wp\/v2\/product\/6512\/revisions"}],"wp:featuredmedia":[{"embeddable":true,"href":"https:\/\/dcobys.com\/es\/wp-json\/wp\/v2\/media\/8593"}],"wp:attachment":[{"href":"https:\/\/dcobys.com\/es\/wp-json\/wp\/v2\/media?parent=6512"}],"wp:term":[{"taxonomy":"country","embeddable":true,"href":"https:\/\/dcobys.com\/es\/wp-json\/wp\/v2\/country?post=6512"},{"taxonomy":"product_brand","embeddable":true,"href":"https:\/\/dcobys.com\/es\/wp-json\/wp\/v2\/product_brand?post=6512"},{"taxonomy":"product_cat","embeddable":true,"href":"https:\/\/dcobys.com\/es\/wp-json\/wp\/v2\/product_cat?post=6512"},{"taxonomy":"product_tag","embeddable":true,"href":"https:\/\/dcobys.com\/es\/wp-json\/wp\/v2\/product_tag?post=6512"}],"curies":[{"name":"wp","href":"https:\/\/api.w.org\/{rel}","templated":true}]}}