{"id":6508,"date":"2025-12-15T13:01:35","date_gmt":"2025-12-15T18:01:35","guid":{"rendered":"https:\/\/dcobys.com\/services\/uncategorized\/sustainable-infrastructure-usa-2\/"},"modified":"2026-01-30T21:35:57","modified_gmt":"2026-01-31T02:35:57","slug":"sustainable-infrastructure-usa-2","status":"publish","type":"product","link":"https:\/\/dcobys.com\/es\/services\/misiones-comerciales\/construccion-e-infraestructura\/infraestructura-sostenible\/sustainable-infrastructure-usa-2\/","title":{"rendered":"Infraestructura sostenible &#8211; EE. UU."},"content":{"rendered":"<p>La Misi\u00f3n Comercial en Estados Unidos destacada en Infraestructura sostenible permite a las empresas explorar modelos avanzados de planificaci\u00f3n urbana, eficiencia energ\u00e9tica y desarrollo resiliente impulsados por ciudades l\u00edderes como Nueva York. La agenda incluye reuniones con actores del sector construcci\u00f3n sostenible, visitas a proyectos de infraestructura verde, espacios de dise\u00f1o urbano inteligente y organismos de certificaci\u00f3n ambiental. Adem\u00e1s, se analizan tendencias en materiales eficientes, financiamiento para infraestructura resiliente y nuevas regulaciones en sostenibilidad. La misi\u00f3n conecta a las empresas con centros de innovaci\u00f3n y gobiernos locales que est\u00e1n impulsando proyectos clim\u00e1ticos a gran escala. La experiencia brinda una visi\u00f3n integral del ecosistema estadounidense de construcci\u00f3n sostenible. Fuentes: Greenbuild (US); Infrastructure Week \/ Smart Cities events<\/p>\n","protected":false},"excerpt":{"rendered":"<p>La Misi\u00f3n Comercial en Estados Unidos destacada en Infraestructura sostenible permite a las empresas explorar modelos avanzados de planificaci\u00f3n urbana, eficiencia energ\u00e9tica y desarrollo resiliente impulsados por ciudades l\u00edderes como Nueva York. La agenda incluye reuniones con actores del sector construcci\u00f3n sostenible, visitas a proyectos de infraestructura verde, espacios de dise\u00f1o urbano inteligente y organismos [&hellip;]<\/p>\n","protected":false},"featured_media":7346,"template":"","meta":{"_acf_changed":false},"country":[954],"product_brand":[],"product_cat":[974,975,893],"product_tag":[924],"class_list":{"0":"post-6508","1":"product","2":"type-product","3":"status-publish","4":"has-post-thumbnail","6":"country-ee-uu","7":"product_cat-construccion-e-infraestructura","8":"product_cat-infraestructura-sostenible","9":"product_cat-misiones-comerciales","10":"product_tag-misiones-comerciales","12":"first","13":"instock","14":"virtual","15":"product-type-simple"},"acf":[],"_links":{"self":[{"href":"https:\/\/dcobys.com\/es\/wp-json\/wp\/v2\/product\/6508","targetHints":{"allow":["GET"]}}],"collection":[{"href":"https:\/\/dcobys.com\/es\/wp-json\/wp\/v2\/product"}],"about":[{"href":"https:\/\/dcobys.com\/es\/wp-json\/wp\/v2\/types\/product"}],"version-history":[{"count":0,"href":"https:\/\/dcobys.com\/es\/wp-json\/wp\/v2\/product\/6508\/revisions"}],"wp:featuredmedia":[{"embeddable":true,"href":"https:\/\/dcobys.com\/es\/wp-json\/wp\/v2\/media\/7346"}],"wp:attachment":[{"href":"https:\/\/dcobys.com\/es\/wp-json\/wp\/v2\/media?parent=6508"}],"wp:term":[{"taxonomy":"country","embeddable":true,"href":"https:\/\/dcobys.com\/es\/wp-json\/wp\/v2\/country?post=6508"},{"taxonomy":"product_brand","embeddable":true,"href":"https:\/\/dcobys.com\/es\/wp-json\/wp\/v2\/product_brand?post=6508"},{"taxonomy":"product_cat","embeddable":true,"href":"https:\/\/dcobys.com\/es\/wp-json\/wp\/v2\/product_cat?post=6508"},{"taxonomy":"product_tag","embeddable":true,"href":"https:\/\/dcobys.com\/es\/wp-json\/wp\/v2\/product_tag?post=6508"}],"curies":[{"name":"wp","href":"https:\/\/api.w.org\/{rel}","templated":true}]}}