{"id":6500,"date":"2025-12-15T13:01:35","date_gmt":"2025-12-15T18:01:35","guid":{"rendered":"https:\/\/dcobys.com\/services\/uncategorized\/customer-experience-south-korea-2\/"},"modified":"2026-01-30T21:35:57","modified_gmt":"2026-01-31T02:35:57","slug":"customer-experience-south-korea-2","status":"publish","type":"product","link":"https:\/\/dcobys.com\/es\/services\/misiones-comerciales\/retail-e-commerce\/experiencia-del-cliente\/customer-experience-south-korea-2\/","title":{"rendered":"Experiencia del cliente &#8211; Corea del Sur"},"content":{"rendered":"<p>La Misi\u00f3n Comercial en Corea del Sur destacada en Experiencia del Cliente expone a los participantes a un mercado donde la digitalizaci\u00f3n del retail alcanza niveles excepcionales, integrando IA, automatizaci\u00f3n y experiencias altamente socializadas. La agenda incluye visitas a Se\u00fal, una de las capitales globales del retail tecnol\u00f3gico, donde se recorren tiendas sin caja, experiencias inmersivas y flagship stores de marcas que combinan cultura pop, contenido y comercio. Los asistentes participan en conferencias especializadas en retail y CX, adem\u00e1s de reuniones con empresas l\u00edderes en UX, omnicanalidad y tecnolog\u00edas aplicadas a experiencia del cliente. La misi\u00f3n permite entender c\u00f3mo Corea fusiona entretenimiento, dise\u00f1o y datos para generar experiencias \u00fanicas de consumo. Fuentes: Korea Retail &#038; Tech Conference, Korean International Trade Association (KITA), Samsung &#038; Lotte Retail Innovation Insights.<\/p>\n","protected":false},"excerpt":{"rendered":"<p>La Misi\u00f3n Comercial en Corea del Sur destacada en Experiencia del Cliente expone a los participantes a un mercado donde la digitalizaci\u00f3n del retail alcanza niveles excepcionales, integrando IA, automatizaci\u00f3n y experiencias altamente socializadas. La agenda incluye visitas a Se\u00fal, una de las capitales globales del retail tecnol\u00f3gico, donde se recorren tiendas sin caja, experiencias [&hellip;]<\/p>\n","protected":false},"featured_media":7708,"template":"","meta":{"_acf_changed":false},"country":[948],"product_brand":[],"product_cat":[1039,893,1034],"product_tag":[924],"class_list":{"0":"post-6500","1":"product","2":"type-product","3":"status-publish","4":"has-post-thumbnail","6":"country-corea-del-sur","7":"product_cat-experiencia-del-cliente","8":"product_cat-misiones-comerciales","9":"product_cat-retail-e-commerce","10":"product_tag-misiones-comerciales","12":"first","13":"instock","14":"virtual","15":"product-type-simple"},"acf":[],"_links":{"self":[{"href":"https:\/\/dcobys.com\/es\/wp-json\/wp\/v2\/product\/6500","targetHints":{"allow":["GET"]}}],"collection":[{"href":"https:\/\/dcobys.com\/es\/wp-json\/wp\/v2\/product"}],"about":[{"href":"https:\/\/dcobys.com\/es\/wp-json\/wp\/v2\/types\/product"}],"version-history":[{"count":0,"href":"https:\/\/dcobys.com\/es\/wp-json\/wp\/v2\/product\/6500\/revisions"}],"wp:featuredmedia":[{"embeddable":true,"href":"https:\/\/dcobys.com\/es\/wp-json\/wp\/v2\/media\/7708"}],"wp:attachment":[{"href":"https:\/\/dcobys.com\/es\/wp-json\/wp\/v2\/media?parent=6500"}],"wp:term":[{"taxonomy":"country","embeddable":true,"href":"https:\/\/dcobys.com\/es\/wp-json\/wp\/v2\/country?post=6500"},{"taxonomy":"product_brand","embeddable":true,"href":"https:\/\/dcobys.com\/es\/wp-json\/wp\/v2\/product_brand?post=6500"},{"taxonomy":"product_cat","embeddable":true,"href":"https:\/\/dcobys.com\/es\/wp-json\/wp\/v2\/product_cat?post=6500"},{"taxonomy":"product_tag","embeddable":true,"href":"https:\/\/dcobys.com\/es\/wp-json\/wp\/v2\/product_tag?post=6500"}],"curies":[{"name":"wp","href":"https:\/\/api.w.org\/{rel}","templated":true}]}}