{"id":6470,"date":"2025-12-15T13:01:27","date_gmt":"2025-12-15T18:01:27","guid":{"rendered":"https:\/\/dcobys.com\/services\/uncategorized\/last-mile-logistics-singapore-2\/"},"modified":"2026-01-30T21:35:57","modified_gmt":"2026-01-31T02:35:57","slug":"last-mile-logistics-singapore-2","status":"publish","type":"product","link":"https:\/\/dcobys.com\/es\/services\/misiones-comerciales\/retail-e-commerce\/logistica-de-ultima-milla\/last-mile-logistics-singapore-2\/","title":{"rendered":"Log\u00edstica de \u00faltima milla &#8211; Singapur"},"content":{"rendered":"<p>La Misi\u00f3n Comercial en Singapur destacada en la Log\u00edstica de \u00faltima milla permite explorar uno de los sistemas log\u00edsticos mejores posicionados en Asia, con infraestructura de primer nivel y pol\u00edticas orientadas a la innovaci\u00f3n. Singapur se caracteriza por su enfoque en automatizaci\u00f3n, transporte inteligente, distribuci\u00f3n urbana optimizada y uso intensivo de datos. Durante la misi\u00f3n se conocen tecnolog\u00edas aplicadas al parcel delivery, centros de micro-fulfillment, veh\u00edculos el\u00e9ctricos de reparto y modelos de log\u00edstica sostenible. Tambi\u00e9n se generan espacios de conexi\u00f3n con actores regionales que lideran la transformaci\u00f3n del comercio digital en el sudeste asi\u00e1tico.<br \/>\nFuentes: SITL Asia \/ Logistics Asia events<\/p>\n","protected":false},"excerpt":{"rendered":"<p>La Misi\u00f3n Comercial en Singapur destacada en la Log\u00edstica de \u00faltima milla permite explorar uno de los sistemas log\u00edsticos mejores posicionados en Asia, con infraestructura de primer nivel y pol\u00edticas orientadas a la innovaci\u00f3n. Singapur se caracteriza por su enfoque en automatizaci\u00f3n, transporte inteligente, distribuci\u00f3n urbana optimizada y uso intensivo de datos. Durante la misi\u00f3n [&hellip;]<\/p>\n","protected":false},"featured_media":7687,"template":"","meta":{"_acf_changed":false},"country":[947],"product_brand":[],"product_cat":[1036,893,1034],"product_tag":[924],"class_list":{"0":"post-6470","1":"product","2":"type-product","3":"status-publish","4":"has-post-thumbnail","6":"country-singapur","7":"product_cat-logistica-de-ultima-milla","8":"product_cat-misiones-comerciales","9":"product_cat-retail-e-commerce","10":"product_tag-misiones-comerciales","12":"first","13":"instock","14":"virtual","15":"product-type-simple"},"acf":[],"_links":{"self":[{"href":"https:\/\/dcobys.com\/es\/wp-json\/wp\/v2\/product\/6470","targetHints":{"allow":["GET"]}}],"collection":[{"href":"https:\/\/dcobys.com\/es\/wp-json\/wp\/v2\/product"}],"about":[{"href":"https:\/\/dcobys.com\/es\/wp-json\/wp\/v2\/types\/product"}],"version-history":[{"count":0,"href":"https:\/\/dcobys.com\/es\/wp-json\/wp\/v2\/product\/6470\/revisions"}],"wp:featuredmedia":[{"embeddable":true,"href":"https:\/\/dcobys.com\/es\/wp-json\/wp\/v2\/media\/7687"}],"wp:attachment":[{"href":"https:\/\/dcobys.com\/es\/wp-json\/wp\/v2\/media?parent=6470"}],"wp:term":[{"taxonomy":"country","embeddable":true,"href":"https:\/\/dcobys.com\/es\/wp-json\/wp\/v2\/country?post=6470"},{"taxonomy":"product_brand","embeddable":true,"href":"https:\/\/dcobys.com\/es\/wp-json\/wp\/v2\/product_brand?post=6470"},{"taxonomy":"product_cat","embeddable":true,"href":"https:\/\/dcobys.com\/es\/wp-json\/wp\/v2\/product_cat?post=6470"},{"taxonomy":"product_tag","embeddable":true,"href":"https:\/\/dcobys.com\/es\/wp-json\/wp\/v2\/product_tag?post=6470"}],"curies":[{"name":"wp","href":"https:\/\/api.w.org\/{rel}","templated":true}]}}