{"id":6468,"date":"2025-12-15T13:01:27","date_gmt":"2025-12-15T18:01:27","guid":{"rendered":"https:\/\/dcobys.com\/services\/uncategorized\/last-mile-logistics-mexico-2\/"},"modified":"2026-01-30T21:35:57","modified_gmt":"2026-01-31T02:35:57","slug":"last-mile-logistics-mexico-2","status":"publish","type":"product","link":"https:\/\/dcobys.com\/es\/services\/misiones-comerciales\/retail-e-commerce\/logistica-de-ultima-milla\/last-mile-logistics-mexico-2\/","title":{"rendered":"Log\u00edstica de \u00faltima milla &#8211; M\u00e9xico"},"content":{"rendered":"<p>La Misi\u00f3n Comercial en M\u00e9xico destacada en la Log\u00edstica de \u00faltima milla ofrece una visi\u00f3n del ecosistema log\u00edstico latinoamericano, marcado por la r\u00e1pida expansi\u00f3n del e-commerce y la necesidad de optimizar entregas urbanas. Durante la misi\u00f3n, se analizan estrategias de transporte, modelos de consolidaci\u00f3n, centros de distribuci\u00f3n regionales y nuevas tecnolog\u00edas que impulsan la eficiencia en \u00faltima milla. Se incluyen visitas a operadores, marketplaces y proveedores de soluciones log\u00edsticas que est\u00e1n transformando la distribuci\u00f3n en el pa\u00eds. Tambi\u00e9n se estudian pr\u00e1cticas para enfrentar retos como congesti\u00f3n urbana, tiempos de entrega y sostenibilidad. Esta misi\u00f3n es ideal para empresas que operan en mercados emergentes en expansi\u00f3n.<br \/>\nFuentes: Expo Transporte \/ Logistics fairs; eCommerce logistics tracks<\/p>\n","protected":false},"excerpt":{"rendered":"<p>La Misi\u00f3n Comercial en M\u00e9xico destacada en la Log\u00edstica de \u00faltima milla ofrece una visi\u00f3n del ecosistema log\u00edstico latinoamericano, marcado por la r\u00e1pida expansi\u00f3n del e-commerce y la necesidad de optimizar entregas urbanas. Durante la misi\u00f3n, se analizan estrategias de transporte, modelos de consolidaci\u00f3n, centros de distribuci\u00f3n regionales y nuevas tecnolog\u00edas que impulsan la eficiencia [&hellip;]<\/p>\n","protected":false},"featured_media":7687,"template":"","meta":{"_acf_changed":false},"country":[941],"product_brand":[],"product_cat":[1036,893,1034],"product_tag":[924],"class_list":{"0":"post-6468","1":"product","2":"type-product","3":"status-publish","4":"has-post-thumbnail","6":"country-mexico","7":"product_cat-logistica-de-ultima-milla","8":"product_cat-misiones-comerciales","9":"product_cat-retail-e-commerce","10":"product_tag-misiones-comerciales","12":"first","13":"instock","14":"virtual","15":"product-type-simple"},"acf":[],"_links":{"self":[{"href":"https:\/\/dcobys.com\/es\/wp-json\/wp\/v2\/product\/6468","targetHints":{"allow":["GET"]}}],"collection":[{"href":"https:\/\/dcobys.com\/es\/wp-json\/wp\/v2\/product"}],"about":[{"href":"https:\/\/dcobys.com\/es\/wp-json\/wp\/v2\/types\/product"}],"version-history":[{"count":0,"href":"https:\/\/dcobys.com\/es\/wp-json\/wp\/v2\/product\/6468\/revisions"}],"wp:featuredmedia":[{"embeddable":true,"href":"https:\/\/dcobys.com\/es\/wp-json\/wp\/v2\/media\/7687"}],"wp:attachment":[{"href":"https:\/\/dcobys.com\/es\/wp-json\/wp\/v2\/media?parent=6468"}],"wp:term":[{"taxonomy":"country","embeddable":true,"href":"https:\/\/dcobys.com\/es\/wp-json\/wp\/v2\/country?post=6468"},{"taxonomy":"product_brand","embeddable":true,"href":"https:\/\/dcobys.com\/es\/wp-json\/wp\/v2\/product_brand?post=6468"},{"taxonomy":"product_cat","embeddable":true,"href":"https:\/\/dcobys.com\/es\/wp-json\/wp\/v2\/product_cat?post=6468"},{"taxonomy":"product_tag","embeddable":true,"href":"https:\/\/dcobys.com\/es\/wp-json\/wp\/v2\/product_tag?post=6468"}],"curies":[{"name":"wp","href":"https:\/\/api.w.org\/{rel}","templated":true}]}}