{"id":6462,"date":"2025-12-15T13:01:27","date_gmt":"2025-12-15T18:01:27","guid":{"rendered":"https:\/\/dcobys.com\/services\/uncategorized\/last-mile-logistics-usa-2\/"},"modified":"2026-01-30T21:35:57","modified_gmt":"2026-01-31T02:35:57","slug":"last-mile-logistics-usa-2","status":"publish","type":"product","link":"https:\/\/dcobys.com\/es\/services\/misiones-comerciales\/retail-e-commerce\/logistica-de-ultima-milla\/last-mile-logistics-usa-2\/","title":{"rendered":"Log\u00edstica de \u00faltima milla &#8211; EE. UU."},"content":{"rendered":"<p>La Misi\u00f3n Comercial en Estados Unidos destacada en la Log\u00edstica de \u00faltima milla brinda acceso directo a tecnolog\u00edas y modelos operativos que lideran la distribuci\u00f3n urbana en Norteam\u00e9rica. Los participantes podr\u00e1n conocer procesos de clasificaci\u00f3n automatizada, rob\u00f3tica aplicada a fulfillment y soluciones de entrega r\u00e1pida utilizadas por los principales operadores log\u00edsticos del pa\u00eds. Asimismo, se revisan tendencias en parcel delivery, optimizaci\u00f3n de rutas, sostenibilidad, empaques inteligentes y modelos h\u00edbridos entre retailers y operadores 3PL. Las visitas a ferias especializadas permiten observar avances en automatizaci\u00f3n y equipamiento para centros de distribuci\u00f3n. La misi\u00f3n ofrece una visi\u00f3n completa del futuro del transporte de paquetes y e-commerce en mercados de gran escala.<br \/>\nFuentes: Parcel+Post Expo; ProMat\/Modex (Atlanta)<\/p>\n","protected":false},"excerpt":{"rendered":"<p>La Misi\u00f3n Comercial en Estados Unidos destacada en la Log\u00edstica de \u00faltima milla brinda acceso directo a tecnolog\u00edas y modelos operativos que lideran la distribuci\u00f3n urbana en Norteam\u00e9rica. Los participantes podr\u00e1n conocer procesos de clasificaci\u00f3n automatizada, rob\u00f3tica aplicada a fulfillment y soluciones de entrega r\u00e1pida utilizadas por los principales operadores log\u00edsticos del pa\u00eds. Asimismo, se [&hellip;]<\/p>\n","protected":false},"featured_media":7687,"template":"","meta":{"_acf_changed":false},"country":[954],"product_brand":[],"product_cat":[1036,893,1034],"product_tag":[924],"class_list":{"0":"post-6462","1":"product","2":"type-product","3":"status-publish","4":"has-post-thumbnail","6":"country-ee-uu","7":"product_cat-logistica-de-ultima-milla","8":"product_cat-misiones-comerciales","9":"product_cat-retail-e-commerce","10":"product_tag-misiones-comerciales","12":"first","13":"instock","14":"virtual","15":"product-type-simple"},"acf":[],"_links":{"self":[{"href":"https:\/\/dcobys.com\/es\/wp-json\/wp\/v2\/product\/6462","targetHints":{"allow":["GET"]}}],"collection":[{"href":"https:\/\/dcobys.com\/es\/wp-json\/wp\/v2\/product"}],"about":[{"href":"https:\/\/dcobys.com\/es\/wp-json\/wp\/v2\/types\/product"}],"version-history":[{"count":0,"href":"https:\/\/dcobys.com\/es\/wp-json\/wp\/v2\/product\/6462\/revisions"}],"wp:featuredmedia":[{"embeddable":true,"href":"https:\/\/dcobys.com\/es\/wp-json\/wp\/v2\/media\/7687"}],"wp:attachment":[{"href":"https:\/\/dcobys.com\/es\/wp-json\/wp\/v2\/media?parent=6462"}],"wp:term":[{"taxonomy":"country","embeddable":true,"href":"https:\/\/dcobys.com\/es\/wp-json\/wp\/v2\/country?post=6462"},{"taxonomy":"product_brand","embeddable":true,"href":"https:\/\/dcobys.com\/es\/wp-json\/wp\/v2\/product_brand?post=6462"},{"taxonomy":"product_cat","embeddable":true,"href":"https:\/\/dcobys.com\/es\/wp-json\/wp\/v2\/product_cat?post=6462"},{"taxonomy":"product_tag","embeddable":true,"href":"https:\/\/dcobys.com\/es\/wp-json\/wp\/v2\/product_tag?post=6462"}],"curies":[{"name":"wp","href":"https:\/\/api.w.org\/{rel}","templated":true}]}}