{"id":6456,"date":"2025-12-15T13:01:27","date_gmt":"2025-12-15T18:01:27","guid":{"rendered":"https:\/\/dcobys.com\/services\/uncategorized\/omnichannel-mexico-2\/"},"modified":"2026-01-30T21:35:56","modified_gmt":"2026-01-31T02:35:56","slug":"omnichannel-mexico-2","status":"publish","type":"product","link":"https:\/\/dcobys.com\/es\/services\/misiones-comerciales\/retail-e-commerce\/omnicanalidad\/omnichannel-mexico-2\/","title":{"rendered":"Omnicanalidad &#8211; M\u00e9xico"},"content":{"rendered":"<p>La Misi\u00f3n Comercial en M\u00e9xico destacada en la Omnicanalidad permite comprender c\u00f3mo las empresas latinoamericanas est\u00e1n acelerando su transformaci\u00f3n para integrar canales f\u00edsicos y digitales bajo una experiencia cohesiva. La misi\u00f3n expone buenas pr\u00e1cticas en comercio electr\u00f3nico, retail tradicional, marketplaces y modelos h\u00edbridos que impulsan el crecimiento en la regi\u00f3n. Los participantes podr\u00e1n observar procesos log\u00edsticos adaptados al mercado mexicano, as\u00ed como nuevas tendencias en pagos, marketing digital y operaci\u00f3n omnicanal. Tambi\u00e9n se incluyen espacios de relacionamiento con referentes del ecosistema retail local. La misi\u00f3n es \u00fatil para organizaciones que deseen expandirse o fortalecer presencia en Latinoam\u00e9rica.<br \/>\nFuentes: eCommerce Day M\u00e9xico; Expo ANTAD (retail)<\/p>\n","protected":false},"excerpt":{"rendered":"<p>La Misi\u00f3n Comercial en M\u00e9xico destacada en la Omnicanalidad permite comprender c\u00f3mo las empresas latinoamericanas est\u00e1n acelerando su transformaci\u00f3n para integrar canales f\u00edsicos y digitales bajo una experiencia cohesiva. La misi\u00f3n expone buenas pr\u00e1cticas en comercio electr\u00f3nico, retail tradicional, marketplaces y modelos h\u00edbridos que impulsan el crecimiento en la regi\u00f3n. Los participantes podr\u00e1n observar procesos [&hellip;]<\/p>\n","protected":false},"featured_media":7680,"template":"","meta":{"_acf_changed":false},"country":[941],"product_brand":[],"product_cat":[893,1035,1034],"product_tag":[924],"class_list":{"0":"post-6456","1":"product","2":"type-product","3":"status-publish","4":"has-post-thumbnail","6":"country-mexico","7":"product_cat-misiones-comerciales","8":"product_cat-omnicanalidad","9":"product_cat-retail-e-commerce","10":"product_tag-misiones-comerciales","12":"first","13":"instock","14":"virtual","15":"product-type-simple"},"acf":[],"_links":{"self":[{"href":"https:\/\/dcobys.com\/es\/wp-json\/wp\/v2\/product\/6456","targetHints":{"allow":["GET"]}}],"collection":[{"href":"https:\/\/dcobys.com\/es\/wp-json\/wp\/v2\/product"}],"about":[{"href":"https:\/\/dcobys.com\/es\/wp-json\/wp\/v2\/types\/product"}],"version-history":[{"count":0,"href":"https:\/\/dcobys.com\/es\/wp-json\/wp\/v2\/product\/6456\/revisions"}],"wp:featuredmedia":[{"embeddable":true,"href":"https:\/\/dcobys.com\/es\/wp-json\/wp\/v2\/media\/7680"}],"wp:attachment":[{"href":"https:\/\/dcobys.com\/es\/wp-json\/wp\/v2\/media?parent=6456"}],"wp:term":[{"taxonomy":"country","embeddable":true,"href":"https:\/\/dcobys.com\/es\/wp-json\/wp\/v2\/country?post=6456"},{"taxonomy":"product_brand","embeddable":true,"href":"https:\/\/dcobys.com\/es\/wp-json\/wp\/v2\/product_brand?post=6456"},{"taxonomy":"product_cat","embeddable":true,"href":"https:\/\/dcobys.com\/es\/wp-json\/wp\/v2\/product_cat?post=6456"},{"taxonomy":"product_tag","embeddable":true,"href":"https:\/\/dcobys.com\/es\/wp-json\/wp\/v2\/product_tag?post=6456"}],"curies":[{"name":"wp","href":"https:\/\/api.w.org\/{rel}","templated":true}]}}