{"id":6454,"date":"2025-12-15T13:01:27","date_gmt":"2025-12-15T18:01:27","guid":{"rendered":"https:\/\/dcobys.com\/services\/uncategorized\/omnichannel-uk-2\/"},"modified":"2026-01-30T21:35:56","modified_gmt":"2026-01-31T02:35:56","slug":"omnichannel-uk-2","status":"publish","type":"product","link":"https:\/\/dcobys.com\/es\/services\/misiones-comerciales\/retail-e-commerce\/omnicanalidad\/omnichannel-uk-2\/","title":{"rendered":"Omnicanalidad &#8211; Reino Unido"},"content":{"rendered":"<p>La Misi\u00f3n Comercial en Reino Unido destacada en la Omnicanalidad ofrece una visi\u00f3n integral del mercado europeo que ha desarrollado modelos avanzados de integraci\u00f3n entre retail, log\u00edstica y experiencia digital. El programa permite conocer iniciativas impulsadas por las principales cadenas brit\u00e1nicas que han transformado la forma de interactuar con los consumidores mediante estrategias channel-agnostic. Se exploran tendencias en comercio electr\u00f3nico, retail f\u00edsico inteligente, digitalizaci\u00f3n en tiendas y optimizaci\u00f3n del fulfillment urbano. La misi\u00f3n incluye sesiones con expertos, an\u00e1lisis de casos de \u00e9xito, visitas a tiendas tecnol\u00f3gicas y networking con l\u00edderes del sector. Este recorrido facilita la comprensi\u00f3n de un mercado sofisticado y competitivo.<br \/>\nFuentes: eCommerce Expo; Retail Week summits<\/p>\n","protected":false},"excerpt":{"rendered":"<p>La Misi\u00f3n Comercial en Reino Unido destacada en la Omnicanalidad ofrece una visi\u00f3n integral del mercado europeo que ha desarrollado modelos avanzados de integraci\u00f3n entre retail, log\u00edstica y experiencia digital. El programa permite conocer iniciativas impulsadas por las principales cadenas brit\u00e1nicas que han transformado la forma de interactuar con los consumidores mediante estrategias channel-agnostic. Se [&hellip;]<\/p>\n","protected":false},"featured_media":7680,"template":"","meta":{"_acf_changed":false},"country":[955],"product_brand":[],"product_cat":[893,1035,1034],"product_tag":[924],"class_list":{"0":"post-6454","1":"product","2":"type-product","3":"status-publish","4":"has-post-thumbnail","6":"country-reino-unido","7":"product_cat-misiones-comerciales","8":"product_cat-omnicanalidad","9":"product_cat-retail-e-commerce","10":"product_tag-misiones-comerciales","12":"first","13":"instock","14":"virtual","15":"product-type-simple"},"acf":[],"_links":{"self":[{"href":"https:\/\/dcobys.com\/es\/wp-json\/wp\/v2\/product\/6454","targetHints":{"allow":["GET"]}}],"collection":[{"href":"https:\/\/dcobys.com\/es\/wp-json\/wp\/v2\/product"}],"about":[{"href":"https:\/\/dcobys.com\/es\/wp-json\/wp\/v2\/types\/product"}],"version-history":[{"count":0,"href":"https:\/\/dcobys.com\/es\/wp-json\/wp\/v2\/product\/6454\/revisions"}],"wp:featuredmedia":[{"embeddable":true,"href":"https:\/\/dcobys.com\/es\/wp-json\/wp\/v2\/media\/7680"}],"wp:attachment":[{"href":"https:\/\/dcobys.com\/es\/wp-json\/wp\/v2\/media?parent=6454"}],"wp:term":[{"taxonomy":"country","embeddable":true,"href":"https:\/\/dcobys.com\/es\/wp-json\/wp\/v2\/country?post=6454"},{"taxonomy":"product_brand","embeddable":true,"href":"https:\/\/dcobys.com\/es\/wp-json\/wp\/v2\/product_brand?post=6454"},{"taxonomy":"product_cat","embeddable":true,"href":"https:\/\/dcobys.com\/es\/wp-json\/wp\/v2\/product_cat?post=6454"},{"taxonomy":"product_tag","embeddable":true,"href":"https:\/\/dcobys.com\/es\/wp-json\/wp\/v2\/product_tag?post=6454"}],"curies":[{"name":"wp","href":"https:\/\/api.w.org\/{rel}","templated":true}]}}