{"id":6450,"date":"2025-12-15T13:01:27","date_gmt":"2025-12-15T18:01:27","guid":{"rendered":"https:\/\/dcobys.com\/services\/uncategorized\/omnichannel-usa-2\/"},"modified":"2026-01-30T21:35:56","modified_gmt":"2026-01-31T02:35:56","slug":"omnichannel-usa-2","status":"publish","type":"product","link":"https:\/\/dcobys.com\/es\/services\/misiones-comerciales\/retail-e-commerce\/omnicanalidad\/omnichannel-usa-2\/","title":{"rendered":"Omnicanalidad &#8211; EE. UU."},"content":{"rendered":"<p> La Misi\u00f3n Comercial en Estados Unidos destacada en la Omnicanalidad permite conocer c\u00f3mo las principales marcas globales dise\u00f1an experiencias consistentes a trav\u00e9s de m\u00faltiples puntos de contacto, potenciadas por anal\u00edtica avanzada y tecnolog\u00edas emergentes. La agenda conecta a los participantes con expertos que han construido los modelos m\u00e1s influyentes del retail moderno, incorporando personalizaci\u00f3n, automatizaci\u00f3n y estrategias omnicanal a escala. Se exploran innovaciones en experiencia de cliente, digital shelf, unificaci\u00f3n de canales, fulfillment inteligente y tendencias de comportamiento del consumidor norteamericano. Tambi\u00e9n se analizan metodolog\u00edas de operaci\u00f3n utilizadas por retailers l\u00edderes y startups disruptivas. La misi\u00f3n permite observar buenas pr\u00e1cticas aplicadas en tiendas f\u00edsicas, comercio electr\u00f3nico y plataformas h\u00edbridas.<br \/>\nFuentes: Shoptalk (Las Vegas\/US wide); NRF Big Show (NYC)<\/p>\n","protected":false},"excerpt":{"rendered":"<p>La Misi\u00f3n Comercial en Estados Unidos destacada en la Omnicanalidad permite conocer c\u00f3mo las principales marcas globales dise\u00f1an experiencias consistentes a trav\u00e9s de m\u00faltiples puntos de contacto, potenciadas por anal\u00edtica avanzada y tecnolog\u00edas emergentes. La agenda conecta a los participantes con expertos que han construido los modelos m\u00e1s influyentes del retail moderno, incorporando personalizaci\u00f3n, automatizaci\u00f3n [&hellip;]<\/p>\n","protected":false},"featured_media":7680,"template":"","meta":{"_acf_changed":false},"country":[954],"product_brand":[],"product_cat":[893,1035,1034],"product_tag":[924],"class_list":{"0":"post-6450","1":"product","2":"type-product","3":"status-publish","4":"has-post-thumbnail","6":"country-ee-uu","7":"product_cat-misiones-comerciales","8":"product_cat-omnicanalidad","9":"product_cat-retail-e-commerce","10":"product_tag-misiones-comerciales","12":"first","13":"instock","14":"virtual","15":"product-type-simple"},"acf":[],"_links":{"self":[{"href":"https:\/\/dcobys.com\/es\/wp-json\/wp\/v2\/product\/6450","targetHints":{"allow":["GET"]}}],"collection":[{"href":"https:\/\/dcobys.com\/es\/wp-json\/wp\/v2\/product"}],"about":[{"href":"https:\/\/dcobys.com\/es\/wp-json\/wp\/v2\/types\/product"}],"version-history":[{"count":0,"href":"https:\/\/dcobys.com\/es\/wp-json\/wp\/v2\/product\/6450\/revisions"}],"wp:featuredmedia":[{"embeddable":true,"href":"https:\/\/dcobys.com\/es\/wp-json\/wp\/v2\/media\/7680"}],"wp:attachment":[{"href":"https:\/\/dcobys.com\/es\/wp-json\/wp\/v2\/media?parent=6450"}],"wp:term":[{"taxonomy":"country","embeddable":true,"href":"https:\/\/dcobys.com\/es\/wp-json\/wp\/v2\/country?post=6450"},{"taxonomy":"product_brand","embeddable":true,"href":"https:\/\/dcobys.com\/es\/wp-json\/wp\/v2\/product_brand?post=6450"},{"taxonomy":"product_cat","embeddable":true,"href":"https:\/\/dcobys.com\/es\/wp-json\/wp\/v2\/product_cat?post=6450"},{"taxonomy":"product_tag","embeddable":true,"href":"https:\/\/dcobys.com\/es\/wp-json\/wp\/v2\/product_tag?post=6450"}],"curies":[{"name":"wp","href":"https:\/\/api.w.org\/{rel}","templated":true}]}}