{"id":6446,"date":"2025-12-15T13:01:27","date_gmt":"2025-12-15T18:01:27","guid":{"rendered":"https:\/\/dcobys.com\/services\/uncategorized\/green-production-poland-2\/"},"modified":"2026-01-30T21:35:56","modified_gmt":"2026-01-31T02:35:56","slug":"green-production-poland-2","status":"publish","type":"product","link":"https:\/\/dcobys.com\/es\/services\/misiones-comerciales\/manufactura\/produccion-verde\/green-production-poland-2\/","title":{"rendered":"Producci\u00f3n verde &#8211; Polonia"},"content":{"rendered":"<p>La Misi\u00f3n Comercial en Polonia destacada en Producci\u00f3n verde ofrece acceso a un mercado europeo emergente en soluciones de manufactura ecol\u00f3gica y tecnolog\u00edas verdes. Su objetivo es conectar a empresas con proveedores locales, innovadores y actores del desarrollo sostenible en Europa central. En Katowice, los participantes visitar\u00e1n ferias como Ekotech y otros eventos regionales centrados en manufactura verde y tecnolog\u00edas limpias. La agenda incluye encuentros con empresas locales, centros de investigaci\u00f3n y autoridades que promueven la econom\u00eda circular. Los asistentes podr\u00e1n explorar tecnolog\u00edas para eficiencia energ\u00e9tica, reciclaje industrial y reducci\u00f3n de emisiones. Al finalizar, contar\u00e1n con una estrategia para implementar procesos sostenibles con impacto positivo tanto ambiental como comercial.<br \/>\nFuentes: Ekotech Polen; ferias verdes regionales en Polonia.<\/p>\n","protected":false},"excerpt":{"rendered":"<p>La Misi\u00f3n Comercial en Polonia destacada en Producci\u00f3n verde ofrece acceso a un mercado europeo emergente en soluciones de manufactura ecol\u00f3gica y tecnolog\u00edas verdes. Su objetivo es conectar a empresas con proveedores locales, innovadores y actores del desarrollo sostenible en Europa central. En Katowice, los participantes visitar\u00e1n ferias como Ekotech y otros eventos regionales centrados [&hellip;]<\/p>\n","protected":false},"featured_media":7636,"template":"","meta":{"_acf_changed":false},"country":[944],"product_brand":[],"product_cat":[1020,893,1025],"product_tag":[924],"class_list":{"0":"post-6446","1":"product","2":"type-product","3":"status-publish","4":"has-post-thumbnail","6":"country-polonia","7":"product_cat-manufactura","8":"product_cat-misiones-comerciales","9":"product_cat-produccion-verde","10":"product_tag-misiones-comerciales","12":"first","13":"instock","14":"virtual","15":"product-type-simple"},"acf":[],"_links":{"self":[{"href":"https:\/\/dcobys.com\/es\/wp-json\/wp\/v2\/product\/6446","targetHints":{"allow":["GET"]}}],"collection":[{"href":"https:\/\/dcobys.com\/es\/wp-json\/wp\/v2\/product"}],"about":[{"href":"https:\/\/dcobys.com\/es\/wp-json\/wp\/v2\/types\/product"}],"version-history":[{"count":0,"href":"https:\/\/dcobys.com\/es\/wp-json\/wp\/v2\/product\/6446\/revisions"}],"wp:featuredmedia":[{"embeddable":true,"href":"https:\/\/dcobys.com\/es\/wp-json\/wp\/v2\/media\/7636"}],"wp:attachment":[{"href":"https:\/\/dcobys.com\/es\/wp-json\/wp\/v2\/media?parent=6446"}],"wp:term":[{"taxonomy":"country","embeddable":true,"href":"https:\/\/dcobys.com\/es\/wp-json\/wp\/v2\/country?post=6446"},{"taxonomy":"product_brand","embeddable":true,"href":"https:\/\/dcobys.com\/es\/wp-json\/wp\/v2\/product_brand?post=6446"},{"taxonomy":"product_cat","embeddable":true,"href":"https:\/\/dcobys.com\/es\/wp-json\/wp\/v2\/product_cat?post=6446"},{"taxonomy":"product_tag","embeddable":true,"href":"https:\/\/dcobys.com\/es\/wp-json\/wp\/v2\/product_tag?post=6446"}],"curies":[{"name":"wp","href":"https:\/\/api.w.org\/{rel}","templated":true}]}}