{"id":6444,"date":"2025-12-15T13:01:27","date_gmt":"2025-12-15T18:01:27","guid":{"rendered":"https:\/\/dcobys.com\/services\/uncategorized\/green-production-mexico-2\/"},"modified":"2026-01-30T21:35:56","modified_gmt":"2026-01-31T02:35:56","slug":"green-production-mexico-2","status":"publish","type":"product","link":"https:\/\/dcobys.com\/es\/services\/misiones-comerciales\/manufactura\/produccion-verde\/green-production-mexico-2\/","title":{"rendered":"Producci\u00f3n verde &#8211; M\u00e9xico"},"content":{"rendered":"<p>La Misi\u00f3n Comercial en M\u00e9xico destacada en Producci\u00f3n verde conecta a empresas con un pa\u00eds con fuerte potencial para la transici\u00f3n ecol\u00f3gica en la industria manufacturera. Su objetivo es facilitar el acceso a soluciones de eficiencia energ\u00e9tica, tecnolog\u00edas limpias y procesos renovables. En Monterrey, los participantes podr\u00e1n visitar foros verdes dentro de Expo Manufactura y meetups especializados en eficiencia energ\u00e9tica y producci\u00f3n sustentable. Se realizar\u00e1n reuniones con proveedores mexicanos de tecnolog\u00edas verdes, consultores en sostenibilidad y clusters industriales. La misi\u00f3n brinda una oportunidad para identificar pr\u00e1cticas escalables y alianzas estrat\u00e9gicas que permitan reducir costos y emisiones. Al finalizar, los asistentes contar\u00e1n con un plan para integrar producci\u00f3n verde en sus operaciones latinoamericanas.<br \/>\nFuentes: Expo Manufactura (\u201cgreen tracks\u201d); ferias de eficiencia energ\u00e9tica en M\u00e9xico.<\/p>\n","protected":false},"excerpt":{"rendered":"<p>La Misi\u00f3n Comercial en M\u00e9xico destacada en Producci\u00f3n verde conecta a empresas con un pa\u00eds con fuerte potencial para la transici\u00f3n ecol\u00f3gica en la industria manufacturera. Su objetivo es facilitar el acceso a soluciones de eficiencia energ\u00e9tica, tecnolog\u00edas limpias y procesos renovables. En Monterrey, los participantes podr\u00e1n visitar foros verdes dentro de Expo Manufactura y [&hellip;]<\/p>\n","protected":false},"featured_media":7636,"template":"","meta":{"_acf_changed":false},"country":[941],"product_brand":[],"product_cat":[1020,893,1025],"product_tag":[924],"class_list":{"0":"post-6444","1":"product","2":"type-product","3":"status-publish","4":"has-post-thumbnail","6":"country-mexico","7":"product_cat-manufactura","8":"product_cat-misiones-comerciales","9":"product_cat-produccion-verde","10":"product_tag-misiones-comerciales","12":"first","13":"instock","14":"virtual","15":"product-type-simple"},"acf":[],"_links":{"self":[{"href":"https:\/\/dcobys.com\/es\/wp-json\/wp\/v2\/product\/6444","targetHints":{"allow":["GET"]}}],"collection":[{"href":"https:\/\/dcobys.com\/es\/wp-json\/wp\/v2\/product"}],"about":[{"href":"https:\/\/dcobys.com\/es\/wp-json\/wp\/v2\/types\/product"}],"version-history":[{"count":0,"href":"https:\/\/dcobys.com\/es\/wp-json\/wp\/v2\/product\/6444\/revisions"}],"wp:featuredmedia":[{"embeddable":true,"href":"https:\/\/dcobys.com\/es\/wp-json\/wp\/v2\/media\/7636"}],"wp:attachment":[{"href":"https:\/\/dcobys.com\/es\/wp-json\/wp\/v2\/media?parent=6444"}],"wp:term":[{"taxonomy":"country","embeddable":true,"href":"https:\/\/dcobys.com\/es\/wp-json\/wp\/v2\/country?post=6444"},{"taxonomy":"product_brand","embeddable":true,"href":"https:\/\/dcobys.com\/es\/wp-json\/wp\/v2\/product_brand?post=6444"},{"taxonomy":"product_cat","embeddable":true,"href":"https:\/\/dcobys.com\/es\/wp-json\/wp\/v2\/product_cat?post=6444"},{"taxonomy":"product_tag","embeddable":true,"href":"https:\/\/dcobys.com\/es\/wp-json\/wp\/v2\/product_tag?post=6444"}],"curies":[{"name":"wp","href":"https:\/\/api.w.org\/{rel}","templated":true}]}}