{"id":6440,"date":"2025-12-15T13:01:27","date_gmt":"2025-12-15T18:01:27","guid":{"rendered":"https:\/\/dcobys.com\/services\/uncategorized\/green-production-usa-2\/"},"modified":"2026-01-30T21:35:56","modified_gmt":"2026-01-31T02:35:56","slug":"green-production-usa-2","status":"publish","type":"product","link":"https:\/\/dcobys.com\/es\/services\/misiones-comerciales\/manufactura\/produccion-verde\/green-production-usa-2\/","title":{"rendered":"Producci\u00f3n verde &#8211; EE. UU."},"content":{"rendered":"<p>La Misi\u00f3n Comercial en EE. UU. destacada en Producci\u00f3n verde ofrece una inmersi\u00f3n en el ecosistema de manufactura avanzada y sostenible m\u00e1s poderoso del mundo. Su objetivo es conectar a empresas con l\u00edderes en innovaci\u00f3n ecol\u00f3gica, energ\u00edas limpias y procesos de fabricaci\u00f3n con baja huella de carbono. En Detroit, un centro hist\u00f3rico de manufactura, los participantes asistir\u00e1n a cumbres de \u201cadvanced manufacturing\u201d y \u201csustainable manufacturing\u201d que promueven la transformaci\u00f3n industrial verde. La agenda combina sesiones en ferias, laboratorios industriales y encuentros con empresas que ya est\u00e1n implementando pr\u00e1cticas circulares, eficiencia energ\u00e9tica y procesos verdes. Esta misi\u00f3n posibilita el aprendizaje de modelos replicables, alianzas estrat\u00e9gicas y acceso a tecnolog\u00edas clave para la descarbonizaci\u00f3n industrial. Al finalizar, los asistentes contar\u00e1n con una visi\u00f3n clara para adaptar soluciones verdes a sus operaciones.<br \/>\nFuentes: Informe sobre summit de innovaci\u00f3n en Detroit se\u00f1ala v\u00ednculo con manufactura avanzada<\/p>\n","protected":false},"excerpt":{"rendered":"<p>La Misi\u00f3n Comercial en EE. UU. destacada en Producci\u00f3n verde ofrece una inmersi\u00f3n en el ecosistema de manufactura avanzada y sostenible m\u00e1s poderoso del mundo. Su objetivo es conectar a empresas con l\u00edderes en innovaci\u00f3n ecol\u00f3gica, energ\u00edas limpias y procesos de fabricaci\u00f3n con baja huella de carbono. En Detroit, un centro hist\u00f3rico de manufactura, los [&hellip;]<\/p>\n","protected":false},"featured_media":7636,"template":"","meta":{"_acf_changed":false},"country":[954],"product_brand":[],"product_cat":[1020,893,1025],"product_tag":[924],"class_list":{"0":"post-6440","1":"product","2":"type-product","3":"status-publish","4":"has-post-thumbnail","6":"country-ee-uu","7":"product_cat-manufactura","8":"product_cat-misiones-comerciales","9":"product_cat-produccion-verde","10":"product_tag-misiones-comerciales","12":"first","13":"instock","14":"virtual","15":"product-type-simple"},"acf":[],"_links":{"self":[{"href":"https:\/\/dcobys.com\/es\/wp-json\/wp\/v2\/product\/6440","targetHints":{"allow":["GET"]}}],"collection":[{"href":"https:\/\/dcobys.com\/es\/wp-json\/wp\/v2\/product"}],"about":[{"href":"https:\/\/dcobys.com\/es\/wp-json\/wp\/v2\/types\/product"}],"version-history":[{"count":0,"href":"https:\/\/dcobys.com\/es\/wp-json\/wp\/v2\/product\/6440\/revisions"}],"wp:featuredmedia":[{"embeddable":true,"href":"https:\/\/dcobys.com\/es\/wp-json\/wp\/v2\/media\/7636"}],"wp:attachment":[{"href":"https:\/\/dcobys.com\/es\/wp-json\/wp\/v2\/media?parent=6440"}],"wp:term":[{"taxonomy":"country","embeddable":true,"href":"https:\/\/dcobys.com\/es\/wp-json\/wp\/v2\/country?post=6440"},{"taxonomy":"product_brand","embeddable":true,"href":"https:\/\/dcobys.com\/es\/wp-json\/wp\/v2\/product_brand?post=6440"},{"taxonomy":"product_cat","embeddable":true,"href":"https:\/\/dcobys.com\/es\/wp-json\/wp\/v2\/product_cat?post=6440"},{"taxonomy":"product_tag","embeddable":true,"href":"https:\/\/dcobys.com\/es\/wp-json\/wp\/v2\/product_tag?post=6440"}],"curies":[{"name":"wp","href":"https:\/\/api.w.org\/{rel}","templated":true}]}}